{"id":1023,"date":"2026-01-04T19:51:03","date_gmt":"2026-01-04T19:51:03","guid":{"rendered":"https:\/\/nen.kmkoncept.fr\/?post_type=product&#038;p=1023"},"modified":"2026-04-28T07:30:57","modified_gmt":"2026-04-28T07:30:57","slug":"tube-alu-6060t5-brut","status":"publish","type":"product","link":"https:\/\/www.nenuphar.com\/en\/shop\/navigation\/mats\/tubes-alu\/tube-alu-6060t5-brut\/","title":{"rendered":"ALUMINIUM TUBE NON ANODISED 6060T5 20 X 2MM BY M"},"content":{"rendered":"<p>Choisissez votre dimension ci-dessous.<\/p>\n<p>ATTENTION: en cas d&rsquo;achat de tube d&rsquo;une longueur sup\u00e9rieure \u00e0 3m, des frais de port suppl\u00e9mentaires seront syst\u00e9matiquement factur\u00e9s, m\u00eame en cas de code \u00ab\u00a0franco\u00a0\u00bb.<\/p>\n<p>Si la longueur en 1 seul morceau d\u00e9passe 4 ml, un suppl\u00e9ment \u00e0 calculer en fonction de la destination sera \u00e0 pr\u00e9voir.<\/p>\n<p>Lorsque vous passez commande, indiquez la\u00a0<strong>longueur d\u00e9sir\u00e9e<\/strong>\u00a0pour un tube dans le champs texte puis le\u00a0<strong>nombre de m\u00e8tre lin\u00e9aire<\/strong>\u00a0correspondant dans le champs quantit\u00e9.<\/p>\n<p>Si vous d\u00e9sirez plusieurs tubes de la\u00a0<strong>m\u00eame longueur<\/strong>, modifiez la quantit\u00e9 en fonction, exemples : vous souhaitez 2 tubes de 255cm cela donne 6 m\u00e8tres linaires ; deux tubes de 250 cm, vous indiquez 5 m\u00e8tres linaires .<\/p>\n<p>Comptez 4 \u00e0 5 jours ouvrables pour la mise en livraison.<\/p>\n<p>Certains diam\u00e8tres sont disponibles seulement jusqu&rsquo;\u00e0 \u00e9puisement du stock (diam\u00e8tres 57 et 80 mm). Renseignez-vous sur les quantit\u00e9s disponibles avant de passer commande.<\/p>","protected":false},"excerpt":{"rendered":"<p>Choisissez votre dimension ci-dessous. ATTENTION: en cas d&rsquo;achat de tube d&rsquo;une longueur sup\u00e9rieure \u00e0 3m, des frais de port suppl\u00e9mentaires seront syst\u00e9matiquement factur\u00e9s, m\u00eame en cas de code \u00ab\u00a0franco\u00a0\u00bb. Si la longueur en 1 seul morceau d\u00e9passe 4 ml, un suppl\u00e9ment \u00e0 calculer en fonction de la destination sera \u00e0 pr\u00e9voir. Lorsque vous passez commande, [&hellip;]<\/p>\n","protected":false},"featured_media":0,"template":"","meta":{"_acf_changed":false,"_uag_custom_page_level_css":""},"product_brand":[430],"product_cat":[72],"product_tag":[],"class_list":{"0":"post-1023","1":"product","2":"type-product","3":"status-publish","5":"product_brand-nenuphar","6":"product_cat-tubes-alu","7":"product_shipping_class-schenker","9":"first","10":"instock","11":"taxable","12":"shipping-taxable","13":"purchasable","14":"product-type-variable"},"acf":[],"aioseo_notices":[],"uagb_featured_image_src":{"full":false,"thumbnail":false,"medium":false,"medium_large":false,"large":false,"1536x1536":false,"2048x2048":false,"trp-custom-language-flag":false,"woocommerce_thumbnail":false,"woocommerce_single":false,"woocommerce_gallery_thumbnail":false},"uagb_author_info":{"display_name":"Karine","author_link":"https:\/\/www.nenuphar.com\/en\/author\/"},"uagb_comment_info":0,"uagb_excerpt":"Choisissez votre dimension ci-dessous. ATTENTION: en cas d&rsquo;achat de tube d&rsquo;une longueur sup\u00e9rieure \u00e0 3m, des frais de port suppl\u00e9mentaires seront syst\u00e9matiquement factur\u00e9s, m\u00eame en cas de code \u00ab\u00a0franco\u00a0\u00bb. Si la longueur en 1 seul morceau d\u00e9passe 4 ml, un suppl\u00e9ment \u00e0 calculer en fonction de la destination sera \u00e0 pr\u00e9voir. Lorsque vous passez commande,&hellip;","_links":{"self":[{"href":"https:\/\/www.nenuphar.com\/en\/wp-json\/wp\/v2\/product\/1023","targetHints":{"allow":["GET"]}}],"collection":[{"href":"https:\/\/www.nenuphar.com\/en\/wp-json\/wp\/v2\/product"}],"about":[{"href":"https:\/\/www.nenuphar.com\/en\/wp-json\/wp\/v2\/types\/product"}],"wp:attachment":[{"href":"https:\/\/www.nenuphar.com\/en\/wp-json\/wp\/v2\/media?parent=1023"}],"wp:term":[{"taxonomy":"product_brand","embeddable":true,"href":"https:\/\/www.nenuphar.com\/en\/wp-json\/wp\/v2\/product_brand?post=1023"},{"taxonomy":"product_cat","embeddable":true,"href":"https:\/\/www.nenuphar.com\/en\/wp-json\/wp\/v2\/product_cat?post=1023"},{"taxonomy":"product_tag","embeddable":true,"href":"https:\/\/www.nenuphar.com\/en\/wp-json\/wp\/v2\/product_tag?post=1023"}],"curies":[{"name":"wp","href":"https:\/\/api.w.org\/{rel}","templated":true}]}}