{"id":1025,"date":"2026-01-04T19:51:03","date_gmt":"2026-01-04T19:51:03","guid":{"rendered":"https:\/\/nen.kmkoncept.fr\/?post_type=product&#038;p=1025"},"modified":"2026-04-28T07:30:33","modified_gmt":"2026-04-28T07:30:33","slug":"tube-alu-oval-34-x-26-x-1-25-mm-le-m","status":"publish","type":"product","link":"https:\/\/www.nenuphar.com\/en\/shop\/navigation\/mats\/tubes-alu\/tube-alu-oval-34-x-26-x-1-25-mm-le-m\/","title":{"rendered":"OVALE ALUMINIUM TUBE 34 X 26  1.25MM BY M"},"content":{"rendered":"<p>Lorsque vous passez commande, indiquez la\u00a0<strong>longueur d\u00e9sir\u00e9e<\/strong>\u00a0pour un tube dans le champs texte puis le\u00a0<strong>nombre de m\u00e8tre lin\u00e9aire<\/strong>\u00a0correspondant dans le champs quantit\u00e9.<\/p>\n<\/p>\n<p>Si vous d\u00e9sirez plusieurs tubes de la\u00a0<strong>m\u00eame longueur<\/strong>, modifiez la quantit\u00e9 en fonction, exemples : vous souhaitez 2 tubes de 255cm cela donne 6 m\u00e8tres linaires ; deux tubes de 250 cm, vous indiquez 5 m\u00e8tres linaires .<\/p>","protected":false},"excerpt":{"rendered":"<p>Lorsque vous passez commande, indiquez la\u00a0longueur d\u00e9sir\u00e9e\u00a0pour un tube dans le champs texte puis le\u00a0nombre de m\u00e8tre lin\u00e9aire\u00a0correspondant dans le champs quantit\u00e9. Si vous d\u00e9sirez plusieurs tubes de la\u00a0m\u00eame longueur, modifiez la quantit\u00e9 en fonction, exemples : vous souhaitez 2 tubes de 255cm cela donne 6 m\u00e8tres linaires ; deux tubes de 250 cm, vous [&hellip;]<\/p>\n","protected":false},"featured_media":0,"template":"","meta":{"_acf_changed":false,"_uag_custom_page_level_css":""},"product_brand":[],"product_cat":[72],"product_tag":[],"class_list":{"0":"post-1025","1":"product","2":"type-product","3":"status-publish","5":"product_cat-tubes-alu","6":"product_shipping_class-schenker","8":"first","9":"instock","10":"taxable","11":"shipping-taxable","12":"purchasable","13":"product-type-simple"},"acf":[],"aioseo_notices":[],"uagb_featured_image_src":{"full":false,"thumbnail":false,"medium":false,"medium_large":false,"large":false,"1536x1536":false,"2048x2048":false,"trp-custom-language-flag":false,"woocommerce_thumbnail":false,"woocommerce_single":false,"woocommerce_gallery_thumbnail":false},"uagb_author_info":{"display_name":"Karine","author_link":"https:\/\/www.nenuphar.com\/en\/author\/"},"uagb_comment_info":0,"uagb_excerpt":"Lorsque vous passez commande, indiquez la\u00a0longueur d\u00e9sir\u00e9e\u00a0pour un tube dans le champs texte puis le\u00a0nombre de m\u00e8tre lin\u00e9aire\u00a0correspondant dans le champs quantit\u00e9. Si vous d\u00e9sirez plusieurs tubes de la\u00a0m\u00eame longueur, modifiez la quantit\u00e9 en fonction, exemples : vous souhaitez 2 tubes de 255cm cela donne 6 m\u00e8tres linaires ; deux tubes de 250 cm, vous&hellip;","_links":{"self":[{"href":"https:\/\/www.nenuphar.com\/en\/wp-json\/wp\/v2\/product\/1025","targetHints":{"allow":["GET"]}}],"collection":[{"href":"https:\/\/www.nenuphar.com\/en\/wp-json\/wp\/v2\/product"}],"about":[{"href":"https:\/\/www.nenuphar.com\/en\/wp-json\/wp\/v2\/types\/product"}],"wp:attachment":[{"href":"https:\/\/www.nenuphar.com\/en\/wp-json\/wp\/v2\/media?parent=1025"}],"wp:term":[{"taxonomy":"product_brand","embeddable":true,"href":"https:\/\/www.nenuphar.com\/en\/wp-json\/wp\/v2\/product_brand?post=1025"},{"taxonomy":"product_cat","embeddable":true,"href":"https:\/\/www.nenuphar.com\/en\/wp-json\/wp\/v2\/product_cat?post=1025"},{"taxonomy":"product_tag","embeddable":true,"href":"https:\/\/www.nenuphar.com\/en\/wp-json\/wp\/v2\/product_tag?post=1025"}],"curies":[{"name":"wp","href":"https:\/\/api.w.org\/{rel}","templated":true}]}}