{"id":1042,"date":"2026-01-04T19:56:40","date_gmt":"2026-01-04T19:56:40","guid":{"rendered":"https:\/\/nen.kmkoncept.fr\/?post_type=product&#038;p=1042"},"modified":"2026-04-28T07:27:18","modified_gmt":"2026-04-28T07:27:18","slug":"girouette-sportboat-blacksmith","status":"publish","type":"product","link":"https:\/\/www.nenuphar.com\/en\/shop\/navigation\/mats\/girouettes\/girouette-sportboat-blacksmith\/","title":{"rendered":"Sportboat wind vane \u2013 Blacksmith"},"content":{"rendered":"<p>Wind vane for 16\u201318 ft sportboats.<\/p>\n<p>Wind vane dimensions: 270 \u00d7 290 mm<\/p>\n<p>Weight: 20 g<\/p>\n<p>Performs perfectly in winds from 1.2 to 40 kt.<\/p>\n<p>Quick and easy installation.<\/p>\n<p>Each wind vane is tested and calibrated for 96 hours.<\/p>","protected":false},"excerpt":{"rendered":"<p>Girouette pour sportboat de 16 \u00e0 18 pieds. Dimensions girouette: 270 mm x 290 mm Poids: 20 g Fonctionne parfaitement de 1.2 kt \u00e0 40 kt de vent. Montage rapide et facile. Chaque girouette est test\u00e9e et calibr\u00e9e pendant 96 heures<\/p>","protected":false},"featured_media":1052,"template":"","meta":{"_acf_changed":false,"_uag_custom_page_level_css":""},"product_brand":[446],"product_cat":[73],"product_tag":[],"class_list":{"0":"post-1042","1":"product","2":"type-product","3":"status-publish","4":"has-post-thumbnail","6":"product_brand-blacksmith","7":"product_cat-girouettes","9":"first","10":"instock","11":"taxable","12":"shipping-taxable","13":"purchasable","14":"product-type-simple"},"acf":[],"aioseo_notices":[],"uagb_featured_image_src":{"full":["https:\/\/www.nenuphar.com\/wp-content\/uploads\/2026\/01\/3390.jpg",1500,1500,false],"thumbnail":["https:\/\/www.nenuphar.com\/wp-content\/uploads\/2026\/01\/3390-150x150.jpg",150,150,true],"medium":["https:\/\/www.nenuphar.com\/wp-content\/uploads\/2026\/01\/3390-300x300.jpg",300,300,true],"medium_large":["https:\/\/www.nenuphar.com\/wp-content\/uploads\/2026\/01\/3390-768x768.jpg",768,768,true],"large":["https:\/\/www.nenuphar.com\/wp-content\/uploads\/2026\/01\/3390-1024x1024.jpg",1024,1024,true],"1536x1536":["https:\/\/www.nenuphar.com\/wp-content\/uploads\/2026\/01\/3390.jpg",1500,1500,false],"2048x2048":["https:\/\/www.nenuphar.com\/wp-content\/uploads\/2026\/01\/3390.jpg",1500,1500,false],"trp-custom-language-flag":["https:\/\/www.nenuphar.com\/wp-content\/uploads\/2026\/01\/3390.jpg",12,12,false],"woocommerce_thumbnail":["https:\/\/www.nenuphar.com\/wp-content\/uploads\/2026\/01\/3390-300x300.jpg",300,300,true],"woocommerce_single":["https:\/\/www.nenuphar.com\/wp-content\/uploads\/2026\/01\/3390-600x600.jpg",600,600,true],"woocommerce_gallery_thumbnail":["https:\/\/www.nenuphar.com\/wp-content\/uploads\/2026\/01\/3390-100x100.jpg",100,100,true]},"uagb_author_info":{"display_name":"Karine","author_link":"https:\/\/www.nenuphar.com\/en\/author\/"},"uagb_comment_info":0,"uagb_excerpt":"Girouette pour sportboat de 16 \u00e0 18 pieds. Dimensions girouette: 270 mm x 290 mm Poids: 20 g Fonctionne parfaitement de 1.2 kt \u00e0 40 kt de vent. Montage rapide et facile. Chaque girouette est test\u00e9e et calibr\u00e9e pendant 96 heures","_links":{"self":[{"href":"https:\/\/www.nenuphar.com\/en\/wp-json\/wp\/v2\/product\/1042","targetHints":{"allow":["GET"]}}],"collection":[{"href":"https:\/\/www.nenuphar.com\/en\/wp-json\/wp\/v2\/product"}],"about":[{"href":"https:\/\/www.nenuphar.com\/en\/wp-json\/wp\/v2\/types\/product"}],"wp:featuredmedia":[{"embeddable":true,"href":"https:\/\/www.nenuphar.com\/en\/wp-json\/wp\/v2\/media\/1052"}],"wp:attachment":[{"href":"https:\/\/www.nenuphar.com\/en\/wp-json\/wp\/v2\/media?parent=1042"}],"wp:term":[{"taxonomy":"product_brand","embeddable":true,"href":"https:\/\/www.nenuphar.com\/en\/wp-json\/wp\/v2\/product_brand?post=1042"},{"taxonomy":"product_cat","embeddable":true,"href":"https:\/\/www.nenuphar.com\/en\/wp-json\/wp\/v2\/product_cat?post=1042"},{"taxonomy":"product_tag","embeddable":true,"href":"https:\/\/www.nenuphar.com\/en\/wp-json\/wp\/v2\/product_tag?post=1042"}],"curies":[{"name":"wp","href":"https:\/\/api.w.org\/{rel}","templated":true}]}}