{"id":1050,"date":"2026-01-04T19:56:41","date_gmt":"2026-01-04T19:56:41","guid":{"rendered":"https:\/\/nen.kmkoncept.fr\/?post_type=product&#038;p=1050"},"modified":"2026-04-28T07:28:47","modified_gmt":"2026-04-28T07:28:47","slug":"girouette-horizontal-blacksmith","status":"publish","type":"product","link":"https:\/\/www.nenuphar.com\/en\/shop\/navigation\/mats\/girouettes\/girouette-horizontal-blacksmith\/","title":{"rendered":"Horizontal wind vane \u2013 Blacksmith"},"content":{"rendered":"<p>Wind vane for Laser, Europe, and Finn classes.<\/p>\n<p>Wind vane length: 300 mm<\/p>\n<p>Weight: 25 g<\/p>\n<p>Handmade in 3D carbon.<\/p>\n<p>Performs perfectly in winds from 0.8 to 40 kt.<\/p>\n<p>Quick and easy mounting via mast fork.<\/p>\n<p>Each wind vane is tested and calibrated for 96 hours.<\/p>","protected":false},"excerpt":{"rendered":"<p>Girouette pour Laser, Europe, Finn. Longueur girouette: 300 mm Poids: 25 g Fabriqu\u00e9 \u00e0 la main en carbone 3D Fonctionne parfaitement de 0.8 kt \u00e0 40 kt de vent. Montage rapide et facile par fourche de m\u00e2t Chaque girouette est test\u00e9e et calibr\u00e9e pendant 96 heures<\/p>","protected":false},"featured_media":1075,"template":"","meta":{"_acf_changed":false,"_uag_custom_page_level_css":""},"product_brand":[446],"product_cat":[73],"product_tag":[],"class_list":{"0":"post-1050","1":"product","2":"type-product","3":"status-publish","4":"has-post-thumbnail","6":"product_brand-blacksmith","7":"product_cat-girouettes","9":"first","10":"instock","11":"taxable","12":"shipping-taxable","13":"purchasable","14":"product-type-simple"},"acf":[],"aioseo_notices":[],"uagb_featured_image_src":{"full":["https:\/\/www.nenuphar.com\/wp-content\/uploads\/2026\/01\/3400.jpg",1600,678,false],"thumbnail":["https:\/\/www.nenuphar.com\/wp-content\/uploads\/2026\/01\/3400-150x150.jpg",150,150,true],"medium":["https:\/\/www.nenuphar.com\/wp-content\/uploads\/2026\/01\/3400-300x127.jpg",300,127,true],"medium_large":["https:\/\/www.nenuphar.com\/wp-content\/uploads\/2026\/01\/3400-768x325.jpg",768,325,true],"large":["https:\/\/www.nenuphar.com\/wp-content\/uploads\/2026\/01\/3400-1024x434.jpg",1024,434,true],"1536x1536":["https:\/\/www.nenuphar.com\/wp-content\/uploads\/2026\/01\/3400-1536x651.jpg",1536,651,true],"2048x2048":["https:\/\/www.nenuphar.com\/wp-content\/uploads\/2026\/01\/3400.jpg",1600,678,false],"trp-custom-language-flag":["https:\/\/www.nenuphar.com\/wp-content\/uploads\/2026\/01\/3400.jpg",18,8,false],"woocommerce_thumbnail":["https:\/\/www.nenuphar.com\/wp-content\/uploads\/2026\/01\/3400-300x300.jpg",300,300,true],"woocommerce_single":["https:\/\/www.nenuphar.com\/wp-content\/uploads\/2026\/01\/3400-600x254.jpg",600,254,true],"woocommerce_gallery_thumbnail":["https:\/\/www.nenuphar.com\/wp-content\/uploads\/2026\/01\/3400-100x100.jpg",100,100,true]},"uagb_author_info":{"display_name":"Karine","author_link":"https:\/\/www.nenuphar.com\/en\/author\/"},"uagb_comment_info":0,"uagb_excerpt":"Girouette pour Laser, Europe, Finn. Longueur girouette: 300 mm Poids: 25 g Fabriqu\u00e9 \u00e0 la main en carbone 3D Fonctionne parfaitement de 0.8 kt \u00e0 40 kt de vent. Montage rapide et facile par fourche de m\u00e2t Chaque girouette est test\u00e9e et calibr\u00e9e pendant 96 heures","_links":{"self":[{"href":"https:\/\/www.nenuphar.com\/en\/wp-json\/wp\/v2\/product\/1050","targetHints":{"allow":["GET"]}}],"collection":[{"href":"https:\/\/www.nenuphar.com\/en\/wp-json\/wp\/v2\/product"}],"about":[{"href":"https:\/\/www.nenuphar.com\/en\/wp-json\/wp\/v2\/types\/product"}],"wp:featuredmedia":[{"embeddable":true,"href":"https:\/\/www.nenuphar.com\/en\/wp-json\/wp\/v2\/media\/1075"}],"wp:attachment":[{"href":"https:\/\/www.nenuphar.com\/en\/wp-json\/wp\/v2\/media?parent=1050"}],"wp:term":[{"taxonomy":"product_brand","embeddable":true,"href":"https:\/\/www.nenuphar.com\/en\/wp-json\/wp\/v2\/product_brand?post=1050"},{"taxonomy":"product_cat","embeddable":true,"href":"https:\/\/www.nenuphar.com\/en\/wp-json\/wp\/v2\/product_cat?post=1050"},{"taxonomy":"product_tag","embeddable":true,"href":"https:\/\/www.nenuphar.com\/en\/wp-json\/wp\/v2\/product_tag?post=1050"}],"curies":[{"name":"wp","href":"https:\/\/api.w.org\/{rel}","templated":true}]}}