{"id":1086,"date":"2026-01-04T20:10:17","date_gmt":"2026-01-04T20:10:17","guid":{"rendered":"https:\/\/nen.kmkoncept.fr\/?post_type=product&#038;p=1086"},"modified":"2026-04-28T07:27:15","modified_gmt":"2026-04-28T07:27:15","slug":"renfort-olivette-ancrage-haubans-pour-canne-d6mm-ext","status":"publish","type":"product","link":"https:\/\/www.nenuphar.com\/en\/shop\/navigation\/mats\/pieces-de-mat\/renfort-olivette-ancrage-haubans-pour-canne-d6mm-ext\/","title":{"rendered":"RENFORT OLIVETTE ANCRAGE &#8211; HAUBANS PASSAGE D6MM"},"content":{"rendered":"<p>Pi\u00e8ce inox de renfort \u00e0 fixer dans le m\u00e2t \u00e0 l&rsquo;endroit ou la canne va venir s&rsquo;ins\u00e9rer.<\/p>\n<p>Pour embout canne uniquement<\/p>\n<p>trou diam\u00e8tre 7 mm pour canne diam\u00e8tre ext\u00e9rieur 6mm<\/p>\n<p>entre axe fixation 39mm<\/p>","protected":false},"excerpt":{"rendered":"<p>Pi\u00e8ce inox de renfort \u00e0 fixer dans le m\u00e2t \u00e0 l&rsquo;endroit ou la canne va venir s&rsquo;ins\u00e9rer. Pour embout canne uniquement trou diam\u00e8tre 7 mm pour canne diam\u00e8tre ext\u00e9rieur 6mm entre axe fixation 39mm<\/p>","protected":false},"featured_media":1122,"template":"","meta":{"_acf_changed":false,"_uag_custom_page_level_css":""},"product_brand":[],"product_cat":[74],"product_tag":[],"class_list":{"0":"post-1086","1":"product","2":"type-product","3":"status-publish","4":"has-post-thumbnail","6":"product_cat-pieces-de-mat","8":"first","9":"onbackorder","10":"taxable","11":"shipping-taxable","12":"purchasable","13":"product-type-simple"},"acf":[],"aioseo_notices":[],"uagb_featured_image_src":{"full":["https:\/\/www.nenuphar.com\/wp-content\/uploads\/2026\/01\/4342-scaled.jpg",1707,2560,false],"thumbnail":["https:\/\/www.nenuphar.com\/wp-content\/uploads\/2026\/01\/4342-150x150.jpg",150,150,true],"medium":["https:\/\/www.nenuphar.com\/wp-content\/uploads\/2026\/01\/4342-200x300.jpg",200,300,true],"medium_large":["https:\/\/www.nenuphar.com\/wp-content\/uploads\/2026\/01\/4342-768x1152.jpg",768,1152,true],"large":["https:\/\/www.nenuphar.com\/wp-content\/uploads\/2026\/01\/4342-683x1024.jpg",683,1024,true],"1536x1536":["https:\/\/www.nenuphar.com\/wp-content\/uploads\/2026\/01\/4342-1024x1536.jpg",1024,1536,true],"2048x2048":["https:\/\/www.nenuphar.com\/wp-content\/uploads\/2026\/01\/4342-1365x2048.jpg",1365,2048,true],"trp-custom-language-flag":["https:\/\/www.nenuphar.com\/wp-content\/uploads\/2026\/01\/4342-scaled.jpg",8,12,false],"woocommerce_thumbnail":["https:\/\/www.nenuphar.com\/wp-content\/uploads\/2026\/01\/4342-300x300.jpg",300,300,true],"woocommerce_single":["https:\/\/www.nenuphar.com\/wp-content\/uploads\/2026\/01\/4342-600x900.jpg",600,900,true],"woocommerce_gallery_thumbnail":["https:\/\/www.nenuphar.com\/wp-content\/uploads\/2026\/01\/4342-100x100.jpg",100,100,true]},"uagb_author_info":{"display_name":"Karine","author_link":"https:\/\/www.nenuphar.com\/en\/author\/"},"uagb_comment_info":0,"uagb_excerpt":"Pi\u00e8ce inox de renfort \u00e0 fixer dans le m\u00e2t \u00e0 l&rsquo;endroit ou la canne va venir s&rsquo;ins\u00e9rer. Pour embout canne uniquement trou diam\u00e8tre 7 mm pour canne diam\u00e8tre ext\u00e9rieur 6mm entre axe fixation 39mm","_links":{"self":[{"href":"https:\/\/www.nenuphar.com\/en\/wp-json\/wp\/v2\/product\/1086","targetHints":{"allow":["GET"]}}],"collection":[{"href":"https:\/\/www.nenuphar.com\/en\/wp-json\/wp\/v2\/product"}],"about":[{"href":"https:\/\/www.nenuphar.com\/en\/wp-json\/wp\/v2\/types\/product"}],"wp:featuredmedia":[{"embeddable":true,"href":"https:\/\/www.nenuphar.com\/en\/wp-json\/wp\/v2\/media\/1122"}],"wp:attachment":[{"href":"https:\/\/www.nenuphar.com\/en\/wp-json\/wp\/v2\/media?parent=1086"}],"wp:term":[{"taxonomy":"product_brand","embeddable":true,"href":"https:\/\/www.nenuphar.com\/en\/wp-json\/wp\/v2\/product_brand?post=1086"},{"taxonomy":"product_cat","embeddable":true,"href":"https:\/\/www.nenuphar.com\/en\/wp-json\/wp\/v2\/product_cat?post=1086"},{"taxonomy":"product_tag","embeddable":true,"href":"https:\/\/www.nenuphar.com\/en\/wp-json\/wp\/v2\/product_tag?post=1086"}],"curies":[{"name":"wp","href":"https:\/\/api.w.org\/{rel}","templated":true}]}}