{"id":1092,"date":"2026-01-04T20:10:17","date_gmt":"2026-01-04T20:10:17","guid":{"rendered":"https:\/\/nen.kmkoncept.fr\/?post_type=product&#038;p=1092"},"modified":"2026-04-28T07:27:17","modified_gmt":"2026-04-28T07:27:17","slug":"patte-de-fixation-inox-simple-l74mm-l19mm-entreaxe-32mm-d4mm","status":"publish","type":"product","link":"https:\/\/www.nenuphar.com\/en\/shop\/navigation\/mats\/pieces-de-mat\/patte-de-fixation-inox-simple-l74mm-l19mm-entreaxe-32mm-d4mm\/","title":{"rendered":"Single stainless steel mounting bracket \u2013 L74 mm \u00d7 W19 mm, 32 mm spacing, \u00d84 mm"},"content":{"rendered":"<p>Stainless steel strip \u2013 74 mm long \u00d7 19 mm wide \u00d7 1.5 mm thick<\/p>\n<p>Distance between mounting holes \u00d84 mm: 32 mm<\/p>\n<p>Hook hole diameter: 10 mm, edge thickness: 4 mm<\/p>\n<p>Sold individually<\/p>\n<p>Contact us for bulk purchase inquiries<\/p>","protected":false},"excerpt":{"rendered":"<p>Latte inox longueur 74mm largeur 19mm \u00e9paisseur 1.5mm entre axe des trou de fixation d4mm 32mm diam\u00e8tre du trou d&rsquo;accroche 10mm, p\u00e9riph\u00e9rie 4mm vendue \u00e0 l&rsquo;unit\u00e9 nous consulter pour un achat quantitatif<\/p>","protected":false},"featured_media":1133,"template":"","meta":{"_acf_changed":false,"_uag_custom_page_level_css":""},"product_brand":[],"product_cat":[74],"product_tag":[],"class_list":{"0":"post-1092","1":"product","2":"type-product","3":"status-publish","4":"has-post-thumbnail","6":"product_cat-pieces-de-mat","8":"first","9":"instock","10":"taxable","11":"shipping-taxable","12":"purchasable","13":"product-type-simple"},"acf":[],"aioseo_notices":[],"uagb_featured_image_src":{"full":["https:\/\/www.nenuphar.com\/wp-content\/uploads\/2026\/01\/4778-scaled.jpg",2560,1920,false],"thumbnail":["https:\/\/www.nenuphar.com\/wp-content\/uploads\/2026\/01\/4778-150x150.jpg",150,150,true],"medium":["https:\/\/www.nenuphar.com\/wp-content\/uploads\/2026\/01\/4778-300x225.jpg",300,225,true],"medium_large":["https:\/\/www.nenuphar.com\/wp-content\/uploads\/2026\/01\/4778-768x576.jpg",768,576,true],"large":["https:\/\/www.nenuphar.com\/wp-content\/uploads\/2026\/01\/4778-1024x768.jpg",1024,768,true],"1536x1536":["https:\/\/www.nenuphar.com\/wp-content\/uploads\/2026\/01\/4778-1536x1152.jpg",1536,1152,true],"2048x2048":["https:\/\/www.nenuphar.com\/wp-content\/uploads\/2026\/01\/4778-2048x1536.jpg",2048,1536,true],"trp-custom-language-flag":["https:\/\/www.nenuphar.com\/wp-content\/uploads\/2026\/01\/4778-scaled.jpg",16,12,false],"woocommerce_thumbnail":["https:\/\/www.nenuphar.com\/wp-content\/uploads\/2026\/01\/4778-300x300.jpg",300,300,true],"woocommerce_single":["https:\/\/www.nenuphar.com\/wp-content\/uploads\/2026\/01\/4778-600x450.jpg",600,450,true],"woocommerce_gallery_thumbnail":["https:\/\/www.nenuphar.com\/wp-content\/uploads\/2026\/01\/4778-100x100.jpg",100,100,true]},"uagb_author_info":{"display_name":"Karine","author_link":"https:\/\/www.nenuphar.com\/en\/author\/"},"uagb_comment_info":0,"uagb_excerpt":"Latte inox longueur 74mm largeur 19mm \u00e9paisseur 1.5mm entre axe des trou de fixation d4mm 32mm diam\u00e8tre du trou d&rsquo;accroche 10mm, p\u00e9riph\u00e9rie 4mm vendue \u00e0 l&rsquo;unit\u00e9 nous consulter pour un achat quantitatif","_links":{"self":[{"href":"https:\/\/www.nenuphar.com\/en\/wp-json\/wp\/v2\/product\/1092","targetHints":{"allow":["GET"]}}],"collection":[{"href":"https:\/\/www.nenuphar.com\/en\/wp-json\/wp\/v2\/product"}],"about":[{"href":"https:\/\/www.nenuphar.com\/en\/wp-json\/wp\/v2\/types\/product"}],"wp:featuredmedia":[{"embeddable":true,"href":"https:\/\/www.nenuphar.com\/en\/wp-json\/wp\/v2\/media\/1133"}],"wp:attachment":[{"href":"https:\/\/www.nenuphar.com\/en\/wp-json\/wp\/v2\/media?parent=1092"}],"wp:term":[{"taxonomy":"product_brand","embeddable":true,"href":"https:\/\/www.nenuphar.com\/en\/wp-json\/wp\/v2\/product_brand?post=1092"},{"taxonomy":"product_cat","embeddable":true,"href":"https:\/\/www.nenuphar.com\/en\/wp-json\/wp\/v2\/product_cat?post=1092"},{"taxonomy":"product_tag","embeddable":true,"href":"https:\/\/www.nenuphar.com\/en\/wp-json\/wp\/v2\/product_tag?post=1092"}],"curies":[{"name":"wp","href":"https:\/\/api.w.org\/{rel}","templated":true}]}}