{"id":1107,"date":"2026-01-04T20:10:18","date_gmt":"2026-01-04T20:10:18","guid":{"rendered":"https:\/\/nen.kmkoncept.fr\/?post_type=product&#038;p=1107"},"modified":"2026-04-28T07:28:45","modified_gmt":"2026-04-28T07:28:45","slug":"platine-de-barres-de-fleche-superspars-d60mm-avec-butee","status":"publish","type":"product","link":"https:\/\/www.nenuphar.com\/en\/shop\/navigation\/mats\/pieces-de-mat\/platine-de-barres-de-fleche-superspars-d60mm-avec-butee\/","title":{"rendered":"Spreader bar base plate \u2013 SUPERSPARS D60 mm with stop"},"content":{"rendered":"<div id=\"short_description_content\" class=\"rte align_justify\">\n<p>SUPERSPARS MK1 spreader bar support with stop, designed for use with spreader bar adjustment knobs.<\/p>\n<p>Compatible with SUPERSPARS M7 and M2 profiles.<\/p>\n<\/div>","protected":false},"excerpt":{"rendered":"<p>Support de barres de fl\u00e8che SUPERSPARS MK1 avec but\u00e9e en cas d&rsquo;utilisation des molettes de r\u00e9glage de barres de fl\u00e8che. Utilisable sur les profils SUPERSPARS M7 et M2<\/p>","protected":false},"featured_media":1167,"template":"","meta":{"_acf_changed":false,"_uag_custom_page_level_css":""},"product_brand":[469],"product_cat":[74],"product_tag":[],"class_list":{"0":"post-1107","1":"product","2":"type-product","3":"status-publish","4":"has-post-thumbnail","6":"product_brand-superspars","7":"product_cat-pieces-de-mat","9":"first","10":"instock","11":"taxable","12":"shipping-taxable","13":"purchasable","14":"product-type-simple"},"acf":[],"aioseo_notices":[],"uagb_featured_image_src":{"full":["https:\/\/www.nenuphar.com\/wp-content\/uploads\/2026\/01\/3977-scaled.jpg",2560,1707,false],"thumbnail":["https:\/\/www.nenuphar.com\/wp-content\/uploads\/2026\/01\/3977-150x150.jpg",150,150,true],"medium":["https:\/\/www.nenuphar.com\/wp-content\/uploads\/2026\/01\/3977-300x200.jpg",300,200,true],"medium_large":["https:\/\/www.nenuphar.com\/wp-content\/uploads\/2026\/01\/3977-768x512.jpg",768,512,true],"large":["https:\/\/www.nenuphar.com\/wp-content\/uploads\/2026\/01\/3977-1024x683.jpg",1024,683,true],"1536x1536":["https:\/\/www.nenuphar.com\/wp-content\/uploads\/2026\/01\/3977-1536x1024.jpg",1536,1024,true],"2048x2048":["https:\/\/www.nenuphar.com\/wp-content\/uploads\/2026\/01\/3977-2048x1365.jpg",2048,1365,true],"trp-custom-language-flag":["https:\/\/www.nenuphar.com\/wp-content\/uploads\/2026\/01\/3977-scaled.jpg",18,12,false],"woocommerce_thumbnail":["https:\/\/www.nenuphar.com\/wp-content\/uploads\/2026\/01\/3977-300x300.jpg",300,300,true],"woocommerce_single":["https:\/\/www.nenuphar.com\/wp-content\/uploads\/2026\/01\/3977-600x400.jpg",600,400,true],"woocommerce_gallery_thumbnail":["https:\/\/www.nenuphar.com\/wp-content\/uploads\/2026\/01\/3977-100x100.jpg",100,100,true]},"uagb_author_info":{"display_name":"Karine","author_link":"https:\/\/www.nenuphar.com\/en\/author\/"},"uagb_comment_info":0,"uagb_excerpt":"Support de barres de fl\u00e8che SUPERSPARS MK1 avec but\u00e9e en cas d&rsquo;utilisation des molettes de r\u00e9glage de barres de fl\u00e8che. Utilisable sur les profils SUPERSPARS M7 et M2","_links":{"self":[{"href":"https:\/\/www.nenuphar.com\/en\/wp-json\/wp\/v2\/product\/1107","targetHints":{"allow":["GET"]}}],"collection":[{"href":"https:\/\/www.nenuphar.com\/en\/wp-json\/wp\/v2\/product"}],"about":[{"href":"https:\/\/www.nenuphar.com\/en\/wp-json\/wp\/v2\/types\/product"}],"wp:featuredmedia":[{"embeddable":true,"href":"https:\/\/www.nenuphar.com\/en\/wp-json\/wp\/v2\/media\/1167"}],"wp:attachment":[{"href":"https:\/\/www.nenuphar.com\/en\/wp-json\/wp\/v2\/media?parent=1107"}],"wp:term":[{"taxonomy":"product_brand","embeddable":true,"href":"https:\/\/www.nenuphar.com\/en\/wp-json\/wp\/v2\/product_brand?post=1107"},{"taxonomy":"product_cat","embeddable":true,"href":"https:\/\/www.nenuphar.com\/en\/wp-json\/wp\/v2\/product_cat?post=1107"},{"taxonomy":"product_tag","embeddable":true,"href":"https:\/\/www.nenuphar.com\/en\/wp-json\/wp\/v2\/product_tag?post=1107"}],"curies":[{"name":"wp","href":"https:\/\/api.w.org\/{rel}","templated":true}]}}