{"id":1128,"date":"2026-01-04T20:11:42","date_gmt":"2026-01-04T20:11:42","guid":{"rendered":"https:\/\/nen.kmkoncept.fr\/?post_type=product&#038;p=1128"},"modified":"2026-04-28T07:28:47","modified_gmt":"2026-04-28T07:28:47","slug":"vit-de-mulet-selden-508-261-01-alphabet-grec-type-cumulus","status":"publish","type":"product","link":"https:\/\/www.nenuphar.com\/en\/shop\/navigation\/mats\/pieces-de-mat\/vit-de-mulet-selden-508-261-01-alphabet-grec-type-cumulus\/","title":{"rendered":"Gooseneck fitting Seld\u00e9n Mast AB \u2013 508-261-01 (Greek alphabet)"},"content":{"rendered":"<p>This gooseneck fitting is compatible with all mast profiles from Seld\u00e9n Mast AB designated by a name from the Greek alphabet.<\/p>","protected":false},"excerpt":{"rendered":"<p>Designed to reduce weight while increasing strength and functionality, the new system features a round pin that allows the boom to pivot in the direction of the load. The new pin is longer and includes an exclusive gooseneck locking system that keeps it securely seated in the boom.\n\nOnce snapped into place, the boom will not fall off the gooseneck when lowering the mainsail, protecting the crew from injury and preventing damage to the deck. This locking system is also useful when using a boom cover that fits over the boom.<\/p>","protected":false},"featured_media":1182,"template":"","meta":{"_acf_changed":false,"_uag_custom_page_level_css":""},"product_brand":[466],"product_cat":[74],"product_tag":[],"class_list":{"0":"post-1128","1":"product","2":"type-product","3":"status-publish","4":"has-post-thumbnail","6":"product_brand-selden","7":"product_cat-pieces-de-mat","9":"first","10":"instock","11":"taxable","12":"shipping-taxable","13":"purchasable","14":"product-type-simple"},"acf":[],"aioseo_notices":[],"uagb_featured_image_src":{"full":["https:\/\/www.nenuphar.com\/wp-content\/uploads\/2026\/01\/3920.jpg",287,253,false],"thumbnail":["https:\/\/www.nenuphar.com\/wp-content\/uploads\/2026\/01\/3920-150x150.jpg",150,150,true],"medium":["https:\/\/www.nenuphar.com\/wp-content\/uploads\/2026\/01\/3920.jpg",287,253,false],"medium_large":["https:\/\/www.nenuphar.com\/wp-content\/uploads\/2026\/01\/3920.jpg",287,253,false],"large":["https:\/\/www.nenuphar.com\/wp-content\/uploads\/2026\/01\/3920.jpg",287,253,false],"1536x1536":["https:\/\/www.nenuphar.com\/wp-content\/uploads\/2026\/01\/3920.jpg",287,253,false],"2048x2048":["https:\/\/www.nenuphar.com\/wp-content\/uploads\/2026\/01\/3920.jpg",287,253,false],"trp-custom-language-flag":["https:\/\/www.nenuphar.com\/wp-content\/uploads\/2026\/01\/3920.jpg",14,12,false],"woocommerce_thumbnail":["https:\/\/www.nenuphar.com\/wp-content\/uploads\/2026\/01\/3920.jpg",287,253,false],"woocommerce_single":["https:\/\/www.nenuphar.com\/wp-content\/uploads\/2026\/01\/3920.jpg",287,253,false],"woocommerce_gallery_thumbnail":["https:\/\/www.nenuphar.com\/wp-content\/uploads\/2026\/01\/3920-100x100.jpg",100,100,true]},"uagb_author_info":{"display_name":"Karine","author_link":"https:\/\/www.nenuphar.com\/en\/author\/"},"uagb_comment_info":0,"uagb_excerpt":"Con\u00e7u pour r\u00e9duire le poids et augmenter la r\u00e9sistance et la fonctionnalit\u00e9, le nouveau syst\u00e8me comprend un axe rond qui permet \u00e0 la b\u00f4me de pivoter dans la direction de la charge. Le nouvel axe est plus long et comprend un syst\u00e8me exclusif de verrouillage du vit de mulet qui maintient l'enfoncement dans la b\u00f4me.&hellip;","_links":{"self":[{"href":"https:\/\/www.nenuphar.com\/en\/wp-json\/wp\/v2\/product\/1128","targetHints":{"allow":["GET"]}}],"collection":[{"href":"https:\/\/www.nenuphar.com\/en\/wp-json\/wp\/v2\/product"}],"about":[{"href":"https:\/\/www.nenuphar.com\/en\/wp-json\/wp\/v2\/types\/product"}],"wp:featuredmedia":[{"embeddable":true,"href":"https:\/\/www.nenuphar.com\/en\/wp-json\/wp\/v2\/media\/1182"}],"wp:attachment":[{"href":"https:\/\/www.nenuphar.com\/en\/wp-json\/wp\/v2\/media?parent=1128"}],"wp:term":[{"taxonomy":"product_brand","embeddable":true,"href":"https:\/\/www.nenuphar.com\/en\/wp-json\/wp\/v2\/product_brand?post=1128"},{"taxonomy":"product_cat","embeddable":true,"href":"https:\/\/www.nenuphar.com\/en\/wp-json\/wp\/v2\/product_cat?post=1128"},{"taxonomy":"product_tag","embeddable":true,"href":"https:\/\/www.nenuphar.com\/en\/wp-json\/wp\/v2\/product_tag?post=1128"}],"curies":[{"name":"wp","href":"https:\/\/api.w.org\/{rel}","templated":true}]}}