{"id":1153,"date":"2026-01-04T20:13:14","date_gmt":"2026-01-04T20:13:14","guid":{"rendered":"https:\/\/nen.kmkoncept.fr\/?post_type=product&#038;p=1153"},"modified":"2026-04-28T07:28:53","modified_gmt":"2026-04-28T07:28:53","slug":"pied-mat-rond-type-470-zspars","status":"publish","type":"product","link":"https:\/\/www.nenuphar.com\/en\/shop\/series\/deriveurs\/470\/pied-mat-rond-type-470-zspars\/","title":{"rendered":"Round mast base \u2013 470 type, ZSpars"},"content":{"rendered":"<p>ZSpars mast base for round Z mast. Outer diameter of the part that fits into the tube: 51.7 mm.<\/p>\n<p>For 470-type mast, etc.<\/p>\n<p>Not suitable for older 420 masts, which have a straddling mast base.<\/p>\n<p>With tenon.<\/p>\n<p>Delivered with pin and sheaves.\u00a0<\/p>\n<p>Pin hole not drilled.<\/p>","protected":false},"excerpt":{"rendered":"<p>tenon heel plug for round mast from Z SPARS Delivered with sheaves and sheaves axle. Hole for axle not done.<\/p>","protected":false},"featured_media":1217,"template":"","meta":{"_acf_changed":false,"_uag_custom_page_level_css":""},"product_brand":[476],"product_cat":[188,74],"product_tag":[424],"class_list":{"0":"post-1153","1":"product","2":"type-product","3":"status-publish","4":"has-post-thumbnail","6":"product_brand-z-spars","7":"product_cat-188","8":"product_cat-pieces-de-mat","9":"product_tag-424","11":"first","12":"instock","13":"taxable","14":"shipping-taxable","15":"purchasable","16":"product-type-simple"},"acf":[],"aioseo_notices":[],"uagb_featured_image_src":{"full":["https:\/\/www.nenuphar.com\/wp-content\/uploads\/2026\/01\/2768-scaled.jpg",2560,1707,false],"thumbnail":["https:\/\/www.nenuphar.com\/wp-content\/uploads\/2026\/01\/2768-150x150.jpg",150,150,true],"medium":["https:\/\/www.nenuphar.com\/wp-content\/uploads\/2026\/01\/2768-300x200.jpg",300,200,true],"medium_large":["https:\/\/www.nenuphar.com\/wp-content\/uploads\/2026\/01\/2768-768x512.jpg",768,512,true],"large":["https:\/\/www.nenuphar.com\/wp-content\/uploads\/2026\/01\/2768-1024x683.jpg",1024,683,true],"1536x1536":["https:\/\/www.nenuphar.com\/wp-content\/uploads\/2026\/01\/2768-1536x1024.jpg",1536,1024,true],"2048x2048":["https:\/\/www.nenuphar.com\/wp-content\/uploads\/2026\/01\/2768-2048x1365.jpg",2048,1365,true],"trp-custom-language-flag":["https:\/\/www.nenuphar.com\/wp-content\/uploads\/2026\/01\/2768-scaled.jpg",18,12,false],"woocommerce_thumbnail":["https:\/\/www.nenuphar.com\/wp-content\/uploads\/2026\/01\/2768-300x300.jpg",300,300,true],"woocommerce_single":["https:\/\/www.nenuphar.com\/wp-content\/uploads\/2026\/01\/2768-600x400.jpg",600,400,true],"woocommerce_gallery_thumbnail":["https:\/\/www.nenuphar.com\/wp-content\/uploads\/2026\/01\/2768-100x100.jpg",100,100,true]},"uagb_author_info":{"display_name":"Karine","author_link":"https:\/\/www.nenuphar.com\/en\/author\/"},"uagb_comment_info":0,"uagb_excerpt":"Pied de m\u00e2t Z spars pour m\u00e2t Z rond. Diam\u00e8tre ext\u00e9rieur de la partie qui rentre dans le tube 51.7mm. Type m\u00e2t 470 etc. Ne convient pas pour les anciens 420, qui ont un pied de m\u00e2t enfourchant. Avec t\u00e9ton. Livr\u00e9 avec axe et r\u00e9as,\u00a0 Trou d&rsquo;axe non perc\u00e9.","_links":{"self":[{"href":"https:\/\/www.nenuphar.com\/en\/wp-json\/wp\/v2\/product\/1153","targetHints":{"allow":["GET"]}}],"collection":[{"href":"https:\/\/www.nenuphar.com\/en\/wp-json\/wp\/v2\/product"}],"about":[{"href":"https:\/\/www.nenuphar.com\/en\/wp-json\/wp\/v2\/types\/product"}],"wp:featuredmedia":[{"embeddable":true,"href":"https:\/\/www.nenuphar.com\/en\/wp-json\/wp\/v2\/media\/1217"}],"wp:attachment":[{"href":"https:\/\/www.nenuphar.com\/en\/wp-json\/wp\/v2\/media?parent=1153"}],"wp:term":[{"taxonomy":"product_brand","embeddable":true,"href":"https:\/\/www.nenuphar.com\/en\/wp-json\/wp\/v2\/product_brand?post=1153"},{"taxonomy":"product_cat","embeddable":true,"href":"https:\/\/www.nenuphar.com\/en\/wp-json\/wp\/v2\/product_cat?post=1153"},{"taxonomy":"product_tag","embeddable":true,"href":"https:\/\/www.nenuphar.com\/en\/wp-json\/wp\/v2\/product_tag?post=1153"}],"curies":[{"name":"wp","href":"https:\/\/api.w.org\/{rel}","templated":true}]}}