{"id":1159,"date":"2026-01-04T20:13:53","date_gmt":"2026-01-04T20:13:53","guid":{"rendered":"https:\/\/nen.kmkoncept.fr\/?post_type=product&#038;p=1159"},"modified":"2026-04-28T07:28:53","modified_gmt":"2026-04-28T07:28:53","slug":"pied-de-mat-fonderie-dalu-superspars-m7","status":"publish","type":"product","link":"https:\/\/www.nenuphar.com\/en\/shop\/navigation\/mats\/pieces-de-mat\/pied-de-mat-fonderie-dalu-superspars-m7\/","title":{"rendered":"PIED DE MAT FONDERIE D&rsquo;ALU &#8211; SUPERSPARS M7"},"content":{"rendered":"<p>Pied de mat en fonderie d&rsquo;aluminium pour profil SUPERSPARS M7<\/p>\n<p>base l\u00e9g\u00e8rement courbe<\/p>\n<p>s&rsquo;adapte \u00e0 toutes les emplantures d\u00e9riveurs<\/p>","protected":false},"excerpt":{"rendered":"<p>Pied de mat en fonderie d&rsquo;aluminium pour profil SUPERSPARS M7 base l\u00e9g\u00e8rement courbe s&rsquo;adapte \u00e0 toutes les emplantures d\u00e9riveurs<\/p>","protected":false},"featured_media":1218,"template":"","meta":{"_acf_changed":false,"_uag_custom_page_level_css":""},"product_brand":[469],"product_cat":[74],"product_tag":[],"class_list":{"0":"post-1159","1":"product","2":"type-product","3":"status-publish","4":"has-post-thumbnail","6":"product_brand-superspars","7":"product_cat-pieces-de-mat","9":"first","10":"instock","11":"taxable","12":"shipping-taxable","13":"purchasable","14":"product-type-simple"},"acf":[],"aioseo_notices":[],"uagb_featured_image_src":{"full":["https:\/\/www.nenuphar.com\/wp-content\/uploads\/2026\/01\/3953-scaled.jpg",2560,1707,false],"thumbnail":["https:\/\/www.nenuphar.com\/wp-content\/uploads\/2026\/01\/3953-150x150.jpg",150,150,true],"medium":["https:\/\/www.nenuphar.com\/wp-content\/uploads\/2026\/01\/3953-300x200.jpg",300,200,true],"medium_large":["https:\/\/www.nenuphar.com\/wp-content\/uploads\/2026\/01\/3953-768x512.jpg",768,512,true],"large":["https:\/\/www.nenuphar.com\/wp-content\/uploads\/2026\/01\/3953-1024x683.jpg",1024,683,true],"1536x1536":["https:\/\/www.nenuphar.com\/wp-content\/uploads\/2026\/01\/3953-1536x1024.jpg",1536,1024,true],"2048x2048":["https:\/\/www.nenuphar.com\/wp-content\/uploads\/2026\/01\/3953-2048x1365.jpg",2048,1365,true],"trp-custom-language-flag":["https:\/\/www.nenuphar.com\/wp-content\/uploads\/2026\/01\/3953-scaled.jpg",18,12,false],"woocommerce_thumbnail":["https:\/\/www.nenuphar.com\/wp-content\/uploads\/2026\/01\/3953-300x300.jpg",300,300,true],"woocommerce_single":["https:\/\/www.nenuphar.com\/wp-content\/uploads\/2026\/01\/3953-600x400.jpg",600,400,true],"woocommerce_gallery_thumbnail":["https:\/\/www.nenuphar.com\/wp-content\/uploads\/2026\/01\/3953-100x100.jpg",100,100,true]},"uagb_author_info":{"display_name":"Karine","author_link":"https:\/\/www.nenuphar.com\/en\/author\/"},"uagb_comment_info":0,"uagb_excerpt":"Pied de mat en fonderie d&rsquo;aluminium pour profil SUPERSPARS M7 base l\u00e9g\u00e8rement courbe s&rsquo;adapte \u00e0 toutes les emplantures d\u00e9riveurs","_links":{"self":[{"href":"https:\/\/www.nenuphar.com\/en\/wp-json\/wp\/v2\/product\/1159","targetHints":{"allow":["GET"]}}],"collection":[{"href":"https:\/\/www.nenuphar.com\/en\/wp-json\/wp\/v2\/product"}],"about":[{"href":"https:\/\/www.nenuphar.com\/en\/wp-json\/wp\/v2\/types\/product"}],"wp:featuredmedia":[{"embeddable":true,"href":"https:\/\/www.nenuphar.com\/en\/wp-json\/wp\/v2\/media\/1218"}],"wp:attachment":[{"href":"https:\/\/www.nenuphar.com\/en\/wp-json\/wp\/v2\/media?parent=1159"}],"wp:term":[{"taxonomy":"product_brand","embeddable":true,"href":"https:\/\/www.nenuphar.com\/en\/wp-json\/wp\/v2\/product_brand?post=1159"},{"taxonomy":"product_cat","embeddable":true,"href":"https:\/\/www.nenuphar.com\/en\/wp-json\/wp\/v2\/product_cat?post=1159"},{"taxonomy":"product_tag","embeddable":true,"href":"https:\/\/www.nenuphar.com\/en\/wp-json\/wp\/v2\/product_tag?post=1159"}],"curies":[{"name":"wp","href":"https:\/\/api.w.org\/{rel}","templated":true}]}}