{"id":1186,"date":"2026-01-04T20:15:33","date_gmt":"2026-01-04T20:15:33","guid":{"rendered":"https:\/\/nen.kmkoncept.fr\/?post_type=product&#038;p=1186"},"modified":"2026-04-29T09:29:46","modified_gmt":"2026-04-29T09:29:46","slug":"tete-de-mat-ou-pied-de-mat-z125-zspars","status":"publish","type":"product","link":"https:\/\/www.nenuphar.com\/en\/shop\/navigation\/mats\/pieces-de-mat\/tete-de-mat-ou-pied-de-mat-z125-zspars\/","title":{"rendered":"Masthead or mast base \u2013 Z125 ZSpars"},"content":{"rendered":"<p>This Z Spars part for Z125 profile can be used either as a masthead for external halyards or as a mast base, with the top cleverly equipped with a mortise. The inboard fitting for the boat will then be our ref. 1111.<\/p>\n<p>Delivered with sheaves, pins, and split rings.<\/p>","protected":false},"excerpt":{"rendered":"<p>Cette pi\u00e8ce Z Spars pour profil Z125 s&rsquo;utilise aussi bien en t\u00eate de m\u00e2t pour les drisses ext\u00e9rieures, qu&rsquo;en pied de m\u00e2t, le dessus de la pi\u00e8ce \u00e9tant astucieusement muni d&rsquo;une mortaise. L&#8217;emplanture dans le bateau sera alors notre r\u00e9f 1111. Livr\u00e9 avec r\u00e9as, axes et anneaux bris\u00e9s.<\/p>","protected":false},"featured_media":1239,"template":"","meta":{"_acf_changed":false,"_uag_custom_page_level_css":""},"product_brand":[476],"product_cat":[74],"product_tag":[],"class_list":{"0":"post-1186","1":"product","2":"type-product","3":"status-publish","4":"has-post-thumbnail","6":"product_brand-z-spars","7":"product_cat-pieces-de-mat","9":"first","10":"instock","11":"taxable","12":"shipping-taxable","13":"purchasable","14":"product-type-simple"},"acf":[],"aioseo_notices":[],"uagb_featured_image_src":{"full":["https:\/\/www.nenuphar.com\/wp-content\/uploads\/2026\/01\/2775-scaled.jpg",2560,1707,false],"thumbnail":["https:\/\/www.nenuphar.com\/wp-content\/uploads\/2026\/01\/2775-150x150.jpg",150,150,true],"medium":["https:\/\/www.nenuphar.com\/wp-content\/uploads\/2026\/01\/2775-300x200.jpg",300,200,true],"medium_large":["https:\/\/www.nenuphar.com\/wp-content\/uploads\/2026\/01\/2775-768x512.jpg",768,512,true],"large":["https:\/\/www.nenuphar.com\/wp-content\/uploads\/2026\/01\/2775-1024x683.jpg",1024,683,true],"1536x1536":["https:\/\/www.nenuphar.com\/wp-content\/uploads\/2026\/01\/2775-1536x1024.jpg",1536,1024,true],"2048x2048":["https:\/\/www.nenuphar.com\/wp-content\/uploads\/2026\/01\/2775-2048x1365.jpg",2048,1365,true],"trp-custom-language-flag":["https:\/\/www.nenuphar.com\/wp-content\/uploads\/2026\/01\/2775-scaled.jpg",18,12,false],"woocommerce_thumbnail":["https:\/\/www.nenuphar.com\/wp-content\/uploads\/2026\/01\/2775-300x300.jpg",300,300,true],"woocommerce_single":["https:\/\/www.nenuphar.com\/wp-content\/uploads\/2026\/01\/2775-600x400.jpg",600,400,true],"woocommerce_gallery_thumbnail":["https:\/\/www.nenuphar.com\/wp-content\/uploads\/2026\/01\/2775-100x100.jpg",100,100,true]},"uagb_author_info":{"display_name":"Karine","author_link":"https:\/\/www.nenuphar.com\/en\/author\/"},"uagb_comment_info":0,"uagb_excerpt":"Cette pi\u00e8ce Z Spars pour profil Z125 s&rsquo;utilise aussi bien en t\u00eate de m\u00e2t pour les drisses ext\u00e9rieures, qu&rsquo;en pied de m\u00e2t, le dessus de la pi\u00e8ce \u00e9tant astucieusement muni d&rsquo;une mortaise. L&#8217;emplanture dans le bateau sera alors notre r\u00e9f 1111. Livr\u00e9 avec r\u00e9as, axes et anneaux bris\u00e9s.","_links":{"self":[{"href":"https:\/\/www.nenuphar.com\/en\/wp-json\/wp\/v2\/product\/1186","targetHints":{"allow":["GET"]}}],"collection":[{"href":"https:\/\/www.nenuphar.com\/en\/wp-json\/wp\/v2\/product"}],"about":[{"href":"https:\/\/www.nenuphar.com\/en\/wp-json\/wp\/v2\/types\/product"}],"wp:featuredmedia":[{"embeddable":true,"href":"https:\/\/www.nenuphar.com\/en\/wp-json\/wp\/v2\/media\/1239"}],"wp:attachment":[{"href":"https:\/\/www.nenuphar.com\/en\/wp-json\/wp\/v2\/media?parent=1186"}],"wp:term":[{"taxonomy":"product_brand","embeddable":true,"href":"https:\/\/www.nenuphar.com\/en\/wp-json\/wp\/v2\/product_brand?post=1186"},{"taxonomy":"product_cat","embeddable":true,"href":"https:\/\/www.nenuphar.com\/en\/wp-json\/wp\/v2\/product_cat?post=1186"},{"taxonomy":"product_tag","embeddable":true,"href":"https:\/\/www.nenuphar.com\/en\/wp-json\/wp\/v2\/product_tag?post=1186"}],"curies":[{"name":"wp","href":"https:\/\/api.w.org\/{rel}","templated":true}]}}