{"id":1213,"date":"2026-01-04T20:16:33","date_gmt":"2026-01-04T20:16:33","guid":{"rendered":"https:\/\/nen.kmkoncept.fr\/?post_type=product&#038;p=1213"},"modified":"2026-04-28T07:30:49","modified_gmt":"2026-04-28T07:30:49","slug":"boule-arret-de-drisse-13mm-diam-cord-4mm-blanche","status":"publish","type":"product","link":"https:\/\/www.nenuphar.com\/en\/shop\/stockage\/chariots\/chariots-catamarans\/boule-arret-de-drisse-13mm-diam-cord-4mm-blanche\/","title":{"rendered":"Galvanized Catamaran Single-Beam Trolley \u2013 2 wheels + long tow bar (Size 3)"},"content":{"rendered":"<p>Galvanized steel catamaran launching trolley<\/p>\n<p>Made in France. Reference 3210T with 2 standard wheels 400\u00d78. Reference 3210T\/5 with large wheels 7615.<\/p>","protected":false},"excerpt":{"rendered":"<p>Chariot de mise \u00e0 l&rsquo;eau catamaran en acier galvanis\u00e9. Fabriqu\u00e9 en France. R\u00e9f\u00e9rence\u00a03210T avec 2 roues standards 400&#215;8. R\u00e9f\u00e9rence 3210T\/5 avec grosses roues 7615.<\/p>","protected":false},"featured_media":7528,"template":"","meta":{"_acf_changed":false,"_uag_custom_page_level_css":""},"product_brand":[430],"product_cat":[140],"product_tag":[],"class_list":{"0":"post-1213","1":"product","2":"type-product","3":"status-publish","4":"has-post-thumbnail","6":"product_brand-nenuphar","7":"product_cat-chariots-catamarans","8":"product_shipping_class-schenker","10":"first","11":"onbackorder","12":"taxable","13":"shipping-taxable","14":"purchasable","15":"product-type-variable"},"acf":[],"aioseo_notices":[],"uagb_featured_image_src":{"full":["https:\/\/www.nenuphar.com\/wp-content\/uploads\/2026\/01\/48.jpg",1417,525,false],"thumbnail":["https:\/\/www.nenuphar.com\/wp-content\/uploads\/2026\/01\/48-150x150.jpg",150,150,true],"medium":["https:\/\/www.nenuphar.com\/wp-content\/uploads\/2026\/01\/48-300x111.jpg",300,111,true],"medium_large":["https:\/\/www.nenuphar.com\/wp-content\/uploads\/2026\/01\/48-768x285.jpg",768,285,true],"large":["https:\/\/www.nenuphar.com\/wp-content\/uploads\/2026\/01\/48-1024x379.jpg",1024,379,true],"1536x1536":["https:\/\/www.nenuphar.com\/wp-content\/uploads\/2026\/01\/48.jpg",1417,525,false],"2048x2048":["https:\/\/www.nenuphar.com\/wp-content\/uploads\/2026\/01\/48.jpg",1417,525,false],"trp-custom-language-flag":["https:\/\/www.nenuphar.com\/wp-content\/uploads\/2026\/01\/48-18x7.jpg",18,7,true],"woocommerce_thumbnail":["https:\/\/www.nenuphar.com\/wp-content\/uploads\/2026\/01\/48-300x300.jpg",300,300,true],"woocommerce_single":["https:\/\/www.nenuphar.com\/wp-content\/uploads\/2026\/01\/48-600x222.jpg",600,222,true],"woocommerce_gallery_thumbnail":["https:\/\/www.nenuphar.com\/wp-content\/uploads\/2026\/01\/48-100x100.jpg",100,100,true]},"uagb_author_info":{"display_name":"Karine","author_link":"https:\/\/www.nenuphar.com\/en\/author\/"},"uagb_comment_info":0,"uagb_excerpt":"Chariot de mise \u00e0 l&rsquo;eau catamaran en acier galvanis\u00e9. Fabriqu\u00e9 en France. R\u00e9f\u00e9rence\u00a03210T avec 2 roues standards 400&#215;8. R\u00e9f\u00e9rence 3210T\/5 avec grosses roues 7615.","_links":{"self":[{"href":"https:\/\/www.nenuphar.com\/en\/wp-json\/wp\/v2\/product\/1213","targetHints":{"allow":["GET"]}}],"collection":[{"href":"https:\/\/www.nenuphar.com\/en\/wp-json\/wp\/v2\/product"}],"about":[{"href":"https:\/\/www.nenuphar.com\/en\/wp-json\/wp\/v2\/types\/product"}],"wp:featuredmedia":[{"embeddable":true,"href":"https:\/\/www.nenuphar.com\/en\/wp-json\/wp\/v2\/media\/7528"}],"wp:attachment":[{"href":"https:\/\/www.nenuphar.com\/en\/wp-json\/wp\/v2\/media?parent=1213"}],"wp:term":[{"taxonomy":"product_brand","embeddable":true,"href":"https:\/\/www.nenuphar.com\/en\/wp-json\/wp\/v2\/product_brand?post=1213"},{"taxonomy":"product_cat","embeddable":true,"href":"https:\/\/www.nenuphar.com\/en\/wp-json\/wp\/v2\/product_cat?post=1213"},{"taxonomy":"product_tag","embeddable":true,"href":"https:\/\/www.nenuphar.com\/en\/wp-json\/wp\/v2\/product_tag?post=1213"}],"curies":[{"name":"wp","href":"https:\/\/api.w.org\/{rel}","templated":true}]}}