{"id":1216,"date":"2026-01-04T20:16:33","date_gmt":"2026-01-04T20:16:33","guid":{"rendered":"https:\/\/nen.kmkoncept.fr\/?post_type=product&#038;p=1216"},"modified":"2026-04-28T07:29:19","modified_gmt":"2026-04-28T07:29:19","slug":"latte-ridoir-axes-d-8mm-18-814","status":"publish","type":"product","link":"https:\/\/www.nenuphar.com\/en\/shop\/navigation\/mats\/pieces-de-mat\/latte-ridoir-axes-d-8mm-18-814\/","title":{"rendered":"STAY ADJUSTER D 8MM LG 120MM"},"content":{"rendered":"<p>Stainless steel turnbuckle plate \u2013 length 140 mm, width 18 mm.<\/p>\n<p>9 holes, 8 mm diameter.<\/p>\n<p>Center-to-center distance between the two end holes: 120 mm.<\/p>\n<p>2 pins drilled, 8 mm diameter, length 14 mm.<\/p>\n<p>2 split rings, 15 mm diameter.<\/p>","protected":false},"excerpt":{"rendered":"<p>latte inox longueur 140mm largeur 18 mm 9 trous diam\u00e8tre 8 mm entraxe entre les 2 trous des extr\u00e9mit\u00e9s 120mm 2 axes perc\u00e9s d8 lu 14 2 anneaux bris\u00e9s d15<\/p>","protected":false},"featured_media":1274,"template":"","meta":{"_acf_changed":false,"_uag_custom_page_level_css":""},"product_brand":[430],"product_cat":[74],"product_tag":[],"class_list":{"0":"post-1216","1":"product","2":"type-product","3":"status-publish","4":"has-post-thumbnail","6":"product_brand-nenuphar","7":"product_cat-pieces-de-mat","9":"first","10":"instock","11":"taxable","12":"shipping-taxable","13":"purchasable","14":"product-type-simple"},"acf":[],"aioseo_notices":[],"uagb_featured_image_src":{"full":["https:\/\/www.nenuphar.com\/wp-content\/uploads\/2026\/01\/2072.jpg",117,400,false],"thumbnail":["https:\/\/www.nenuphar.com\/wp-content\/uploads\/2026\/01\/2072-117x150.jpg",117,150,true],"medium":["https:\/\/www.nenuphar.com\/wp-content\/uploads\/2026\/01\/2072-88x300.jpg",88,300,true],"medium_large":["https:\/\/www.nenuphar.com\/wp-content\/uploads\/2026\/01\/2072.jpg",117,400,false],"large":["https:\/\/www.nenuphar.com\/wp-content\/uploads\/2026\/01\/2072.jpg",117,400,false],"1536x1536":["https:\/\/www.nenuphar.com\/wp-content\/uploads\/2026\/01\/2072.jpg",117,400,false],"2048x2048":["https:\/\/www.nenuphar.com\/wp-content\/uploads\/2026\/01\/2072.jpg",117,400,false],"trp-custom-language-flag":["https:\/\/www.nenuphar.com\/wp-content\/uploads\/2026\/01\/2072.jpg",4,12,false],"woocommerce_thumbnail":["https:\/\/www.nenuphar.com\/wp-content\/uploads\/2026\/01\/2072-117x300.jpg",117,300,true],"woocommerce_single":["https:\/\/www.nenuphar.com\/wp-content\/uploads\/2026\/01\/2072.jpg",117,400,false],"woocommerce_gallery_thumbnail":["https:\/\/www.nenuphar.com\/wp-content\/uploads\/2026\/01\/2072-100x100.jpg",100,100,true]},"uagb_author_info":{"display_name":"Karine","author_link":"https:\/\/www.nenuphar.com\/en\/author\/"},"uagb_comment_info":0,"uagb_excerpt":"latte inox longueur 140mm largeur 18 mm 9 trous diam\u00e8tre 8 mm entraxe entre les 2 trous des extr\u00e9mit\u00e9s 120mm 2 axes perc\u00e9s d8 lu 14 2 anneaux bris\u00e9s d15","_links":{"self":[{"href":"https:\/\/www.nenuphar.com\/en\/wp-json\/wp\/v2\/product\/1216","targetHints":{"allow":["GET"]}}],"collection":[{"href":"https:\/\/www.nenuphar.com\/en\/wp-json\/wp\/v2\/product"}],"about":[{"href":"https:\/\/www.nenuphar.com\/en\/wp-json\/wp\/v2\/types\/product"}],"wp:featuredmedia":[{"embeddable":true,"href":"https:\/\/www.nenuphar.com\/en\/wp-json\/wp\/v2\/media\/1274"}],"wp:attachment":[{"href":"https:\/\/www.nenuphar.com\/en\/wp-json\/wp\/v2\/media?parent=1216"}],"wp:term":[{"taxonomy":"product_brand","embeddable":true,"href":"https:\/\/www.nenuphar.com\/en\/wp-json\/wp\/v2\/product_brand?post=1216"},{"taxonomy":"product_cat","embeddable":true,"href":"https:\/\/www.nenuphar.com\/en\/wp-json\/wp\/v2\/product_cat?post=1216"},{"taxonomy":"product_tag","embeddable":true,"href":"https:\/\/www.nenuphar.com\/en\/wp-json\/wp\/v2\/product_tag?post=1216"}],"curies":[{"name":"wp","href":"https:\/\/api.w.org\/{rel}","templated":true}]}}