{"id":1222,"date":"2026-01-04T20:17:11","date_gmt":"2026-01-04T20:17:11","guid":{"rendered":"https:\/\/nen.kmkoncept.fr\/?post_type=product&#038;p=1222"},"modified":"2026-04-28T07:29:19","modified_gmt":"2026-04-28T07:29:19","slug":"latte-ridoir-d6mm-entraxe-127mm-en-x","status":"publish","type":"product","link":"https:\/\/www.nenuphar.com\/en\/shop\/navigation\/mats\/pieces-de-mat\/latte-ridoir-d6mm-entraxe-127mm-en-x\/","title":{"rendered":"LATTE RIDOIR D6MM ENTRAXE &#8211; 150MM EN X"},"content":{"rendered":"<p>Latte ridoir en \u00ab\u00a0X\u00a0\u00bb.<\/p>\n<p>Pins drilled, diameter 6 mm.<\/p>\n<p>Entraxe maximum : 127 mm<\/p>\n<p>Pas de r\u00e9glage: 13 mm<\/p>\n<p>Distance entre axe du bas et premier trou: 52 mm<\/p>","protected":false},"excerpt":{"rendered":"<p>Latte ridoir en \u00ab\u00a0X\u00a0\u00bb. Axes perc\u00e9s diam\u00e8tre 6 mm Entraxe maximum : 127 mm Pas de r\u00e9glage: 13 mm Distance entre axe du bas et premier trou: 52 mm<\/p>","protected":false},"featured_media":1276,"template":"","meta":{"_acf_changed":false,"_uag_custom_page_level_css":""},"product_brand":[],"product_cat":[74],"product_tag":[],"class_list":{"0":"post-1222","1":"product","2":"type-product","3":"status-publish","4":"has-post-thumbnail","6":"product_cat-pieces-de-mat","8":"first","9":"instock","10":"taxable","11":"shipping-taxable","12":"purchasable","13":"product-type-simple"},"acf":[],"aioseo_notices":[],"uagb_featured_image_src":{"full":["https:\/\/www.nenuphar.com\/wp-content\/uploads\/2026\/01\/723.jpg",106,400,false],"thumbnail":["https:\/\/www.nenuphar.com\/wp-content\/uploads\/2026\/01\/723-106x150.jpg",106,150,true],"medium":["https:\/\/www.nenuphar.com\/wp-content\/uploads\/2026\/01\/723-80x300.jpg",80,300,true],"medium_large":["https:\/\/www.nenuphar.com\/wp-content\/uploads\/2026\/01\/723.jpg",106,400,false],"large":["https:\/\/www.nenuphar.com\/wp-content\/uploads\/2026\/01\/723.jpg",106,400,false],"1536x1536":["https:\/\/www.nenuphar.com\/wp-content\/uploads\/2026\/01\/723.jpg",106,400,false],"2048x2048":["https:\/\/www.nenuphar.com\/wp-content\/uploads\/2026\/01\/723.jpg",106,400,false],"trp-custom-language-flag":["https:\/\/www.nenuphar.com\/wp-content\/uploads\/2026\/01\/723.jpg",3,12,false],"woocommerce_thumbnail":["https:\/\/www.nenuphar.com\/wp-content\/uploads\/2026\/01\/723-106x300.jpg",106,300,true],"woocommerce_single":["https:\/\/www.nenuphar.com\/wp-content\/uploads\/2026\/01\/723.jpg",106,400,false],"woocommerce_gallery_thumbnail":["https:\/\/www.nenuphar.com\/wp-content\/uploads\/2026\/01\/723-100x100.jpg",100,100,true]},"uagb_author_info":{"display_name":"Karine","author_link":"https:\/\/www.nenuphar.com\/en\/author\/"},"uagb_comment_info":0,"uagb_excerpt":"Latte ridoir en \u00ab\u00a0X\u00a0\u00bb. Axes perc\u00e9s diam\u00e8tre 6 mm Entraxe maximum : 127 mm Pas de r\u00e9glage: 13 mm Distance entre axe du bas et premier trou: 52 mm","_links":{"self":[{"href":"https:\/\/www.nenuphar.com\/en\/wp-json\/wp\/v2\/product\/1222","targetHints":{"allow":["GET"]}}],"collection":[{"href":"https:\/\/www.nenuphar.com\/en\/wp-json\/wp\/v2\/product"}],"about":[{"href":"https:\/\/www.nenuphar.com\/en\/wp-json\/wp\/v2\/types\/product"}],"wp:featuredmedia":[{"embeddable":true,"href":"https:\/\/www.nenuphar.com\/en\/wp-json\/wp\/v2\/media\/1276"}],"wp:attachment":[{"href":"https:\/\/www.nenuphar.com\/en\/wp-json\/wp\/v2\/media?parent=1222"}],"wp:term":[{"taxonomy":"product_brand","embeddable":true,"href":"https:\/\/www.nenuphar.com\/en\/wp-json\/wp\/v2\/product_brand?post=1222"},{"taxonomy":"product_cat","embeddable":true,"href":"https:\/\/www.nenuphar.com\/en\/wp-json\/wp\/v2\/product_cat?post=1222"},{"taxonomy":"product_tag","embeddable":true,"href":"https:\/\/www.nenuphar.com\/en\/wp-json\/wp\/v2\/product_tag?post=1222"}],"curies":[{"name":"wp","href":"https:\/\/api.w.org\/{rel}","templated":true}]}}