{"id":1230,"date":"2026-01-04T20:17:37","date_gmt":"2026-01-04T20:17:37","guid":{"rendered":"https:\/\/nen.kmkoncept.fr\/?post_type=product&#038;p=1230"},"modified":"2026-04-28T07:27:24","modified_gmt":"2026-04-28T07:27:24","slug":"anneau-de-trapeze-a-poulie","status":"publish","type":"product","link":"https:\/\/www.nenuphar.com\/en\/shop\/navigation\/mats\/pieces-de-mat\/anneau-de-trapeze-a-poulie\/","title":{"rendered":"\u2013 Speed sheet (18 ft) \u2013 underside."},"content":{"rendered":"<p>Speed Feet 18 cover (underside) in marine acrylic fabric, Sunbrella.<\/p>\n<p>Made in France. Cut-outs allow the cover to be fitted even when the boat is on its trailer. Valid only for trailers with original cradles.<\/p>\n<p><img loading=\"lazy\" decoding=\"async\" src=\"http:\/\/www.nenuphar.com\/img\/cms\/sunbrella.jpg\" alt=\"\" width=\"150\" height=\"44\" \/><\/p>","protected":false},"excerpt":{"rendered":"<p>Taud de Speed Feet 18 dessous en tissu acrylique marin Sunbrella. Fabriqu\u00e9 en France. D\u00e9coupes permettant d&rsquo;installer le taud, m\u00eame quand il est pos\u00e9 sur sa remorque. Valable uniquement pour remorques avec bers d&rsquo;origine.<\/p>","protected":false},"featured_media":1278,"template":"","meta":{"_acf_changed":false,"_uag_custom_page_level_css":""},"product_brand":[430],"product_cat":[74],"product_tag":[],"class_list":{"0":"post-1230","1":"product","2":"type-product","3":"status-publish","4":"has-post-thumbnail","6":"product_brand-nenuphar","7":"product_cat-pieces-de-mat","9":"first","10":"onbackorder","11":"taxable","12":"shipping-taxable","13":"purchasable","14":"product-type-simple"},"acf":[],"aioseo_notices":[],"uagb_featured_image_src":{"full":["https:\/\/www.nenuphar.com\/wp-content\/uploads\/2026\/01\/1022.jpg",454,340,false],"thumbnail":["https:\/\/www.nenuphar.com\/wp-content\/uploads\/2026\/01\/1022-150x150.jpg",150,150,true],"medium":["https:\/\/www.nenuphar.com\/wp-content\/uploads\/2026\/01\/1022-300x225.jpg",300,225,true],"medium_large":["https:\/\/www.nenuphar.com\/wp-content\/uploads\/2026\/01\/1022.jpg",454,340,false],"large":["https:\/\/www.nenuphar.com\/wp-content\/uploads\/2026\/01\/1022.jpg",454,340,false],"1536x1536":["https:\/\/www.nenuphar.com\/wp-content\/uploads\/2026\/01\/1022.jpg",454,340,false],"2048x2048":["https:\/\/www.nenuphar.com\/wp-content\/uploads\/2026\/01\/1022.jpg",454,340,false],"trp-custom-language-flag":["https:\/\/www.nenuphar.com\/wp-content\/uploads\/2026\/01\/1022.jpg",16,12,false],"woocommerce_thumbnail":["https:\/\/www.nenuphar.com\/wp-content\/uploads\/2026\/01\/1022-300x300.jpg",300,300,true],"woocommerce_single":["https:\/\/www.nenuphar.com\/wp-content\/uploads\/2026\/01\/1022.jpg",454,340,false],"woocommerce_gallery_thumbnail":["https:\/\/www.nenuphar.com\/wp-content\/uploads\/2026\/01\/1022-100x100.jpg",100,100,true]},"uagb_author_info":{"display_name":"Karine","author_link":"https:\/\/www.nenuphar.com\/en\/author\/"},"uagb_comment_info":0,"uagb_excerpt":"Taud de Speed Feet 18 dessous en tissu acrylique marin Sunbrella. Fabriqu\u00e9 en France. D\u00e9coupes permettant d&rsquo;installer le taud, m\u00eame quand il est pos\u00e9 sur sa remorque. Valable uniquement pour remorques avec bers d&rsquo;origine.","_links":{"self":[{"href":"https:\/\/www.nenuphar.com\/en\/wp-json\/wp\/v2\/product\/1230","targetHints":{"allow":["GET"]}}],"collection":[{"href":"https:\/\/www.nenuphar.com\/en\/wp-json\/wp\/v2\/product"}],"about":[{"href":"https:\/\/www.nenuphar.com\/en\/wp-json\/wp\/v2\/types\/product"}],"wp:featuredmedia":[{"embeddable":true,"href":"https:\/\/www.nenuphar.com\/en\/wp-json\/wp\/v2\/media\/1278"}],"wp:attachment":[{"href":"https:\/\/www.nenuphar.com\/en\/wp-json\/wp\/v2\/media?parent=1230"}],"wp:term":[{"taxonomy":"product_brand","embeddable":true,"href":"https:\/\/www.nenuphar.com\/en\/wp-json\/wp\/v2\/product_brand?post=1230"},{"taxonomy":"product_cat","embeddable":true,"href":"https:\/\/www.nenuphar.com\/en\/wp-json\/wp\/v2\/product_cat?post=1230"},{"taxonomy":"product_tag","embeddable":true,"href":"https:\/\/www.nenuphar.com\/en\/wp-json\/wp\/v2\/product_tag?post=1230"}],"curies":[{"name":"wp","href":"https:\/\/api.w.org\/{rel}","templated":true}]}}