{"id":1256,"date":"2026-01-04T20:18:23","date_gmt":"2026-01-04T20:18:23","guid":{"rendered":"https:\/\/nen.kmkoncept.fr\/?post_type=product&#038;p=1256"},"modified":"2026-04-29T05:47:58","modified_gmt":"2026-04-29T05:47:58","slug":"kit-trapezes-vago","status":"publish","type":"product","link":"https:\/\/www.nenuphar.com\/en\/shop\/navigation\/mats\/pieces-de-mat\/kit-trapezes-vago\/","title":{"rendered":"TRAPEZE KIT FOR VAGO"},"content":{"rendered":"<p>Absolutely necessary if you want to use 100% your Laser Vago!<\/p>","protected":false},"excerpt":{"rendered":"<p>Complete kit: 2 wires with trapeze handle, trapeze clam cleat, trapeze ring with block, rope.<\/p>","protected":false},"featured_media":0,"template":"","meta":{"_acf_changed":false,"_uag_custom_page_level_css":""},"product_brand":[430],"product_cat":[74],"product_tag":[],"class_list":{"0":"post-1256","1":"product","2":"type-product","3":"status-publish","5":"product_brand-nenuphar","6":"product_cat-pieces-de-mat","8":"first","9":"onbackorder","10":"taxable","11":"shipping-taxable","12":"purchasable","13":"product-type-simple"},"acf":[],"aioseo_notices":[],"uagb_featured_image_src":{"full":false,"thumbnail":false,"medium":false,"medium_large":false,"large":false,"1536x1536":false,"2048x2048":false,"trp-custom-language-flag":false,"woocommerce_thumbnail":false,"woocommerce_single":false,"woocommerce_gallery_thumbnail":false},"uagb_author_info":{"display_name":"Karine","author_link":"https:\/\/www.nenuphar.com\/en\/author\/"},"uagb_comment_info":0,"uagb_excerpt":"Comprend les 2 c\u00e2bles, avec poign\u00e9es, clam sp\u00e9cial trap\u00e8ze, anneau de trap\u00e8ze \u00e0 poulie, cordage de palan.","_links":{"self":[{"href":"https:\/\/www.nenuphar.com\/en\/wp-json\/wp\/v2\/product\/1256","targetHints":{"allow":["GET"]}}],"collection":[{"href":"https:\/\/www.nenuphar.com\/en\/wp-json\/wp\/v2\/product"}],"about":[{"href":"https:\/\/www.nenuphar.com\/en\/wp-json\/wp\/v2\/types\/product"}],"wp:attachment":[{"href":"https:\/\/www.nenuphar.com\/en\/wp-json\/wp\/v2\/media?parent=1256"}],"wp:term":[{"taxonomy":"product_brand","embeddable":true,"href":"https:\/\/www.nenuphar.com\/en\/wp-json\/wp\/v2\/product_brand?post=1256"},{"taxonomy":"product_cat","embeddable":true,"href":"https:\/\/www.nenuphar.com\/en\/wp-json\/wp\/v2\/product_cat?post=1256"},{"taxonomy":"product_tag","embeddable":true,"href":"https:\/\/www.nenuphar.com\/en\/wp-json\/wp\/v2\/product_tag?post=1256"}],"curies":[{"name":"wp","href":"https:\/\/api.w.org\/{rel}","templated":true}]}}