{"id":1288,"date":"2026-01-04T20:19:33","date_gmt":"2026-01-04T20:19:33","guid":{"rendered":"https:\/\/nen.kmkoncept.fr\/?post_type=product&#038;p=1288"},"modified":"2026-04-28T07:30:26","modified_gmt":"2026-04-28T07:30:26","slug":"patte-hale-bas-equipe-pour-mat-zspars-pontet-long","status":"publish","type":"product","link":"https:\/\/www.nenuphar.com\/en\/shop\/series\/deriveurs\/equipe\/patte-hale-bas-equipe-pour-mat-zspars-pontet-long\/","title":{"rendered":"Equipped vang bracket \u2013 for ZSpars mast with long base plate"},"content":{"rendered":"<p>Vang bracket (\u00c9quipe dinghy) for ZSpars mast.<\/p>\n<\/p>\n<p>This bracket was installed so that it passes through the mast.<\/p>\n<\/p>\n<p>It can also be used as a long base plate or other attachment points\u2026<\/p>","protected":false},"excerpt":{"rendered":"<p>Patte hale-bas (d\u00e9riveur \u00c9quipe)\u00a0 pour mat Zspars. Cette patte \u00e9tait install\u00e9e de fa\u00e7ons a traverser le mat. Peu aussi servir de pontet long ou autres encrages&#8230;<\/p>","protected":false},"featured_media":1322,"template":"","meta":{"_acf_changed":false,"_uag_custom_page_level_css":""},"product_brand":[],"product_cat":[199,74],"product_tag":[427],"class_list":{"0":"post-1288","1":"product","2":"type-product","3":"status-publish","4":"has-post-thumbnail","6":"product_cat-equipe","7":"product_cat-pieces-de-mat","8":"product_tag-equipe","10":"first","11":"instock","12":"taxable","13":"shipping-taxable","14":"purchasable","15":"product-type-simple"},"acf":[],"aioseo_notices":[],"uagb_featured_image_src":{"full":["https:\/\/www.nenuphar.com\/wp-content\/uploads\/2026\/01\/5845-scaled.jpg",1920,2560,false],"thumbnail":["https:\/\/www.nenuphar.com\/wp-content\/uploads\/2026\/01\/5845-150x150.jpg",150,150,true],"medium":["https:\/\/www.nenuphar.com\/wp-content\/uploads\/2026\/01\/5845-225x300.jpg",225,300,true],"medium_large":["https:\/\/www.nenuphar.com\/wp-content\/uploads\/2026\/01\/5845-768x1024.jpg",768,1024,true],"large":["https:\/\/www.nenuphar.com\/wp-content\/uploads\/2026\/01\/5845-768x1024.jpg",768,1024,true],"1536x1536":["https:\/\/www.nenuphar.com\/wp-content\/uploads\/2026\/01\/5845-1152x1536.jpg",1152,1536,true],"2048x2048":["https:\/\/www.nenuphar.com\/wp-content\/uploads\/2026\/01\/5845-1536x2048.jpg",1536,2048,true],"trp-custom-language-flag":["https:\/\/www.nenuphar.com\/wp-content\/uploads\/2026\/01\/5845-scaled.jpg",9,12,false],"woocommerce_thumbnail":["https:\/\/www.nenuphar.com\/wp-content\/uploads\/2026\/01\/5845-300x300.jpg",300,300,true],"woocommerce_single":["https:\/\/www.nenuphar.com\/wp-content\/uploads\/2026\/01\/5845-600x800.jpg",600,800,true],"woocommerce_gallery_thumbnail":["https:\/\/www.nenuphar.com\/wp-content\/uploads\/2026\/01\/5845-100x100.jpg",100,100,true]},"uagb_author_info":{"display_name":"Karine","author_link":"https:\/\/www.nenuphar.com\/en\/author\/"},"uagb_comment_info":0,"uagb_excerpt":"Patte hale-bas (d\u00e9riveur \u00c9quipe)\u00a0 pour mat Zspars. Cette patte \u00e9tait install\u00e9e de fa\u00e7ons a traverser le mat. Peu aussi servir de pontet long ou autres encrages&#8230;","_links":{"self":[{"href":"https:\/\/www.nenuphar.com\/en\/wp-json\/wp\/v2\/product\/1288","targetHints":{"allow":["GET"]}}],"collection":[{"href":"https:\/\/www.nenuphar.com\/en\/wp-json\/wp\/v2\/product"}],"about":[{"href":"https:\/\/www.nenuphar.com\/en\/wp-json\/wp\/v2\/types\/product"}],"wp:featuredmedia":[{"embeddable":true,"href":"https:\/\/www.nenuphar.com\/en\/wp-json\/wp\/v2\/media\/1322"}],"wp:attachment":[{"href":"https:\/\/www.nenuphar.com\/en\/wp-json\/wp\/v2\/media?parent=1288"}],"wp:term":[{"taxonomy":"product_brand","embeddable":true,"href":"https:\/\/www.nenuphar.com\/en\/wp-json\/wp\/v2\/product_brand?post=1288"},{"taxonomy":"product_cat","embeddable":true,"href":"https:\/\/www.nenuphar.com\/en\/wp-json\/wp\/v2\/product_cat?post=1288"},{"taxonomy":"product_tag","embeddable":true,"href":"https:\/\/www.nenuphar.com\/en\/wp-json\/wp\/v2\/product_tag?post=1288"}],"curies":[{"name":"wp","href":"https:\/\/api.w.org\/{rel}","templated":true}]}}