{"id":1330,"date":"2026-01-05T15:46:05","date_gmt":"2026-01-05T15:46:05","guid":{"rendered":"https:\/\/nen.kmkoncept.fr\/?post_type=product&#038;p=1330"},"modified":"2026-04-28T07:28:14","modified_gmt":"2026-04-28T07:28:14","slug":"bouts-bordure-laser-primaire-secondaire-episses","status":"publish","type":"product","link":"https:\/\/www.nenuphar.com\/en\/shop\/navigation\/cordage\/dyneema\/bouts-bordure-laser-primaire-secondaire-episses\/","title":{"rendered":"Primary and secondary Laser foot lines, spliced."},"content":{"rendered":"<p>Dyneema SK78, 4 mm diameter x 2.25 m with a spliced loop.<\/p>\n<p>Halyard with Dyneema core, 4 mm diameter x 5.88 m with a whipped loop.<\/p>","protected":false},"excerpt":{"rendered":"<p>Dyneema SK 78 diam\u00e8tre 4mm * 2m25 avec une boucle en \u00e9pissure Drisse \u00e2me dyneema diam\u00e8tre 4mm *5m88 avec une boucle en surliure<\/p>","protected":false},"featured_media":1345,"template":"","meta":{"_acf_changed":false,"_uag_custom_page_level_css":""},"product_brand":[],"product_cat":[88],"product_tag":[],"class_list":{"0":"post-1330","1":"product","2":"type-product","3":"status-publish","4":"has-post-thumbnail","6":"product_cat-dyneema","8":"first","9":"instock","10":"taxable","11":"shipping-taxable","12":"purchasable","13":"product-type-simple"},"acf":[],"aioseo_notices":[],"uagb_featured_image_src":{"full":["https:\/\/www.nenuphar.com\/wp-content\/uploads\/2026\/01\/6002-scaled.jpg",1920,2560,false],"thumbnail":["https:\/\/www.nenuphar.com\/wp-content\/uploads\/2026\/01\/6002-150x150.jpg",150,150,true],"medium":["https:\/\/www.nenuphar.com\/wp-content\/uploads\/2026\/01\/6002-225x300.jpg",225,300,true],"medium_large":["https:\/\/www.nenuphar.com\/wp-content\/uploads\/2026\/01\/6002-768x1024.jpg",768,1024,true],"large":["https:\/\/www.nenuphar.com\/wp-content\/uploads\/2026\/01\/6002-768x1024.jpg",768,1024,true],"1536x1536":["https:\/\/www.nenuphar.com\/wp-content\/uploads\/2026\/01\/6002-1152x1536.jpg",1152,1536,true],"2048x2048":["https:\/\/www.nenuphar.com\/wp-content\/uploads\/2026\/01\/6002-1536x2048.jpg",1536,2048,true],"trp-custom-language-flag":["https:\/\/www.nenuphar.com\/wp-content\/uploads\/2026\/01\/6002-scaled.jpg",9,12,false],"woocommerce_thumbnail":["https:\/\/www.nenuphar.com\/wp-content\/uploads\/2026\/01\/6002-300x300.jpg",300,300,true],"woocommerce_single":["https:\/\/www.nenuphar.com\/wp-content\/uploads\/2026\/01\/6002-600x800.jpg",600,800,true],"woocommerce_gallery_thumbnail":["https:\/\/www.nenuphar.com\/wp-content\/uploads\/2026\/01\/6002-100x100.jpg",100,100,true]},"uagb_author_info":{"display_name":"Karine","author_link":"https:\/\/www.nenuphar.com\/en\/author\/"},"uagb_comment_info":0,"uagb_excerpt":"Dyneema SK 78 diam\u00e8tre 4mm * 2m25 avec une boucle en \u00e9pissure Drisse \u00e2me dyneema diam\u00e8tre 4mm *5m88 avec une boucle en surliure","_links":{"self":[{"href":"https:\/\/www.nenuphar.com\/en\/wp-json\/wp\/v2\/product\/1330","targetHints":{"allow":["GET"]}}],"collection":[{"href":"https:\/\/www.nenuphar.com\/en\/wp-json\/wp\/v2\/product"}],"about":[{"href":"https:\/\/www.nenuphar.com\/en\/wp-json\/wp\/v2\/types\/product"}],"wp:featuredmedia":[{"embeddable":true,"href":"https:\/\/www.nenuphar.com\/en\/wp-json\/wp\/v2\/media\/1345"}],"wp:attachment":[{"href":"https:\/\/www.nenuphar.com\/en\/wp-json\/wp\/v2\/media?parent=1330"}],"wp:term":[{"taxonomy":"product_brand","embeddable":true,"href":"https:\/\/www.nenuphar.com\/en\/wp-json\/wp\/v2\/product_brand?post=1330"},{"taxonomy":"product_cat","embeddable":true,"href":"https:\/\/www.nenuphar.com\/en\/wp-json\/wp\/v2\/product_cat?post=1330"},{"taxonomy":"product_tag","embeddable":true,"href":"https:\/\/www.nenuphar.com\/en\/wp-json\/wp\/v2\/product_tag?post=1330"}],"curies":[{"name":"wp","href":"https:\/\/api.w.org\/{rel}","templated":true}]}}