{"id":1333,"date":"2026-01-05T15:46:05","date_gmt":"2026-01-05T15:46:05","guid":{"rendered":"https:\/\/nen.kmkoncept.fr\/?post_type=product&#038;p=1333"},"modified":"2026-04-28T14:30:52","modified_gmt":"2026-04-28T14:30:52","slug":"dyneema-competition-couleur-100-ml-d3-d4-d5-d6","status":"publish","type":"product","link":"https:\/\/www.nenuphar.com\/en\/shop\/navigation\/cordage\/dyneema\/dyneema-competition-couleur-100-ml-d3-d4-d5-d6\/","title":{"rendered":"DYNEEMA BY 100ML"},"content":{"rendered":"<p>Very abrasion-resistant sheath. Intermediate sheath that makes splicing easier and strengthens the bond between sheath and core.<\/p>\n<p>Elongation at working load &lt; 1.5%.<\/p>\n<p>Available in solid black in 4 mm, 5 mm, and 6 mm diameters. Ideal for lacing a trampoline.<\/p>\n<p>You can:<\/p>\n<p>Either choose the color,<\/p>\n<p>Or choose the generic reference and we will supply what is available (faster, if a color is out of stock).<\/p>\n<p>Pr\u00e9\u00e9tir\u00e9 Liros REGATTA 2000<\/p>","protected":false},"excerpt":{"rendered":"<p>Gaine tr\u00e8s r\u00e9sistante \u00e0 l&rsquo;abrasion. Gaine interm\u00e9diaire qui facilite les travaux d&rsquo;\u00e9pissure et renforce la coh\u00e9sion gaine-\u00e2me. Allongement \u00e0 la charge de travail &lt;1.5% Existe en noir uni en diam\u00e8tre 4 mm, 5mm, 6mm. Id\u00e9al pour le transfilage d&rsquo;un trampoline. Vous pouvez: Soit choisir la couleur, Soit choisir la r\u00e9f\u00e9rence g\u00e9n\u00e9rique et nous mettrons le [&hellip;]<\/p>\n","protected":false},"featured_media":1347,"template":"","meta":{"_acf_changed":false,"_uag_custom_page_level_css":""},"product_brand":[455],"product_cat":[88],"product_tag":[],"class_list":{"0":"post-1333","1":"product","2":"type-product","3":"status-publish","4":"has-post-thumbnail","6":"product_brand-liros","7":"product_cat-dyneema","9":"first","10":"onbackorder","11":"taxable","12":"shipping-taxable","13":"purchasable","14":"product-type-variable"},"acf":[],"aioseo_notices":[],"uagb_featured_image_src":{"full":["https:\/\/www.nenuphar.com\/wp-content\/uploads\/2026\/01\/2958.jpg",1948,2128,false],"thumbnail":["https:\/\/www.nenuphar.com\/wp-content\/uploads\/2026\/01\/2958-150x150.jpg",150,150,true],"medium":["https:\/\/www.nenuphar.com\/wp-content\/uploads\/2026\/01\/2958-275x300.jpg",275,300,true],"medium_large":["https:\/\/www.nenuphar.com\/wp-content\/uploads\/2026\/01\/2958-768x839.jpg",768,839,true],"large":["https:\/\/www.nenuphar.com\/wp-content\/uploads\/2026\/01\/2958-937x1024.jpg",937,1024,true],"1536x1536":["https:\/\/www.nenuphar.com\/wp-content\/uploads\/2026\/01\/2958-1406x1536.jpg",1406,1536,true],"2048x2048":["https:\/\/www.nenuphar.com\/wp-content\/uploads\/2026\/01\/2958-1875x2048.jpg",1875,2048,true],"trp-custom-language-flag":["https:\/\/www.nenuphar.com\/wp-content\/uploads\/2026\/01\/2958.jpg",11,12,false],"woocommerce_thumbnail":["https:\/\/www.nenuphar.com\/wp-content\/uploads\/2026\/01\/2958-300x300.jpg",300,300,true],"woocommerce_single":["https:\/\/www.nenuphar.com\/wp-content\/uploads\/2026\/01\/2958-600x655.jpg",600,655,true],"woocommerce_gallery_thumbnail":["https:\/\/www.nenuphar.com\/wp-content\/uploads\/2026\/01\/2958-100x100.jpg",100,100,true]},"uagb_author_info":{"display_name":"Karine","author_link":"https:\/\/www.nenuphar.com\/en\/author\/"},"uagb_comment_info":0,"uagb_excerpt":"Gaine tr\u00e8s r\u00e9sistante \u00e0 l&rsquo;abrasion. Gaine interm\u00e9diaire qui facilite les travaux d&rsquo;\u00e9pissure et renforce la coh\u00e9sion gaine-\u00e2me. Allongement \u00e0 la charge de travail &lt;1.5% Existe en noir uni en diam\u00e8tre 4 mm, 5mm, 6mm. Id\u00e9al pour le transfilage d&rsquo;un trampoline. Vous pouvez: Soit choisir la couleur, Soit choisir la r\u00e9f\u00e9rence g\u00e9n\u00e9rique et nous mettrons le&hellip;","_links":{"self":[{"href":"https:\/\/www.nenuphar.com\/en\/wp-json\/wp\/v2\/product\/1333","targetHints":{"allow":["GET"]}}],"collection":[{"href":"https:\/\/www.nenuphar.com\/en\/wp-json\/wp\/v2\/product"}],"about":[{"href":"https:\/\/www.nenuphar.com\/en\/wp-json\/wp\/v2\/types\/product"}],"wp:featuredmedia":[{"embeddable":true,"href":"https:\/\/www.nenuphar.com\/en\/wp-json\/wp\/v2\/media\/1347"}],"wp:attachment":[{"href":"https:\/\/www.nenuphar.com\/en\/wp-json\/wp\/v2\/media?parent=1333"}],"wp:term":[{"taxonomy":"product_brand","embeddable":true,"href":"https:\/\/www.nenuphar.com\/en\/wp-json\/wp\/v2\/product_brand?post=1333"},{"taxonomy":"product_cat","embeddable":true,"href":"https:\/\/www.nenuphar.com\/en\/wp-json\/wp\/v2\/product_cat?post=1333"},{"taxonomy":"product_tag","embeddable":true,"href":"https:\/\/www.nenuphar.com\/en\/wp-json\/wp\/v2\/product_tag?post=1333"}],"curies":[{"name":"wp","href":"https:\/\/api.w.org\/{rel}","templated":true}]}}