{"id":1338,"date":"2026-01-05T15:46:05","date_gmt":"2026-01-05T15:46:05","guid":{"rendered":"https:\/\/nen.kmkoncept.fr\/?post_type=product&#038;p=1338"},"modified":"2026-04-28T07:29:14","modified_gmt":"2026-04-28T07:29:14","slug":"dyneema-magic-xtr-haut-gamme-d5-le-ml","status":"publish","type":"product","link":"https:\/\/www.nenuphar.com\/en\/shop\/navigation\/cordage\/dyneema\/dyneema-magic-xtr-haut-gamme-d5-le-ml\/","title":{"rendered":"High-end Dyneema Magic XTR D5 \u2013 sold per meter."},"content":{"rendered":"<p>Elongation at working load &lt; 1%.<br \/>\u00a0 Strippable for maximum weight reduction.<br \/>\u00a0 Ultra-resistant sheath.<\/p>\n<\/p>\n<p>vendu au m\u00e8tre lin\u00e9aire<\/p>","protected":false},"excerpt":{"rendered":"<p>allongement charge de travail &lt; 1 %\u00a0 d\u00e9gainable pour un gain de poids maximum\u00a0 gaine ultra r\u00e9sistante vendu au m\u00e8tre lin\u00e9aire<\/p>","protected":false},"featured_media":1353,"template":"","meta":{"_acf_changed":false,"_uag_custom_page_level_css":""},"product_brand":[455],"product_cat":[88],"product_tag":[],"class_list":{"0":"post-1338","1":"product","2":"type-product","3":"status-publish","4":"has-post-thumbnail","6":"product_brand-liros","7":"product_cat-dyneema","9":"first","10":"instock","11":"taxable","12":"shipping-taxable","13":"purchasable","14":"product-type-simple"},"acf":[],"aioseo_notices":[],"uagb_featured_image_src":{"full":["https:\/\/www.nenuphar.com\/wp-content\/uploads\/2026\/01\/6061.jpg",1250,110,false],"thumbnail":["https:\/\/www.nenuphar.com\/wp-content\/uploads\/2026\/01\/6061-150x110.jpg",150,110,true],"medium":["https:\/\/www.nenuphar.com\/wp-content\/uploads\/2026\/01\/6061-300x26.jpg",300,26,true],"medium_large":["https:\/\/www.nenuphar.com\/wp-content\/uploads\/2026\/01\/6061-768x68.jpg",768,68,true],"large":["https:\/\/www.nenuphar.com\/wp-content\/uploads\/2026\/01\/6061-1024x90.jpg",1024,90,true],"1536x1536":["https:\/\/www.nenuphar.com\/wp-content\/uploads\/2026\/01\/6061.jpg",1250,110,false],"2048x2048":["https:\/\/www.nenuphar.com\/wp-content\/uploads\/2026\/01\/6061.jpg",1250,110,false],"trp-custom-language-flag":["https:\/\/www.nenuphar.com\/wp-content\/uploads\/2026\/01\/6061.jpg",18,2,false],"woocommerce_thumbnail":["https:\/\/www.nenuphar.com\/wp-content\/uploads\/2026\/01\/6061-300x110.jpg",300,110,true],"woocommerce_single":["https:\/\/www.nenuphar.com\/wp-content\/uploads\/2026\/01\/6061-600x53.jpg",600,53,true],"woocommerce_gallery_thumbnail":["https:\/\/www.nenuphar.com\/wp-content\/uploads\/2026\/01\/6061-100x100.jpg",100,100,true]},"uagb_author_info":{"display_name":"Karine","author_link":"https:\/\/www.nenuphar.com\/en\/author\/"},"uagb_comment_info":0,"uagb_excerpt":"allongement charge de travail &lt; 1 %\u00a0 d\u00e9gainable pour un gain de poids maximum\u00a0 gaine ultra r\u00e9sistante vendu au m\u00e8tre lin\u00e9aire","_links":{"self":[{"href":"https:\/\/www.nenuphar.com\/en\/wp-json\/wp\/v2\/product\/1338","targetHints":{"allow":["GET"]}}],"collection":[{"href":"https:\/\/www.nenuphar.com\/en\/wp-json\/wp\/v2\/product"}],"about":[{"href":"https:\/\/www.nenuphar.com\/en\/wp-json\/wp\/v2\/types\/product"}],"wp:featuredmedia":[{"embeddable":true,"href":"https:\/\/www.nenuphar.com\/en\/wp-json\/wp\/v2\/media\/1353"}],"wp:attachment":[{"href":"https:\/\/www.nenuphar.com\/en\/wp-json\/wp\/v2\/media?parent=1338"}],"wp:term":[{"taxonomy":"product_brand","embeddable":true,"href":"https:\/\/www.nenuphar.com\/en\/wp-json\/wp\/v2\/product_brand?post=1338"},{"taxonomy":"product_cat","embeddable":true,"href":"https:\/\/www.nenuphar.com\/en\/wp-json\/wp\/v2\/product_cat?post=1338"},{"taxonomy":"product_tag","embeddable":true,"href":"https:\/\/www.nenuphar.com\/en\/wp-json\/wp\/v2\/product_tag?post=1338"}],"curies":[{"name":"wp","href":"https:\/\/api.w.org\/{rel}","templated":true}]}}