{"id":1342,"date":"2026-01-05T15:46:05","date_gmt":"2026-01-05T15:46:05","guid":{"rendered":"https:\/\/nen.kmkoncept.fr\/?post_type=product&#038;p=1342"},"modified":"2026-04-28T07:30:52","modified_gmt":"2026-04-28T07:30:52","slug":"dyneema-sk78-diametre-4mm-lg-10m","status":"publish","type":"product","link":"https:\/\/www.nenuphar.com\/en\/shop\/navigation\/cordage\/dyneema\/dyneema-sk78-diametre-4mm-lg-10m\/","title":{"rendered":"Dyneema SK78 \u2013 4 mm diameter, 10 m length."},"content":{"rendered":"<p>D-Pro provides cutting edge performance on modern performance dinghies and sport boats. Especially developed for transmission of highest loads to deliver maximum speed. An all purpose rope with the lowest weight and minimal stretch incorporating the LIROS HEAT-STRETCH-SYSTEM. High abrasion resistance and zero water absorption due to LIROS impregnation system. Info - Stretch characteristics &lt; 1% - higher breaking strength than wire diameter for diameter - very low stretch - zero water absorption - very easy to splice<\/p>","protected":false},"excerpt":{"rendered":"<p><strong>Les plus :<\/strong> Strength equivalent to a 7\u00d719 cable \u2013 very low elongation \u2013 no moisture absorption \u2013 very easy to splice \u2013 elongation under working load &lt; 1% \u2013 pure treated Dyneema from 6 mm, see DYNEEMA.<\/p>\n<p>Couleurs disponibles : BLANC et ARGENT<\/p>","protected":false},"featured_media":1360,"template":"","meta":{"_acf_changed":false,"_uag_custom_page_level_css":""},"product_brand":[455],"product_cat":[88],"product_tag":[],"class_list":{"0":"post-1342","1":"product","2":"type-product","3":"status-publish","4":"has-post-thumbnail","6":"product_brand-liros","7":"product_cat-dyneema","9":"first","10":"instock","11":"taxable","12":"shipping-taxable","13":"purchasable","14":"product-type-variable"},"acf":[],"aioseo_notices":[],"uagb_featured_image_src":{"full":["https:\/\/www.nenuphar.com\/wp-content\/uploads\/2026\/01\/904.jpg",400,267,false],"thumbnail":["https:\/\/www.nenuphar.com\/wp-content\/uploads\/2026\/01\/904-150x150.jpg",150,150,true],"medium":["https:\/\/www.nenuphar.com\/wp-content\/uploads\/2026\/01\/904-300x200.jpg",300,200,true],"medium_large":["https:\/\/www.nenuphar.com\/wp-content\/uploads\/2026\/01\/904.jpg",400,267,false],"large":["https:\/\/www.nenuphar.com\/wp-content\/uploads\/2026\/01\/904.jpg",400,267,false],"1536x1536":["https:\/\/www.nenuphar.com\/wp-content\/uploads\/2026\/01\/904.jpg",400,267,false],"2048x2048":["https:\/\/www.nenuphar.com\/wp-content\/uploads\/2026\/01\/904.jpg",400,267,false],"trp-custom-language-flag":["https:\/\/www.nenuphar.com\/wp-content\/uploads\/2026\/01\/904.jpg",18,12,false],"woocommerce_thumbnail":["https:\/\/www.nenuphar.com\/wp-content\/uploads\/2026\/01\/904-300x267.jpg",300,267,true],"woocommerce_single":["https:\/\/www.nenuphar.com\/wp-content\/uploads\/2026\/01\/904.jpg",400,267,false],"woocommerce_gallery_thumbnail":["https:\/\/www.nenuphar.com\/wp-content\/uploads\/2026\/01\/904-100x100.jpg",100,100,true]},"uagb_author_info":{"display_name":"Karine","author_link":"https:\/\/www.nenuphar.com\/en\/author\/"},"uagb_comment_info":0,"uagb_excerpt":"Les plus : R\u00e9sistance \u00e9quivalente \u00e0 un c\u00e2ble 07x19 - Allongement tr\u00e8s faible - Pas de prise d'humidit\u00e9 - Tr\u00e8s facile \u00e0 \u00e9pisser - Allongement inf\u00e9rieur \u00e0 1% en charge de travail - Dyneema Pur trait\u00e9 \u00e0 partir du 6 mm voir DYNEEMA. Couleurs disponibles : BLANC et ARGENT","_links":{"self":[{"href":"https:\/\/www.nenuphar.com\/en\/wp-json\/wp\/v2\/product\/1342","targetHints":{"allow":["GET"]}}],"collection":[{"href":"https:\/\/www.nenuphar.com\/en\/wp-json\/wp\/v2\/product"}],"about":[{"href":"https:\/\/www.nenuphar.com\/en\/wp-json\/wp\/v2\/types\/product"}],"wp:featuredmedia":[{"embeddable":true,"href":"https:\/\/www.nenuphar.com\/en\/wp-json\/wp\/v2\/media\/1360"}],"wp:attachment":[{"href":"https:\/\/www.nenuphar.com\/en\/wp-json\/wp\/v2\/media?parent=1342"}],"wp:term":[{"taxonomy":"product_brand","embeddable":true,"href":"https:\/\/www.nenuphar.com\/en\/wp-json\/wp\/v2\/product_brand?post=1342"},{"taxonomy":"product_cat","embeddable":true,"href":"https:\/\/www.nenuphar.com\/en\/wp-json\/wp\/v2\/product_cat?post=1342"},{"taxonomy":"product_tag","embeddable":true,"href":"https:\/\/www.nenuphar.com\/en\/wp-json\/wp\/v2\/product_tag?post=1342"}],"curies":[{"name":"wp","href":"https:\/\/api.w.org\/{rel}","templated":true}]}}