{"id":1368,"date":"2026-01-05T15:49:17","date_gmt":"2026-01-05T15:49:17","guid":{"rendered":"https:\/\/nen.kmkoncept.fr\/?post_type=product&#038;p=1368"},"modified":"2026-04-28T07:30:50","modified_gmt":"2026-04-28T07:30:50","slug":"ecoute-standard-au-metre","status":"publish","type":"product","link":"https:\/\/www.nenuphar.com\/en\/shop\/navigation\/cordage\/ecoute\/ecoute-standard-au-metre\/","title":{"rendered":"STANDARD 8 PLAIT MATT POLYESTER BY THE METER"},"content":{"rendered":"<p>Ecoute standard au ml. Ecoute polyester 8 fuseaux<\/p>\n<p>Blanc fil couleur.<\/p>\n<p>Attention: les cordages vendus au m\u00e8tre ne sont ni repris, ni \u00e9chang\u00e9s.<\/p>","protected":false},"excerpt":{"rendered":"<p>Standard sheet 8 plait matt polyester by the meter white with colour inserts<\/p>","protected":false},"featured_media":1386,"template":"","meta":{"_acf_changed":false,"_uag_custom_page_level_css":""},"product_brand":[453],"product_cat":[89],"product_tag":[],"class_list":{"0":"post-1368","1":"product","2":"type-product","3":"status-publish","4":"has-post-thumbnail","6":"product_brand-lancelin","7":"product_cat-ecoute","9":"first","10":"instock","11":"taxable","12":"shipping-taxable","13":"purchasable","14":"product-type-variable"},"acf":[],"aioseo_notices":[],"uagb_featured_image_src":{"full":["https:\/\/www.nenuphar.com\/wp-content\/uploads\/2026\/01\/2177.jpg",201,300,false],"thumbnail":["https:\/\/www.nenuphar.com\/wp-content\/uploads\/2026\/01\/2177-150x150.jpg",150,150,true],"medium":["https:\/\/www.nenuphar.com\/wp-content\/uploads\/2026\/01\/2177.jpg",201,300,false],"medium_large":["https:\/\/www.nenuphar.com\/wp-content\/uploads\/2026\/01\/2177.jpg",201,300,false],"large":["https:\/\/www.nenuphar.com\/wp-content\/uploads\/2026\/01\/2177.jpg",201,300,false],"1536x1536":["https:\/\/www.nenuphar.com\/wp-content\/uploads\/2026\/01\/2177.jpg",201,300,false],"2048x2048":["https:\/\/www.nenuphar.com\/wp-content\/uploads\/2026\/01\/2177.jpg",201,300,false],"trp-custom-language-flag":["https:\/\/www.nenuphar.com\/wp-content\/uploads\/2026\/01\/2177.jpg",8,12,false],"woocommerce_thumbnail":["https:\/\/www.nenuphar.com\/wp-content\/uploads\/2026\/01\/2177.jpg",201,300,false],"woocommerce_single":["https:\/\/www.nenuphar.com\/wp-content\/uploads\/2026\/01\/2177.jpg",201,300,false],"woocommerce_gallery_thumbnail":["https:\/\/www.nenuphar.com\/wp-content\/uploads\/2026\/01\/2177-100x100.jpg",100,100,true]},"uagb_author_info":{"display_name":"Karine","author_link":"https:\/\/www.nenuphar.com\/en\/author\/"},"uagb_comment_info":0,"uagb_excerpt":"Ecoute standard au ml. Ecoute polyester 8 fuseaux Blanc fil couleur. Attention: les cordages vendus au m\u00e8tre ne sont ni repris, ni \u00e9chang\u00e9s.","_links":{"self":[{"href":"https:\/\/www.nenuphar.com\/en\/wp-json\/wp\/v2\/product\/1368","targetHints":{"allow":["GET"]}}],"collection":[{"href":"https:\/\/www.nenuphar.com\/en\/wp-json\/wp\/v2\/product"}],"about":[{"href":"https:\/\/www.nenuphar.com\/en\/wp-json\/wp\/v2\/types\/product"}],"wp:featuredmedia":[{"embeddable":true,"href":"https:\/\/www.nenuphar.com\/en\/wp-json\/wp\/v2\/media\/1386"}],"wp:attachment":[{"href":"https:\/\/www.nenuphar.com\/en\/wp-json\/wp\/v2\/media?parent=1368"}],"wp:term":[{"taxonomy":"product_brand","embeddable":true,"href":"https:\/\/www.nenuphar.com\/en\/wp-json\/wp\/v2\/product_brand?post=1368"},{"taxonomy":"product_cat","embeddable":true,"href":"https:\/\/www.nenuphar.com\/en\/wp-json\/wp\/v2\/product_cat?post=1368"},{"taxonomy":"product_tag","embeddable":true,"href":"https:\/\/www.nenuphar.com\/en\/wp-json\/wp\/v2\/product_tag?post=1368"}],"curies":[{"name":"wp","href":"https:\/\/api.w.org\/{rel}","templated":true}]}}