{"id":1370,"date":"2026-01-05T15:49:17","date_gmt":"2026-01-05T15:49:17","guid":{"rendered":"https:\/\/nen.kmkoncept.fr\/?post_type=product&#038;p=1370"},"modified":"2026-04-28T07:30:50","modified_gmt":"2026-04-28T07:30:50","slug":"ecoute-mm-16-24-fuseaux-couleur-au-ml","status":"publish","type":"product","link":"https:\/\/www.nenuphar.com\/en\/shop\/navigation\/cordage\/ecoute\/ecoute-mm-16-24-fuseaux-couleur-au-ml\/","title":{"rendered":"16-PLAITED COLORED SHEET D 6MM BY ML"},"content":{"rendered":"<p>High-quality polyester spun sheet with a \u201ccotton-like\u201d feel, ideal as a mainsail, genoa, or spinnaker sheet. 16-strand construction up to 10 mm diameter and 24-strand construction for 12 mm.<\/p>\n<p>Soft construction, white, ideal for flag halyard or general purpose use for lashings, etc.<\/p>\n<p>Colors subject to availability.<\/p>","protected":false},"excerpt":{"rendered":"<p>Ecoute d&rsquo;excellente qualit\u00e9 en polyester fil\u00e9 toucher \u00ab\u00a0coton\u00a0\u00bb, ideale comme \u00e9coute de grand&rsquo;voile, de g\u00e9nois ou de spi. 16 fuseaux jusqu&rsquo;\u00e0 d 10mm et 24 fuseaux en 12mm. Attention: les cordages vendus au ml ne sont ni repris, ni \u00e9chang\u00e9s. Couleurs selon disponibilit\u00e9<\/p>","protected":false},"featured_media":1388,"template":"","meta":{"_acf_changed":false,"_uag_custom_page_level_css":""},"product_brand":[455],"product_cat":[89],"product_tag":[],"class_list":{"0":"post-1370","1":"product","2":"type-product","3":"status-publish","4":"has-post-thumbnail","6":"product_brand-liros","7":"product_cat-ecoute","9":"first","10":"onbackorder","11":"taxable","12":"shipping-taxable","13":"purchasable","14":"product-type-variable"},"acf":[],"aioseo_notices":[],"uagb_featured_image_src":{"full":["https:\/\/www.nenuphar.com\/wp-content\/uploads\/2026\/01\/758.jpg",39,400,false],"thumbnail":["https:\/\/www.nenuphar.com\/wp-content\/uploads\/2026\/01\/758-39x150.jpg",39,150,true],"medium":["https:\/\/www.nenuphar.com\/wp-content\/uploads\/2026\/01\/758-29x300.jpg",29,300,true],"medium_large":["https:\/\/www.nenuphar.com\/wp-content\/uploads\/2026\/01\/758.jpg",39,400,false],"large":["https:\/\/www.nenuphar.com\/wp-content\/uploads\/2026\/01\/758.jpg",39,400,false],"1536x1536":["https:\/\/www.nenuphar.com\/wp-content\/uploads\/2026\/01\/758.jpg",39,400,false],"2048x2048":["https:\/\/www.nenuphar.com\/wp-content\/uploads\/2026\/01\/758.jpg",39,400,false],"trp-custom-language-flag":["https:\/\/www.nenuphar.com\/wp-content\/uploads\/2026\/01\/758.jpg",1,12,false],"woocommerce_thumbnail":["https:\/\/www.nenuphar.com\/wp-content\/uploads\/2026\/01\/758-39x300.jpg",39,300,true],"woocommerce_single":["https:\/\/www.nenuphar.com\/wp-content\/uploads\/2026\/01\/758.jpg",39,400,false],"woocommerce_gallery_thumbnail":["https:\/\/www.nenuphar.com\/wp-content\/uploads\/2026\/01\/758-39x100.jpg",39,100,true]},"uagb_author_info":{"display_name":"Karine","author_link":"https:\/\/www.nenuphar.com\/en\/author\/"},"uagb_comment_info":0,"uagb_excerpt":"Ecoute d&rsquo;excellente qualit\u00e9 en polyester fil\u00e9 toucher \u00ab\u00a0coton\u00a0\u00bb, ideale comme \u00e9coute de grand&rsquo;voile, de g\u00e9nois ou de spi. 16 fuseaux jusqu&rsquo;\u00e0 d 10mm et 24 fuseaux en 12mm. Attention: les cordages vendus au ml ne sont ni repris, ni \u00e9chang\u00e9s. Couleurs selon disponibilit\u00e9","_links":{"self":[{"href":"https:\/\/www.nenuphar.com\/en\/wp-json\/wp\/v2\/product\/1370","targetHints":{"allow":["GET"]}}],"collection":[{"href":"https:\/\/www.nenuphar.com\/en\/wp-json\/wp\/v2\/product"}],"about":[{"href":"https:\/\/www.nenuphar.com\/en\/wp-json\/wp\/v2\/types\/product"}],"wp:featuredmedia":[{"embeddable":true,"href":"https:\/\/www.nenuphar.com\/en\/wp-json\/wp\/v2\/media\/1388"}],"wp:attachment":[{"href":"https:\/\/www.nenuphar.com\/en\/wp-json\/wp\/v2\/media?parent=1370"}],"wp:term":[{"taxonomy":"product_brand","embeddable":true,"href":"https:\/\/www.nenuphar.com\/en\/wp-json\/wp\/v2\/product_brand?post=1370"},{"taxonomy":"product_cat","embeddable":true,"href":"https:\/\/www.nenuphar.com\/en\/wp-json\/wp\/v2\/product_cat?post=1370"},{"taxonomy":"product_tag","embeddable":true,"href":"https:\/\/www.nenuphar.com\/en\/wp-json\/wp\/v2\/product_tag?post=1370"}],"curies":[{"name":"wp","href":"https:\/\/api.w.org\/{rel}","templated":true}]}}