{"id":1382,"date":"2026-01-05T15:49:17","date_gmt":"2026-01-05T15:49:17","guid":{"rendered":"https:\/\/nen.kmkoncept.fr\/?post_type=product&#038;p=1382"},"modified":"2026-04-28T07:30:51","modified_gmt":"2026-04-28T07:30:51","slug":"ecoute-dynasoft-souple-grip-100ml","status":"publish","type":"product","link":"https:\/\/www.nenuphar.com\/en\/shop\/navigation\/cordage\/ecoute\/ecoute-dynasoft-souple-grip-100ml\/","title":{"rendered":"SHEET DYNASOFT  \/ GRIP \/ 100ML"},"content":{"rendered":"<p>Very high grip.<\/p>\n<p>Ultra flexible.<\/p>\n<p>Traitement Heat Stretch System<\/p>\n<p>Very high maneuverability.<\/p>\n<p>Available in diameters:<\/p>\n<p>&#8211; 7 mm,<\/p>\n<p>&#8211; 9 mm.<\/p>","protected":false},"excerpt":{"rendered":"<p><span class=\"beschreibung\">LIROS DynaSoft is a new product that combines extreme flexibility, excellent grip, and low elongation. It features a hybrid construction with Grip fiber and dyed Dyneema\u00ae. An excellent, highly manageable sheet, or halyard for racing use. <\/span><\/p>\n<p><span class=\"beschreibung\">Strength:<\/span><\/p>\n<p><span class=\"beschreibung\">&#8211; d 7 mm : 1200 DaN<\/span><\/p>\n<p><span class=\"beschreibung\">&#8211; d 9 mm : 2000 Dan<\/span><\/p>\n<table style=\"height: 6px;\" border=\"0\" width=\"5\" cellspacing=\"0\" cellpadding=\"0\">\n<tbody>\n<tr class=\"fett\">\n<td><\/td>\n<td><\/td>\n<td><\/td>\n<\/tr>\n<tr>\n<td><\/td>\n<td><\/td>\n<\/tr>\n<\/tbody>\n<\/table>","protected":false},"featured_media":1397,"template":"","meta":{"_acf_changed":false,"_uag_custom_page_level_css":""},"product_brand":[],"product_cat":[89],"product_tag":[],"class_list":{"0":"post-1382","1":"product","2":"type-product","3":"status-publish","4":"has-post-thumbnail","6":"product_cat-ecoute","8":"first","9":"instock","10":"taxable","11":"shipping-taxable","12":"purchasable","13":"product-type-variable"},"acf":[],"aioseo_notices":[],"uagb_featured_image_src":{"full":["https:\/\/www.nenuphar.com\/wp-content\/uploads\/2026\/01\/3229-scaled.jpg",2560,217,false],"thumbnail":["https:\/\/www.nenuphar.com\/wp-content\/uploads\/2026\/01\/3229-150x150.jpg",150,150,true],"medium":["https:\/\/www.nenuphar.com\/wp-content\/uploads\/2026\/01\/3229-300x25.jpg",300,25,true],"medium_large":["https:\/\/www.nenuphar.com\/wp-content\/uploads\/2026\/01\/3229-768x65.jpg",768,65,true],"large":["https:\/\/www.nenuphar.com\/wp-content\/uploads\/2026\/01\/3229-1024x87.jpg",1024,87,true],"1536x1536":["https:\/\/www.nenuphar.com\/wp-content\/uploads\/2026\/01\/3229-1536x130.jpg",1536,130,true],"2048x2048":["https:\/\/www.nenuphar.com\/wp-content\/uploads\/2026\/01\/3229-2048x173.jpg",2048,173,true],"trp-custom-language-flag":["https:\/\/www.nenuphar.com\/wp-content\/uploads\/2026\/01\/3229-scaled.jpg",18,2,false],"woocommerce_thumbnail":["https:\/\/www.nenuphar.com\/wp-content\/uploads\/2026\/01\/3229-300x300.jpg",300,300,true],"woocommerce_single":["https:\/\/www.nenuphar.com\/wp-content\/uploads\/2026\/01\/3229-600x51.jpg",600,51,true],"woocommerce_gallery_thumbnail":["https:\/\/www.nenuphar.com\/wp-content\/uploads\/2026\/01\/3229-100x100.jpg",100,100,true]},"uagb_author_info":{"display_name":"Karine","author_link":"https:\/\/www.nenuphar.com\/en\/author\/"},"uagb_comment_info":0,"uagb_excerpt":"La LIROS DynaSoft est un nouveau produit qui combine une souplesse extr\u00eame,un excellent grip et un allongement faible. Il s\u2019agit d\u2019une construction hybride avec une fibre Grip et du Dyneema\u00ae teint\u00e9. Excellente \u00e9coute ultra maniable, ou que de drisse en comp\u00e9tition. R\u00e9sistance: - d 7 mm : 1200 DaN - d 9 mm : 2000&hellip;","_links":{"self":[{"href":"https:\/\/www.nenuphar.com\/en\/wp-json\/wp\/v2\/product\/1382","targetHints":{"allow":["GET"]}}],"collection":[{"href":"https:\/\/www.nenuphar.com\/en\/wp-json\/wp\/v2\/product"}],"about":[{"href":"https:\/\/www.nenuphar.com\/en\/wp-json\/wp\/v2\/types\/product"}],"wp:featuredmedia":[{"embeddable":true,"href":"https:\/\/www.nenuphar.com\/en\/wp-json\/wp\/v2\/media\/1397"}],"wp:attachment":[{"href":"https:\/\/www.nenuphar.com\/en\/wp-json\/wp\/v2\/media?parent=1382"}],"wp:term":[{"taxonomy":"product_brand","embeddable":true,"href":"https:\/\/www.nenuphar.com\/en\/wp-json\/wp\/v2\/product_brand?post=1382"},{"taxonomy":"product_cat","embeddable":true,"href":"https:\/\/www.nenuphar.com\/en\/wp-json\/wp\/v2\/product_cat?post=1382"},{"taxonomy":"product_tag","embeddable":true,"href":"https:\/\/www.nenuphar.com\/en\/wp-json\/wp\/v2\/product_tag?post=1382"}],"curies":[{"name":"wp","href":"https:\/\/api.w.org\/{rel}","templated":true}]}}