{"id":1404,"date":"2026-01-05T15:52:45","date_gmt":"2026-01-05T15:52:45","guid":{"rendered":"https:\/\/nen.kmkoncept.fr\/?post_type=product&#038;p=1404"},"modified":"2026-04-28T07:29:16","modified_gmt":"2026-04-28T07:29:16","slug":"garcette-opti-competition-d3-couleur-15ml-liros-m-sport","status":"publish","type":"product","link":"https:\/\/www.nenuphar.com\/en\/shop\/navigation\/cordage\/garcette\/garcette-opti-competition-d3-couleur-15ml-liros-m-sport\/","title":{"rendered":"Opti Competition garcette D3, colored \/ 15 m spool, LIROS M. Sport."},"content":{"rendered":"<p>Pre-stretched polyester LIROS \u201cMagic Sport\u201d.<\/p>\n<\/p>\n<p>Diam\u00e8tre 3 mm, bobine de 15 ml<\/p>\n<\/p>\n<p>On a 30 m spool for the 2 mm diameter.<\/p>\n<p>On a 15 m spool for the 3 mm diameter.<\/p>\n<p>On a 100 m spool for the 4, 5 and 6 mm diameters.<\/p>\n<p>For Optimist garcettes, halyards and control lines.<\/p>\n<p>Abrasion-resistant sheaths.<\/p><\/p>","protected":false},"excerpt":{"rendered":"<p>Pr\u00e9\u00e9tir\u00e9 polyester Liros \u00ab\u00a0Magic Sport\u00a0\u00bb Diam\u00e8tre 3 mm, bobine de 15 ml En bobine de 30 ml pour le d 2mm En bobine de 15 ml pour le\u00a0 d 3 mm en bobine de 100 ml pour les diam\u00e8tres 4\/5 et 6 mm Pour garcettes optimist, drisses et lignes de contr\u00f4le. Gaines r\u00e9sistantes \u00e0 l&rsquo;abrasion<\/p>","protected":false},"featured_media":1410,"template":"","meta":{"_acf_changed":false,"_uag_custom_page_level_css":""},"product_brand":[455],"product_cat":[90],"product_tag":[],"class_list":{"0":"post-1404","1":"product","2":"type-product","3":"status-publish","4":"has-post-thumbnail","6":"product_brand-liros","7":"product_cat-garcette","9":"first","10":"instock","11":"taxable","12":"shipping-taxable","13":"purchasable","14":"product-type-simple"},"acf":[],"aioseo_notices":[],"uagb_featured_image_src":{"full":["https:\/\/www.nenuphar.com\/wp-content\/uploads\/2026\/01\/4705.jpg",283,249,false],"thumbnail":["https:\/\/www.nenuphar.com\/wp-content\/uploads\/2026\/01\/4705-150x150.jpg",150,150,true],"medium":["https:\/\/www.nenuphar.com\/wp-content\/uploads\/2026\/01\/4705.jpg",283,249,false],"medium_large":["https:\/\/www.nenuphar.com\/wp-content\/uploads\/2026\/01\/4705.jpg",283,249,false],"large":["https:\/\/www.nenuphar.com\/wp-content\/uploads\/2026\/01\/4705.jpg",283,249,false],"1536x1536":["https:\/\/www.nenuphar.com\/wp-content\/uploads\/2026\/01\/4705.jpg",283,249,false],"2048x2048":["https:\/\/www.nenuphar.com\/wp-content\/uploads\/2026\/01\/4705.jpg",283,249,false],"trp-custom-language-flag":["https:\/\/www.nenuphar.com\/wp-content\/uploads\/2026\/01\/4705.jpg",14,12,false],"woocommerce_thumbnail":["https:\/\/www.nenuphar.com\/wp-content\/uploads\/2026\/01\/4705.jpg",283,249,false],"woocommerce_single":["https:\/\/www.nenuphar.com\/wp-content\/uploads\/2026\/01\/4705.jpg",283,249,false],"woocommerce_gallery_thumbnail":["https:\/\/www.nenuphar.com\/wp-content\/uploads\/2026\/01\/4705-100x100.jpg",100,100,true]},"uagb_author_info":{"display_name":"Karine","author_link":"https:\/\/www.nenuphar.com\/en\/author\/"},"uagb_comment_info":0,"uagb_excerpt":"Pr\u00e9\u00e9tir\u00e9 polyester Liros \u00ab\u00a0Magic Sport\u00a0\u00bb Diam\u00e8tre 3 mm, bobine de 15 ml En bobine de 30 ml pour le d 2mm En bobine de 15 ml pour le\u00a0 d 3 mm en bobine de 100 ml pour les diam\u00e8tres 4\/5 et 6 mm Pour garcettes optimist, drisses et lignes de contr\u00f4le. Gaines r\u00e9sistantes \u00e0 l&rsquo;abrasion","_links":{"self":[{"href":"https:\/\/www.nenuphar.com\/en\/wp-json\/wp\/v2\/product\/1404","targetHints":{"allow":["GET"]}}],"collection":[{"href":"https:\/\/www.nenuphar.com\/en\/wp-json\/wp\/v2\/product"}],"about":[{"href":"https:\/\/www.nenuphar.com\/en\/wp-json\/wp\/v2\/types\/product"}],"wp:featuredmedia":[{"embeddable":true,"href":"https:\/\/www.nenuphar.com\/en\/wp-json\/wp\/v2\/media\/1410"}],"wp:attachment":[{"href":"https:\/\/www.nenuphar.com\/en\/wp-json\/wp\/v2\/media?parent=1404"}],"wp:term":[{"taxonomy":"product_brand","embeddable":true,"href":"https:\/\/www.nenuphar.com\/en\/wp-json\/wp\/v2\/product_brand?post=1404"},{"taxonomy":"product_cat","embeddable":true,"href":"https:\/\/www.nenuphar.com\/en\/wp-json\/wp\/v2\/product_cat?post=1404"},{"taxonomy":"product_tag","embeddable":true,"href":"https:\/\/www.nenuphar.com\/en\/wp-json\/wp\/v2\/product_tag?post=1404"}],"curies":[{"name":"wp","href":"https:\/\/api.w.org\/{rel}","templated":true}]}}