{"id":1405,"date":"2026-01-05T15:52:45","date_gmt":"2026-01-05T15:52:45","guid":{"rendered":"https:\/\/nen.kmkoncept.fr\/?post_type=product&#038;p=1405"},"modified":"2026-04-28T07:30:52","modified_gmt":"2026-04-28T07:30:52","slug":"preetire-liros-magic-sport-au-ml","status":"publish","type":"product","link":"https:\/\/www.nenuphar.com\/en\/shop\/navigation\/cordage\/garcette\/preetire-liros-magic-sport-au-ml\/","title":{"rendered":"LIROS Magic Sport pre-stretched, sold per meter."},"content":{"rendered":"<p>Technical line in bright colors.<\/p>\n<p>Abrasion-resistant sheath thanks to effective heat-setting between sheath and core.<\/p>\n<p>Spun polyester sheath.<\/p>\n<p>16 fuseaux<\/p>\n<p>Ame polyester haute densit\u00e9.<\/p>\n<p>R\u00e9sistance en daN<\/p>\n<p>D 2 mm \u00a0 95<\/p>\n<p>D 3 mm\u00a0\u00a0 185<\/p>\n<p>D 4 mm\u00a0\u00a0 550<\/p>\n<p>D 5 mm\u00a0\u00a0 850<\/p>\n<p>D 6 mm\u00a0\u00a0 1000<\/p>\n<p>&#8211; Allongement charge de travail &lt; 5 %<\/p>\n<p>&#8211; Bonne visibilit\u00e9 du bout<\/p>\n<p>&#8211; Multi usages<\/p>","protected":false},"excerpt":{"rendered":"<p>Bout technique aux couleurs vives. Gaine r\u00e9sistante \u00e0 l&rsquo;abrasion gr\u00e2ce \u00e0 une bonne thermofixation gaine et \u00e2me. Gaine polyester fil\u00e9 16 fuseaux Ame polyester haute densit\u00e9. R\u00e9sistance en daN D 2 mm \u00a0 95 D 3 mm\u00a0\u00a0 185 D 4 mm\u00a0\u00a0 550 D 5 mm\u00a0\u00a0 850 D 6 mm\u00a0\u00a0 1000 &#8211; Allongement charge de travail [&hellip;]<\/p>\n","protected":false},"featured_media":1411,"template":"","meta":{"_acf_changed":false,"_uag_custom_page_level_css":""},"product_brand":[],"product_cat":[90],"product_tag":[],"class_list":{"0":"post-1405","1":"product","2":"type-product","3":"status-publish","4":"has-post-thumbnail","6":"product_cat-garcette","8":"first","9":"instock","10":"taxable","11":"shipping-taxable","12":"purchasable","13":"product-type-variable"},"acf":[],"aioseo_notices":[],"uagb_featured_image_src":{"full":["https:\/\/www.nenuphar.com\/wp-content\/uploads\/2026\/01\/4707.jpg",2362,49,false],"thumbnail":["https:\/\/www.nenuphar.com\/wp-content\/uploads\/2026\/01\/4707-150x49.jpg",150,49,true],"medium":["https:\/\/www.nenuphar.com\/wp-content\/uploads\/2026\/01\/4707-300x6.jpg",300,6,true],"medium_large":["https:\/\/www.nenuphar.com\/wp-content\/uploads\/2026\/01\/4707-768x16.jpg",768,16,true],"large":["https:\/\/www.nenuphar.com\/wp-content\/uploads\/2026\/01\/4707-1024x21.jpg",1024,21,true],"1536x1536":["https:\/\/www.nenuphar.com\/wp-content\/uploads\/2026\/01\/4707-1536x32.jpg",1536,32,true],"2048x2048":["https:\/\/www.nenuphar.com\/wp-content\/uploads\/2026\/01\/4707-2048x42.jpg",2048,42,true],"trp-custom-language-flag":["https:\/\/www.nenuphar.com\/wp-content\/uploads\/2026\/01\/4707.jpg",18,1,false],"woocommerce_thumbnail":["https:\/\/www.nenuphar.com\/wp-content\/uploads\/2026\/01\/4707-300x49.jpg",300,49,true],"woocommerce_single":["https:\/\/www.nenuphar.com\/wp-content\/uploads\/2026\/01\/4707-600x12.jpg",600,12,true],"woocommerce_gallery_thumbnail":["https:\/\/www.nenuphar.com\/wp-content\/uploads\/2026\/01\/4707-100x49.jpg",100,49,true]},"uagb_author_info":{"display_name":"Karine","author_link":"https:\/\/www.nenuphar.com\/en\/author\/"},"uagb_comment_info":0,"uagb_excerpt":"Bout technique aux couleurs vives. Gaine r\u00e9sistante \u00e0 l&rsquo;abrasion gr\u00e2ce \u00e0 une bonne thermofixation gaine et \u00e2me. Gaine polyester fil\u00e9 16 fuseaux Ame polyester haute densit\u00e9. R\u00e9sistance en daN D 2 mm \u00a0 95 D 3 mm\u00a0\u00a0 185 D 4 mm\u00a0\u00a0 550 D 5 mm\u00a0\u00a0 850 D 6 mm\u00a0\u00a0 1000 &#8211; Allongement charge de travail&hellip;","_links":{"self":[{"href":"https:\/\/www.nenuphar.com\/en\/wp-json\/wp\/v2\/product\/1405","targetHints":{"allow":["GET"]}}],"collection":[{"href":"https:\/\/www.nenuphar.com\/en\/wp-json\/wp\/v2\/product"}],"about":[{"href":"https:\/\/www.nenuphar.com\/en\/wp-json\/wp\/v2\/types\/product"}],"wp:featuredmedia":[{"embeddable":true,"href":"https:\/\/www.nenuphar.com\/en\/wp-json\/wp\/v2\/media\/1411"}],"wp:attachment":[{"href":"https:\/\/www.nenuphar.com\/en\/wp-json\/wp\/v2\/media?parent=1405"}],"wp:term":[{"taxonomy":"product_brand","embeddable":true,"href":"https:\/\/www.nenuphar.com\/en\/wp-json\/wp\/v2\/product_brand?post=1405"},{"taxonomy":"product_cat","embeddable":true,"href":"https:\/\/www.nenuphar.com\/en\/wp-json\/wp\/v2\/product_cat?post=1405"},{"taxonomy":"product_tag","embeddable":true,"href":"https:\/\/www.nenuphar.com\/en\/wp-json\/wp\/v2\/product_tag?post=1405"}],"curies":[{"name":"wp","href":"https:\/\/api.w.org\/{rel}","templated":true}]}}