{"id":1427,"date":"2026-01-05T15:59:47","date_gmt":"2026-01-05T15:59:47","guid":{"rendered":"https:\/\/nen.kmkoncept.fr\/?post_type=product&#038;p=1427"},"modified":"2026-04-28T07:29:11","modified_gmt":"2026-04-28T07:29:11","slug":"boule-arret-de-drisse-couleur","status":"publish","type":"product","link":"https:\/\/www.nenuphar.com\/en\/shop\/navigation\/cordage\/preetire\/boule-arret-de-drisse-couleur\/","title":{"rendered":"COLOR BALL STOPPER"},"content":{"rendered":"<p>Plastic ball for rope or shock cord, maximum diameter 5 mm.<\/p>\n<p>Ball outer diameter approx. 25 mm.<\/p>\n<p>bleu, vert, blanc, rouge<\/p>","protected":false},"excerpt":{"rendered":"<p>Boule plastique pour cordage ou sandow diam\u00e8tre maxi 5mm diam\u00e8tre ext\u00e9rieur de la boule 25mm env bleu, vert, blanc, rouge<\/p>","protected":false},"featured_media":1435,"template":"","meta":{"_acf_changed":false,"_uag_custom_page_level_css":""},"product_brand":[452],"product_cat":[92],"product_tag":[],"class_list":{"0":"post-1427","1":"product","2":"type-product","3":"status-publish","4":"has-post-thumbnail","6":"product_brand-holt","7":"product_cat-preetire","9":"first","10":"instock","11":"taxable","12":"shipping-taxable","13":"purchasable","14":"product-type-simple"},"acf":[],"aioseo_notices":[],"uagb_featured_image_src":{"full":["https:\/\/www.nenuphar.com\/wp-content\/uploads\/2026\/01\/5358.png",440,378,false],"thumbnail":["https:\/\/www.nenuphar.com\/wp-content\/uploads\/2026\/01\/5358-150x150.png",150,150,true],"medium":["https:\/\/www.nenuphar.com\/wp-content\/uploads\/2026\/01\/5358-300x258.png",300,258,true],"medium_large":["https:\/\/www.nenuphar.com\/wp-content\/uploads\/2026\/01\/5358.png",440,378,false],"large":["https:\/\/www.nenuphar.com\/wp-content\/uploads\/2026\/01\/5358.png",440,378,false],"1536x1536":["https:\/\/www.nenuphar.com\/wp-content\/uploads\/2026\/01\/5358.png",440,378,false],"2048x2048":["https:\/\/www.nenuphar.com\/wp-content\/uploads\/2026\/01\/5358.png",440,378,false],"trp-custom-language-flag":["https:\/\/www.nenuphar.com\/wp-content\/uploads\/2026\/01\/5358.png",14,12,false],"woocommerce_thumbnail":["https:\/\/www.nenuphar.com\/wp-content\/uploads\/2026\/01\/5358-300x300.png",300,300,true],"woocommerce_single":["https:\/\/www.nenuphar.com\/wp-content\/uploads\/2026\/01\/5358.png",440,378,false],"woocommerce_gallery_thumbnail":["https:\/\/www.nenuphar.com\/wp-content\/uploads\/2026\/01\/5358-100x100.png",100,100,true]},"uagb_author_info":{"display_name":"Karine","author_link":"https:\/\/www.nenuphar.com\/en\/author\/"},"uagb_comment_info":0,"uagb_excerpt":"Boule plastique pour cordage ou sandow diam\u00e8tre maxi 5mm diam\u00e8tre ext\u00e9rieur de la boule 25mm env bleu, vert, blanc, rouge","_links":{"self":[{"href":"https:\/\/www.nenuphar.com\/en\/wp-json\/wp\/v2\/product\/1427","targetHints":{"allow":["GET"]}}],"collection":[{"href":"https:\/\/www.nenuphar.com\/en\/wp-json\/wp\/v2\/product"}],"about":[{"href":"https:\/\/www.nenuphar.com\/en\/wp-json\/wp\/v2\/types\/product"}],"wp:featuredmedia":[{"embeddable":true,"href":"https:\/\/www.nenuphar.com\/en\/wp-json\/wp\/v2\/media\/1435"}],"wp:attachment":[{"href":"https:\/\/www.nenuphar.com\/en\/wp-json\/wp\/v2\/media?parent=1427"}],"wp:term":[{"taxonomy":"product_brand","embeddable":true,"href":"https:\/\/www.nenuphar.com\/en\/wp-json\/wp\/v2\/product_brand?post=1427"},{"taxonomy":"product_cat","embeddable":true,"href":"https:\/\/www.nenuphar.com\/en\/wp-json\/wp\/v2\/product_cat?post=1427"},{"taxonomy":"product_tag","embeddable":true,"href":"https:\/\/www.nenuphar.com\/en\/wp-json\/wp\/v2\/product_tag?post=1427"}],"curies":[{"name":"wp","href":"https:\/\/api.w.org\/{rel}","templated":true}]}}