{"id":1430,"date":"2026-01-05T15:59:47","date_gmt":"2026-01-05T15:59:47","guid":{"rendered":"https:\/\/nen.kmkoncept.fr\/?post_type=product&#038;p=1430"},"modified":"2026-04-28T07:30:52","modified_gmt":"2026-04-28T07:30:52","slug":"preetire-liros-magic-sport-par-100-ml","status":"publish","type":"product","link":"https:\/\/www.nenuphar.com\/en\/shop\/navigation\/cordage\/preetire\/preetire-liros-magic-sport-par-100-ml\/","title":{"rendered":"PREETIRE 4MM BLEU JAUNE LIROS MAGIC SPORT PAR 100 ML"},"content":{"rendered":"<p>Pre-stretched polyester LIROS \u201cMagic Sport\u201d.<\/p>\n<p>On a 30 m spool for the 2 mm diameter.<\/p>\n<p>On a 15 m spool for the 3 mm diameter.<\/p>\n<p>On a 100 m spool for the 4, 5 and 6 mm diameters.<\/p>\n<p>For Optimist garcettes, halyards and control lines.<\/p>\n<p>Technical line in bright colors.<\/p>\n<p>Abrasion-resistant sheath thanks to effective heat-setting between sheath and core.<\/p>\n<p>Spun polyester sheath.<\/p>\n<p>16 fuseaux<\/p>\n<p>Ame polyester haute densit\u00e9.<\/p>\n<p>R\u00e9sistance en daN<\/p>\n<p>D 2 mm \u00a0 95<\/p>\n<p>D 3 mm\u00a0\u00a0 185<\/p>\n<p>D 4 mm\u00a0\u00a0 550<\/p>\n<p>D 5 mm\u00a0\u00a0 850<\/p>\n<p>D 6 mm\u00a0\u00a0 1000<\/p>\n<p>&#8211; Allongement charge de travail &lt; 5 %<\/p>\n<p>&#8211; Bonne visibilit\u00e9 du bout<\/p>\n<p>&#8211; Multi usages<\/p>","protected":false},"excerpt":{"rendered":"<p>Pr\u00e9\u00e9tir\u00e9 polyester Liros \u00ab\u00a0Magic Sport\u00a0\u00bb En bobine de 30 ml pour le d 2mm En bobine de 15 ml pour le\u00a0 d 3 mm en bobine de 100 ml pour les diam\u00e8tres 4\/5 et 6 mm Pour garcettes optimist, drisses et lignes de contr\u00f4le. Bout technique aux couleurs vives. Gaine r\u00e9sistante \u00e0 l&rsquo;abrasion gr\u00e2ce \u00e0 [&hellip;]<\/p>\n","protected":false},"featured_media":1438,"template":"","meta":{"_acf_changed":false,"_uag_custom_page_level_css":""},"product_brand":[455],"product_cat":[92],"product_tag":[],"class_list":{"0":"post-1430","1":"product","2":"type-product","3":"status-publish","4":"has-post-thumbnail","6":"product_brand-liros","7":"product_cat-preetire","9":"first","10":"instock","11":"taxable","12":"shipping-taxable","13":"purchasable","14":"product-type-variable"},"acf":[],"aioseo_notices":[],"uagb_featured_image_src":{"full":["https:\/\/www.nenuphar.com\/wp-content\/uploads\/2026\/01\/4706.jpg",510,429,false],"thumbnail":["https:\/\/www.nenuphar.com\/wp-content\/uploads\/2026\/01\/4706-150x150.jpg",150,150,true],"medium":["https:\/\/www.nenuphar.com\/wp-content\/uploads\/2026\/01\/4706-300x252.jpg",300,252,true],"medium_large":["https:\/\/www.nenuphar.com\/wp-content\/uploads\/2026\/01\/4706.jpg",510,429,false],"large":["https:\/\/www.nenuphar.com\/wp-content\/uploads\/2026\/01\/4706.jpg",510,429,false],"1536x1536":["https:\/\/www.nenuphar.com\/wp-content\/uploads\/2026\/01\/4706.jpg",510,429,false],"2048x2048":["https:\/\/www.nenuphar.com\/wp-content\/uploads\/2026\/01\/4706.jpg",510,429,false],"trp-custom-language-flag":["https:\/\/www.nenuphar.com\/wp-content\/uploads\/2026\/01\/4706.jpg",14,12,false],"woocommerce_thumbnail":["https:\/\/www.nenuphar.com\/wp-content\/uploads\/2026\/01\/4706-300x300.jpg",300,300,true],"woocommerce_single":["https:\/\/www.nenuphar.com\/wp-content\/uploads\/2026\/01\/4706.jpg",510,429,false],"woocommerce_gallery_thumbnail":["https:\/\/www.nenuphar.com\/wp-content\/uploads\/2026\/01\/4706-100x100.jpg",100,100,true]},"uagb_author_info":{"display_name":"Karine","author_link":"https:\/\/www.nenuphar.com\/en\/author\/"},"uagb_comment_info":0,"uagb_excerpt":"Pr\u00e9\u00e9tir\u00e9 polyester Liros \u00ab\u00a0Magic Sport\u00a0\u00bb En bobine de 30 ml pour le d 2mm En bobine de 15 ml pour le\u00a0 d 3 mm en bobine de 100 ml pour les diam\u00e8tres 4\/5 et 6 mm Pour garcettes optimist, drisses et lignes de contr\u00f4le. Bout technique aux couleurs vives. Gaine r\u00e9sistante \u00e0 l&rsquo;abrasion gr\u00e2ce \u00e0&hellip;","_links":{"self":[{"href":"https:\/\/www.nenuphar.com\/en\/wp-json\/wp\/v2\/product\/1430","targetHints":{"allow":["GET"]}}],"collection":[{"href":"https:\/\/www.nenuphar.com\/en\/wp-json\/wp\/v2\/product"}],"about":[{"href":"https:\/\/www.nenuphar.com\/en\/wp-json\/wp\/v2\/types\/product"}],"wp:featuredmedia":[{"embeddable":true,"href":"https:\/\/www.nenuphar.com\/en\/wp-json\/wp\/v2\/media\/1438"}],"wp:attachment":[{"href":"https:\/\/www.nenuphar.com\/en\/wp-json\/wp\/v2\/media?parent=1430"}],"wp:term":[{"taxonomy":"product_brand","embeddable":true,"href":"https:\/\/www.nenuphar.com\/en\/wp-json\/wp\/v2\/product_brand?post=1430"},{"taxonomy":"product_cat","embeddable":true,"href":"https:\/\/www.nenuphar.com\/en\/wp-json\/wp\/v2\/product_cat?post=1430"},{"taxonomy":"product_tag","embeddable":true,"href":"https:\/\/www.nenuphar.com\/en\/wp-json\/wp\/v2\/product_tag?post=1430"}],"curies":[{"name":"wp","href":"https:\/\/api.w.org\/{rel}","templated":true}]}}