{"id":1456,"date":"2026-01-05T16:07:12","date_gmt":"2026-01-05T16:07:12","guid":{"rendered":"https:\/\/nen.kmkoncept.fr\/?post_type=product&#038;p=1456"},"modified":"2026-04-28T07:30:52","modified_gmt":"2026-04-28T07:30:52","slug":"vectran-pur-tressage-long-ensime-le-ml","status":"publish","type":"product","link":"https:\/\/www.nenuphar.com\/en\/shop\/navigation\/cordage\/vectran\/vectran-pur-tressage-long-ensime-le-ml\/","title":{"rendered":"Vectran pure braided long length, sold per meter."},"content":{"rendered":"<p>Sold per meter (linear meter).<\/p>\n<p>\u00f8 5 ou 6 mm<\/p>\n<p>8- or 16-strand braid made of Vectran multifilament fibers.<\/p>\n<p>Coated rope (sized\/treated).<\/p>\n<p>Characteristics:<\/p>\n<p>Low stretch.<\/p>\n<p>High abrasion resistance.<\/p>\n<p>High heat resistance.<\/p>\n<p>Can replace a stainless steel cable, or be used to make textile shackles.<\/p>\n<p>Beige colour.<\/p>\n<p>Soft construction, white, ideal for flag halyard or general purpose use for lashings, etc.<\/p>","protected":false},"excerpt":{"rendered":"<p>Vendu au ml. \u00f8 5 ou 6 mm Tresse en 8 ou\u00a0 16 fuseaux multifilaments en fibre Vectran Cordage ensim\u00e9 Caract\u00e9ristiques: Faible allongement. Grande r\u00e9sistance \u00e0 l&rsquo;abrasion. Grande r\u00e9sistance \u00e0 l&rsquo;\u00e9chauffement. Peut remplacer un c\u00e2ble inox, ou pour faire des manilles textiles. Coloris beige . Attention: les cordages vendus au ml ne sont ni repris, [&hellip;]<\/p>\n","protected":false},"featured_media":1459,"template":"","meta":{"_acf_changed":false,"_uag_custom_page_level_css":""},"product_brand":[453],"product_cat":[95],"product_tag":[],"class_list":{"0":"post-1456","1":"product","2":"type-product","3":"status-publish","4":"has-post-thumbnail","6":"product_brand-lancelin","7":"product_cat-vectran","9":"first","10":"instock","11":"taxable","12":"shipping-taxable","13":"purchasable","14":"product-type-variable"},"acf":[],"aioseo_notices":[],"uagb_featured_image_src":{"full":["https:\/\/www.nenuphar.com\/wp-content\/uploads\/2026\/01\/2945-scaled.jpg",1707,2560,false],"thumbnail":["https:\/\/www.nenuphar.com\/wp-content\/uploads\/2026\/01\/2945-150x150.jpg",150,150,true],"medium":["https:\/\/www.nenuphar.com\/wp-content\/uploads\/2026\/01\/2945-200x300.jpg",200,300,true],"medium_large":["https:\/\/www.nenuphar.com\/wp-content\/uploads\/2026\/01\/2945-768x1152.jpg",768,1152,true],"large":["https:\/\/www.nenuphar.com\/wp-content\/uploads\/2026\/01\/2945-683x1024.jpg",683,1024,true],"1536x1536":["https:\/\/www.nenuphar.com\/wp-content\/uploads\/2026\/01\/2945-1024x1536.jpg",1024,1536,true],"2048x2048":["https:\/\/www.nenuphar.com\/wp-content\/uploads\/2026\/01\/2945-1365x2048.jpg",1365,2048,true],"trp-custom-language-flag":["https:\/\/www.nenuphar.com\/wp-content\/uploads\/2026\/01\/2945-scaled.jpg",8,12,false],"woocommerce_thumbnail":["https:\/\/www.nenuphar.com\/wp-content\/uploads\/2026\/01\/2945-300x300.jpg",300,300,true],"woocommerce_single":["https:\/\/www.nenuphar.com\/wp-content\/uploads\/2026\/01\/2945-600x900.jpg",600,900,true],"woocommerce_gallery_thumbnail":["https:\/\/www.nenuphar.com\/wp-content\/uploads\/2026\/01\/2945-100x100.jpg",100,100,true]},"uagb_author_info":{"display_name":"Karine","author_link":"https:\/\/www.nenuphar.com\/en\/author\/"},"uagb_comment_info":0,"uagb_excerpt":"Vendu au ml. \u00f8 5 ou 6 mm Tresse en 8 ou\u00a0 16 fuseaux multifilaments en fibre Vectran Cordage ensim\u00e9 Caract\u00e9ristiques: Faible allongement. Grande r\u00e9sistance \u00e0 l&rsquo;abrasion. Grande r\u00e9sistance \u00e0 l&rsquo;\u00e9chauffement. Peut remplacer un c\u00e2ble inox, ou pour faire des manilles textiles. Coloris beige . Attention: les cordages vendus au ml ne sont ni repris,&hellip;","_links":{"self":[{"href":"https:\/\/www.nenuphar.com\/en\/wp-json\/wp\/v2\/product\/1456","targetHints":{"allow":["GET"]}}],"collection":[{"href":"https:\/\/www.nenuphar.com\/en\/wp-json\/wp\/v2\/product"}],"about":[{"href":"https:\/\/www.nenuphar.com\/en\/wp-json\/wp\/v2\/types\/product"}],"wp:featuredmedia":[{"embeddable":true,"href":"https:\/\/www.nenuphar.com\/en\/wp-json\/wp\/v2\/media\/1459"}],"wp:attachment":[{"href":"https:\/\/www.nenuphar.com\/en\/wp-json\/wp\/v2\/media?parent=1456"}],"wp:term":[{"taxonomy":"product_brand","embeddable":true,"href":"https:\/\/www.nenuphar.com\/en\/wp-json\/wp\/v2\/product_brand?post=1456"},{"taxonomy":"product_cat","embeddable":true,"href":"https:\/\/www.nenuphar.com\/en\/wp-json\/wp\/v2\/product_cat?post=1456"},{"taxonomy":"product_tag","embeddable":true,"href":"https:\/\/www.nenuphar.com\/en\/wp-json\/wp\/v2\/product_tag?post=1456"}],"curies":[{"name":"wp","href":"https:\/\/api.w.org\/{rel}","templated":true}]}}