{"id":1461,"date":"2026-01-05T16:14:15","date_gmt":"2026-01-05T16:14:15","guid":{"rendered":"https:\/\/nen.kmkoncept.fr\/?post_type=product&#038;p=1461"},"modified":"2026-04-28T07:28:16","modified_gmt":"2026-04-28T07:28:16","slug":"tramp-compat-enthousiaste-235","status":"publish","type":"product","link":"https:\/\/www.nenuphar.com\/en\/shop\/navigation\/trampolines\/trampolines-bache\/tramp-compat-enthousiaste-235\/","title":{"rendered":"TRAMPOLINE COMPAT &#8211; ENTHOUSIASTE 235"},"content":{"rendered":"<p>Ce trampoline pour \u00ab\u00a0Enthousiaste 235\u00a0\u00bb est con\u00e7u pour une r\u00e9sistance \u00e9lev\u00e9e et une utilisation intensive. Fabriqu\u00e9 en forte b\u00e2che polyester en finition Antigliss ou grain cuir. Les oeillets\u00e9ventuels sont \u00e0 dents et toujours pos\u00e9s avec un renfort en sangle. Poche en filet de rangement.<\/p>","protected":false},"excerpt":{"rendered":"<p>Ce trampoline pour \u00ab\u00a0Enthousiaste 235\u00a0\u00bb est con\u00e7u pour une r\u00e9sistance \u00e9lev\u00e9e et une utilisation intensive. Fabriqu\u00e9 en forte b\u00e2che polyester en finition Antigliss ou grain cuir. Les oeillets\u00e9ventuels sont \u00e0 dents et toujours pos\u00e9s avec un renfort en sangle. Poche en filet de rangement.<\/p>","protected":false},"featured_media":0,"template":"","meta":{"_acf_changed":false,"_uag_custom_page_level_css":""},"product_brand":[430],"product_cat":[96],"product_tag":[],"class_list":{"0":"post-1461","1":"product","2":"type-product","3":"status-publish","5":"product_brand-nenuphar","6":"product_cat-trampolines-bache","8":"first","9":"onbackorder","10":"taxable","11":"shipping-taxable","12":"purchasable","13":"product-type-simple"},"acf":[],"aioseo_notices":[],"uagb_featured_image_src":{"full":false,"thumbnail":false,"medium":false,"medium_large":false,"large":false,"1536x1536":false,"2048x2048":false,"trp-custom-language-flag":false,"woocommerce_thumbnail":false,"woocommerce_single":false,"woocommerce_gallery_thumbnail":false},"uagb_author_info":{"display_name":"Karine","author_link":"https:\/\/www.nenuphar.com\/en\/author\/"},"uagb_comment_info":0,"uagb_excerpt":"Ce trampoline pour \u00ab\u00a0Enthousiaste 235\u00a0\u00bb est con\u00e7u pour une r\u00e9sistance \u00e9lev\u00e9e et une utilisation intensive. Fabriqu\u00e9 en forte b\u00e2che polyester en finition Antigliss ou grain cuir. Les oeillets\u00e9ventuels sont \u00e0 dents et toujours pos\u00e9s avec un renfort en sangle. Poche en filet de rangement.","_links":{"self":[{"href":"https:\/\/www.nenuphar.com\/en\/wp-json\/wp\/v2\/product\/1461","targetHints":{"allow":["GET"]}}],"collection":[{"href":"https:\/\/www.nenuphar.com\/en\/wp-json\/wp\/v2\/product"}],"about":[{"href":"https:\/\/www.nenuphar.com\/en\/wp-json\/wp\/v2\/types\/product"}],"wp:attachment":[{"href":"https:\/\/www.nenuphar.com\/en\/wp-json\/wp\/v2\/media?parent=1461"}],"wp:term":[{"taxonomy":"product_brand","embeddable":true,"href":"https:\/\/www.nenuphar.com\/en\/wp-json\/wp\/v2\/product_brand?post=1461"},{"taxonomy":"product_cat","embeddable":true,"href":"https:\/\/www.nenuphar.com\/en\/wp-json\/wp\/v2\/product_cat?post=1461"},{"taxonomy":"product_tag","embeddable":true,"href":"https:\/\/www.nenuphar.com\/en\/wp-json\/wp\/v2\/product_tag?post=1461"}],"curies":[{"name":"wp","href":"https:\/\/api.w.org\/{rel}","templated":true}]}}