{"id":1468,"date":"2026-01-05T16:14:15","date_gmt":"2026-01-05T16:14:15","guid":{"rendered":"https:\/\/nen.kmkoncept.fr\/?post_type=product&#038;p=1468"},"modified":"2026-04-28T07:28:17","modified_gmt":"2026-04-28T07:28:17","slug":"trampoline-compat-nc-f1-ou-f2","status":"publish","type":"product","link":"https:\/\/www.nenuphar.com\/en\/shop\/series\/catamarans-series\/new-cat\/nc-f1\/trampoline-compat-nc-f1-ou-f2\/","title":{"rendered":"NC F1-F2 COMPATIBLE TRAMPOLINE"},"content":{"rendered":"<p>Made in France.<\/p>\n<p>This compatible trampoline for New Cat F1 or New Cat F2 is designed for high durability and intensive use. It is made from a mesh of thick PVC-coated polyester threads. Reinforcements and assemblies are completed with high-frequency welding. Any grommets are toothed and always placed on a reinforcement. Includes halyard storage pocket(s).<\/p>\n<p>This trampoline is designed for high durability and intensive use. It is made from heavy-duty polyester tarp with an anti-slip or leather-grain finish. Any grommets are toothed and always placed on a reinforced strap. Includes a mesh storage pocket.<\/p>","protected":false},"excerpt":{"rendered":"<p>Fabriqu\u00e9 en France. Ce trampoline compatible pour New Cat F1 ou New cat F2 est con\u00e7u pour une r\u00e9sistance \u00e9lev\u00e9e \u00e0 une utilisation intensive. Fabriqu\u00e9 en grille de forts fils polyester enduite PVC. Les assemblages et poses de renforts sont r\u00e9alis\u00e9s par soudure haute fr\u00e9quence Les illets \u00e9ventuels sont \u00e0 dents et toujours pos\u00e9s sur [&hellip;]<\/p>\n","protected":false},"featured_media":1503,"template":"","meta":{"_acf_changed":false,"_uag_custom_page_level_css":""},"product_brand":[430],"product_cat":[289,290,96],"product_tag":[563,564,555],"class_list":{"0":"post-1468","1":"product","2":"type-product","3":"status-publish","4":"has-post-thumbnail","6":"product_brand-nenuphar","7":"product_cat-nc-f1","8":"product_cat-nc-f2","9":"product_cat-trampolines-bache","10":"product_tag-nc-f1","11":"product_tag-nc-f2","12":"product_tag-new-cat","14":"first","15":"instock","16":"taxable","17":"shipping-taxable","18":"purchasable","19":"product-type-simple"},"acf":[],"aioseo_notices":[],"uagb_featured_image_src":{"full":["https:\/\/www.nenuphar.com\/wp-content\/uploads\/2026\/01\/1165.jpg",400,300,false],"thumbnail":["https:\/\/www.nenuphar.com\/wp-content\/uploads\/2026\/01\/1165-150x150.jpg",150,150,true],"medium":["https:\/\/www.nenuphar.com\/wp-content\/uploads\/2026\/01\/1165-300x225.jpg",300,225,true],"medium_large":["https:\/\/www.nenuphar.com\/wp-content\/uploads\/2026\/01\/1165.jpg",400,300,false],"large":["https:\/\/www.nenuphar.com\/wp-content\/uploads\/2026\/01\/1165.jpg",400,300,false],"1536x1536":["https:\/\/www.nenuphar.com\/wp-content\/uploads\/2026\/01\/1165.jpg",400,300,false],"2048x2048":["https:\/\/www.nenuphar.com\/wp-content\/uploads\/2026\/01\/1165.jpg",400,300,false],"trp-custom-language-flag":["https:\/\/www.nenuphar.com\/wp-content\/uploads\/2026\/01\/1165.jpg",16,12,false],"woocommerce_thumbnail":["https:\/\/www.nenuphar.com\/wp-content\/uploads\/2026\/01\/1165-300x300.jpg",300,300,true],"woocommerce_single":["https:\/\/www.nenuphar.com\/wp-content\/uploads\/2026\/01\/1165.jpg",400,300,false],"woocommerce_gallery_thumbnail":["https:\/\/www.nenuphar.com\/wp-content\/uploads\/2026\/01\/1165-100x100.jpg",100,100,true]},"uagb_author_info":{"display_name":"Karine","author_link":"https:\/\/www.nenuphar.com\/en\/author\/"},"uagb_comment_info":0,"uagb_excerpt":"Fabriqu\u00e9 en France. Ce trampoline compatible pour New Cat F1 ou New cat F2 est con\u00e7u pour une r\u00e9sistance \u00e9lev\u00e9e \u00e0 une utilisation intensive. Fabriqu\u00e9 en grille de forts fils polyester enduite PVC. Les assemblages et poses de renforts sont r\u00e9alis\u00e9s par soudure haute fr\u00e9quence Les illets \u00e9ventuels sont \u00e0 dents et toujours pos\u00e9s sur&hellip;","_links":{"self":[{"href":"https:\/\/www.nenuphar.com\/en\/wp-json\/wp\/v2\/product\/1468","targetHints":{"allow":["GET"]}}],"collection":[{"href":"https:\/\/www.nenuphar.com\/en\/wp-json\/wp\/v2\/product"}],"about":[{"href":"https:\/\/www.nenuphar.com\/en\/wp-json\/wp\/v2\/types\/product"}],"wp:featuredmedia":[{"embeddable":true,"href":"https:\/\/www.nenuphar.com\/en\/wp-json\/wp\/v2\/media\/1503"}],"wp:attachment":[{"href":"https:\/\/www.nenuphar.com\/en\/wp-json\/wp\/v2\/media?parent=1468"}],"wp:term":[{"taxonomy":"product_brand","embeddable":true,"href":"https:\/\/www.nenuphar.com\/en\/wp-json\/wp\/v2\/product_brand?post=1468"},{"taxonomy":"product_cat","embeddable":true,"href":"https:\/\/www.nenuphar.com\/en\/wp-json\/wp\/v2\/product_cat?post=1468"},{"taxonomy":"product_tag","embeddable":true,"href":"https:\/\/www.nenuphar.com\/en\/wp-json\/wp\/v2\/product_tag?post=1468"}],"curies":[{"name":"wp","href":"https:\/\/api.w.org\/{rel}","templated":true}]}}