{"id":1470,"date":"2026-01-05T16:14:15","date_gmt":"2026-01-05T16:14:15","guid":{"rendered":"https:\/\/nen.kmkoncept.fr\/?post_type=product&#038;p=1470"},"modified":"2026-04-28T07:28:18","modified_gmt":"2026-04-28T07:28:18","slug":"trampoline-compat-nc-14-large","status":"publish","type":"product","link":"https:\/\/www.nenuphar.com\/en\/shop\/series\/catamarans-series\/new-cat\/nc-14\/trampoline-compat-nc-14-large\/","title":{"rendered":"NC 14 LARGE COMPATIBLE TRAMPOLINE"},"content":{"rendered":"<p>Made in France.<\/p>\n<p>Ce trampoline compatible pour New Cat 14 large de premi\u00e8re g\u00e9n\u00e9ration est con\u00e7u pour une r\u00e9sistance \u00e9lev\u00e9e et une utilisation intensive. Fabriqu\u00e9 en forte b\u00e2che polyester en finition Antigliss ou grain cuir. Les oeillets\u00e9ventuels sont \u00e0 dents et toujours pos\u00e9s avec un renfort en sangle. Poche en filet de rangement.ATTENTION: Le trampoline de nc 14 existe en version \u00e9troite et large. Si vous ne savez pas quelle version vous poss\u00e9dez, indiquez-nous la largeur de l&rsquo;ancien trampoline. Pas d&rsquo;\u00e9change en cas d&rsquo;erreur. Trampoline fabriqu\u00e9 \u00e0 la commande.<\/p>","protected":false},"excerpt":{"rendered":"<p>Fabriqu\u00e9 en France. Ce trampoline compatible pour New Cat 14 large de premi\u00e8re g\u00e9n\u00e9ration est con\u00e7u pour une r\u00e9sistance \u00e9lev\u00e9e et une utilisation intensive. Fabriqu\u00e9 en forte b\u00e2che polyester en finition Antigliss ou grain cuir. Les oeillets\u00e9ventuels sont \u00e0 dents et toujours pos\u00e9s avec un renfort en sangle. Poche en filet de rangement.ATTENTION: Le trampoline [&hellip;]<\/p>\n","protected":false},"featured_media":1509,"template":"","meta":{"_acf_changed":false,"_uag_custom_page_level_css":""},"product_brand":[430],"product_cat":[284,96],"product_tag":[556,555],"class_list":{"0":"post-1470","1":"product","2":"type-product","3":"status-publish","4":"has-post-thumbnail","6":"product_brand-nenuphar","7":"product_cat-nc-14","8":"product_cat-trampolines-bache","9":"product_tag-nc-14","10":"product_tag-new-cat","12":"first","13":"onbackorder","14":"taxable","15":"shipping-taxable","16":"purchasable","17":"product-type-simple"},"acf":[],"aioseo_notices":[],"uagb_featured_image_src":{"full":["https:\/\/www.nenuphar.com\/wp-content\/uploads\/2026\/01\/1166.jpg",400,267,false],"thumbnail":["https:\/\/www.nenuphar.com\/wp-content\/uploads\/2026\/01\/1166-150x150.jpg",150,150,true],"medium":["https:\/\/www.nenuphar.com\/wp-content\/uploads\/2026\/01\/1166-300x200.jpg",300,200,true],"medium_large":["https:\/\/www.nenuphar.com\/wp-content\/uploads\/2026\/01\/1166.jpg",400,267,false],"large":["https:\/\/www.nenuphar.com\/wp-content\/uploads\/2026\/01\/1166.jpg",400,267,false],"1536x1536":["https:\/\/www.nenuphar.com\/wp-content\/uploads\/2026\/01\/1166.jpg",400,267,false],"2048x2048":["https:\/\/www.nenuphar.com\/wp-content\/uploads\/2026\/01\/1166.jpg",400,267,false],"trp-custom-language-flag":["https:\/\/www.nenuphar.com\/wp-content\/uploads\/2026\/01\/1166.jpg",18,12,false],"woocommerce_thumbnail":["https:\/\/www.nenuphar.com\/wp-content\/uploads\/2026\/01\/1166-300x267.jpg",300,267,true],"woocommerce_single":["https:\/\/www.nenuphar.com\/wp-content\/uploads\/2026\/01\/1166.jpg",400,267,false],"woocommerce_gallery_thumbnail":["https:\/\/www.nenuphar.com\/wp-content\/uploads\/2026\/01\/1166-100x100.jpg",100,100,true]},"uagb_author_info":{"display_name":"Karine","author_link":"https:\/\/www.nenuphar.com\/en\/author\/"},"uagb_comment_info":0,"uagb_excerpt":"Fabriqu\u00e9 en France. Ce trampoline compatible pour New Cat 14 large de premi\u00e8re g\u00e9n\u00e9ration est con\u00e7u pour une r\u00e9sistance \u00e9lev\u00e9e et une utilisation intensive. Fabriqu\u00e9 en forte b\u00e2che polyester en finition Antigliss ou grain cuir. Les oeillets\u00e9ventuels sont \u00e0 dents et toujours pos\u00e9s avec un renfort en sangle. Poche en filet de rangement.ATTENTION: Le trampoline&hellip;","_links":{"self":[{"href":"https:\/\/www.nenuphar.com\/en\/wp-json\/wp\/v2\/product\/1470","targetHints":{"allow":["GET"]}}],"collection":[{"href":"https:\/\/www.nenuphar.com\/en\/wp-json\/wp\/v2\/product"}],"about":[{"href":"https:\/\/www.nenuphar.com\/en\/wp-json\/wp\/v2\/types\/product"}],"wp:featuredmedia":[{"embeddable":true,"href":"https:\/\/www.nenuphar.com\/en\/wp-json\/wp\/v2\/media\/1509"}],"wp:attachment":[{"href":"https:\/\/www.nenuphar.com\/en\/wp-json\/wp\/v2\/media?parent=1470"}],"wp:term":[{"taxonomy":"product_brand","embeddable":true,"href":"https:\/\/www.nenuphar.com\/en\/wp-json\/wp\/v2\/product_brand?post=1470"},{"taxonomy":"product_cat","embeddable":true,"href":"https:\/\/www.nenuphar.com\/en\/wp-json\/wp\/v2\/product_cat?post=1470"},{"taxonomy":"product_tag","embeddable":true,"href":"https:\/\/www.nenuphar.com\/en\/wp-json\/wp\/v2\/product_tag?post=1470"}],"curies":[{"name":"wp","href":"https:\/\/api.w.org\/{rel}","templated":true}]}}