{"id":1479,"date":"2026-01-05T16:14:16","date_gmt":"2026-01-05T16:14:16","guid":{"rendered":"https:\/\/nen.kmkoncept.fr\/?post_type=product&#038;p=1479"},"modified":"2026-04-28T07:28:19","modified_gmt":"2026-04-28T07:28:19","slug":"trampoline-hobie-cat-16-soude-compatible","status":"publish","type":"product","link":"https:\/\/www.nenuphar.com\/en\/shop\/series\/catamarans-series\/edel-cat\/hobie-cat-16\/trampoline-hobie-cat-16-soude-compatible\/","title":{"rendered":"Trampoline compatible with Hobie Cat \u2013 16 welded"},"content":{"rendered":"<p>Made in France. This compatible trampoline for Hobie Cat 16 is designed for high durability and intensive use. It is made from heavy-duty polyester tarp with an anti-slip or leather-grain finish. The grommets are toothed and always placed on a reinforcement. Includes a mesh storage pocket. It is also available in mesh version: see our ref. 30110MESH.<\/p>","protected":false},"excerpt":{"rendered":"<p>This economical and durable trampoline is HF-welded, made from 100% polyester tarp, 1100 dtex, PVC-coated on both sides, 590 g\/m\u00b2.<\/p>\n<p>Strength along the warp: 205 DaN \/ 5 cm<\/p>\n<p>Strength along the weft: 220 DaN \/ 5 cm.\nTrampoline made in our workshops in France, using European fabric.<\/p>","protected":false},"featured_media":1521,"template":"","meta":{"_acf_changed":false,"_uag_custom_page_level_css":""},"product_brand":[430],"product_cat":[259,96],"product_tag":[529],"class_list":{"0":"post-1479","1":"product","2":"type-product","3":"status-publish","4":"has-post-thumbnail","6":"product_brand-nenuphar","7":"product_cat-hobie-cat-16","8":"product_cat-trampolines-bache","9":"product_tag-hobie-cat-16","11":"first","12":"instock","13":"taxable","14":"shipping-taxable","15":"purchasable","16":"product-type-simple"},"acf":[],"aioseo_notices":[],"uagb_featured_image_src":{"full":["https:\/\/www.nenuphar.com\/wp-content\/uploads\/2026\/01\/1170.jpg",400,267,false],"thumbnail":["https:\/\/www.nenuphar.com\/wp-content\/uploads\/2026\/01\/1170-150x150.jpg",150,150,true],"medium":["https:\/\/www.nenuphar.com\/wp-content\/uploads\/2026\/01\/1170-300x200.jpg",300,200,true],"medium_large":["https:\/\/www.nenuphar.com\/wp-content\/uploads\/2026\/01\/1170.jpg",400,267,false],"large":["https:\/\/www.nenuphar.com\/wp-content\/uploads\/2026\/01\/1170.jpg",400,267,false],"1536x1536":["https:\/\/www.nenuphar.com\/wp-content\/uploads\/2026\/01\/1170.jpg",400,267,false],"2048x2048":["https:\/\/www.nenuphar.com\/wp-content\/uploads\/2026\/01\/1170.jpg",400,267,false],"trp-custom-language-flag":["https:\/\/www.nenuphar.com\/wp-content\/uploads\/2026\/01\/1170.jpg",18,12,false],"woocommerce_thumbnail":["https:\/\/www.nenuphar.com\/wp-content\/uploads\/2026\/01\/1170-300x267.jpg",300,267,true],"woocommerce_single":["https:\/\/www.nenuphar.com\/wp-content\/uploads\/2026\/01\/1170.jpg",400,267,false],"woocommerce_gallery_thumbnail":["https:\/\/www.nenuphar.com\/wp-content\/uploads\/2026\/01\/1170-100x100.jpg",100,100,true]},"uagb_author_info":{"display_name":"Karine","author_link":"https:\/\/www.nenuphar.com\/en\/author\/"},"uagb_comment_info":0,"uagb_excerpt":"Ce trampoline \u00e9conomique et robuste est construit soud\u00e9 HF, en b\u00e2che 100 % polyester , 1100 dtex, enduction PVC 2 faces , 590 g\/m\u00b2. R\u00e9sistance dans la chaine: 205 DaN\/ 5 cm R\u00e9sistance dans la trame: 220 Dan\/5 cmtrampoline r\u00e9alis\u00e9 dans nos ateliers en france, tissu europ\u00e9en.","_links":{"self":[{"href":"https:\/\/www.nenuphar.com\/en\/wp-json\/wp\/v2\/product\/1479","targetHints":{"allow":["GET"]}}],"collection":[{"href":"https:\/\/www.nenuphar.com\/en\/wp-json\/wp\/v2\/product"}],"about":[{"href":"https:\/\/www.nenuphar.com\/en\/wp-json\/wp\/v2\/types\/product"}],"wp:featuredmedia":[{"embeddable":true,"href":"https:\/\/www.nenuphar.com\/en\/wp-json\/wp\/v2\/media\/1521"}],"wp:attachment":[{"href":"https:\/\/www.nenuphar.com\/en\/wp-json\/wp\/v2\/media?parent=1479"}],"wp:term":[{"taxonomy":"product_brand","embeddable":true,"href":"https:\/\/www.nenuphar.com\/en\/wp-json\/wp\/v2\/product_brand?post=1479"},{"taxonomy":"product_cat","embeddable":true,"href":"https:\/\/www.nenuphar.com\/en\/wp-json\/wp\/v2\/product_cat?post=1479"},{"taxonomy":"product_tag","embeddable":true,"href":"https:\/\/www.nenuphar.com\/en\/wp-json\/wp\/v2\/product_tag?post=1479"}],"curies":[{"name":"wp","href":"https:\/\/api.w.org\/{rel}","templated":true}]}}