{"id":1490,"date":"2026-01-05T16:14:16","date_gmt":"2026-01-05T16:14:16","guid":{"rendered":"https:\/\/nen.kmkoncept.fr\/?post_type=product&#038;p=1490"},"modified":"2026-04-28T07:28:21","modified_gmt":"2026-04-28T07:28:21","slug":"trampoline-dart-15-compatible","status":"publish","type":"product","link":"https:\/\/www.nenuphar.com\/en\/shop\/series\/catamarans-series\/dart\/dart-15\/trampoline-dart-15-compatible\/","title":{"rendered":"TRAMPOLINE COMPAT DART 15"},"content":{"rendered":"<p>Compatible trampoline for Dart 15<\/p>","protected":false},"excerpt":{"rendered":"<p>Compatible trampoline for Dart 15<\/p>","protected":false},"featured_media":1540,"template":"","meta":{"_acf_changed":false,"_uag_custom_page_level_css":""},"product_brand":[430],"product_cat":[251,96],"product_tag":[521],"class_list":{"0":"post-1490","1":"product","2":"type-product","3":"status-publish","4":"has-post-thumbnail","6":"product_brand-nenuphar","7":"product_cat-dart-15","8":"product_cat-trampolines-bache","9":"product_tag-dart-15","11":"first","12":"onbackorder","13":"taxable","14":"shipping-taxable","15":"purchasable","16":"product-type-simple"},"acf":[],"aioseo_notices":[],"uagb_featured_image_src":{"full":["https:\/\/www.nenuphar.com\/wp-content\/uploads\/2026\/01\/1511.jpg",400,300,false],"thumbnail":["https:\/\/www.nenuphar.com\/wp-content\/uploads\/2026\/01\/1511-150x150.jpg",150,150,true],"medium":["https:\/\/www.nenuphar.com\/wp-content\/uploads\/2026\/01\/1511-300x225.jpg",300,225,true],"medium_large":["https:\/\/www.nenuphar.com\/wp-content\/uploads\/2026\/01\/1511.jpg",400,300,false],"large":["https:\/\/www.nenuphar.com\/wp-content\/uploads\/2026\/01\/1511.jpg",400,300,false],"1536x1536":["https:\/\/www.nenuphar.com\/wp-content\/uploads\/2026\/01\/1511.jpg",400,300,false],"2048x2048":["https:\/\/www.nenuphar.com\/wp-content\/uploads\/2026\/01\/1511.jpg",400,300,false],"trp-custom-language-flag":["https:\/\/www.nenuphar.com\/wp-content\/uploads\/2026\/01\/1511.jpg",16,12,false],"woocommerce_thumbnail":["https:\/\/www.nenuphar.com\/wp-content\/uploads\/2026\/01\/1511-300x300.jpg",300,300,true],"woocommerce_single":["https:\/\/www.nenuphar.com\/wp-content\/uploads\/2026\/01\/1511.jpg",400,300,false],"woocommerce_gallery_thumbnail":["https:\/\/www.nenuphar.com\/wp-content\/uploads\/2026\/01\/1511-100x100.jpg",100,100,true]},"uagb_author_info":{"display_name":"Karine","author_link":"https:\/\/www.nenuphar.com\/en\/author\/"},"uagb_comment_info":0,"uagb_excerpt":"Ce trampoline compatible pour Dart 15 est con\u00e7u pour une r\u00e9sistance \u00e9lev\u00e9e et une utilisation intensive. Fabriqu\u00e9 en forte b\u00e2che polyester en finition Antigliss ou grain cuir. Les oeillets\u00e9ventuels sont \u00e0 dents et toujours pos\u00e9s avec un renfort en sangle. Poche en filet de rangement.","_links":{"self":[{"href":"https:\/\/www.nenuphar.com\/en\/wp-json\/wp\/v2\/product\/1490","targetHints":{"allow":["GET"]}}],"collection":[{"href":"https:\/\/www.nenuphar.com\/en\/wp-json\/wp\/v2\/product"}],"about":[{"href":"https:\/\/www.nenuphar.com\/en\/wp-json\/wp\/v2\/types\/product"}],"wp:featuredmedia":[{"embeddable":true,"href":"https:\/\/www.nenuphar.com\/en\/wp-json\/wp\/v2\/media\/1540"}],"wp:attachment":[{"href":"https:\/\/www.nenuphar.com\/en\/wp-json\/wp\/v2\/media?parent=1490"}],"wp:term":[{"taxonomy":"product_brand","embeddable":true,"href":"https:\/\/www.nenuphar.com\/en\/wp-json\/wp\/v2\/product_brand?post=1490"},{"taxonomy":"product_cat","embeddable":true,"href":"https:\/\/www.nenuphar.com\/en\/wp-json\/wp\/v2\/product_cat?post=1490"},{"taxonomy":"product_tag","embeddable":true,"href":"https:\/\/www.nenuphar.com\/en\/wp-json\/wp\/v2\/product_tag?post=1490"}],"curies":[{"name":"wp","href":"https:\/\/api.w.org\/{rel}","templated":true}]}}