{"id":1497,"date":"2026-01-05T16:14:36","date_gmt":"2026-01-05T16:14:36","guid":{"rendered":"https:\/\/nen.kmkoncept.fr\/?post_type=product&#038;p=1497"},"modified":"2026-04-08T13:02:04","modified_gmt":"2026-04-08T13:02:04","slug":"trampoline-catado","status":"publish","type":"product","link":"https:\/\/www.nenuphar.com\/en\/shop\/navigation\/trampolines\/trampolines-bache\/trampoline-catado\/","title":{"rendered":"WIRE ROPE LINE KIT"},"content":{"rendered":"<p>Line kit wire with a fitted adjuster and free other end. Delivered with a manual fixing end.<\/p>","protected":false},"excerpt":{"rendered":"<p>Line kit wire with a fitted adjuster and free other end. Delivered with a manual fixing end.<\/p>","protected":false},"featured_media":0,"template":"","meta":{"_acf_changed":false,"_uag_custom_page_level_css":""},"product_brand":[430],"product_cat":[96],"product_tag":[],"class_list":{"0":"post-1497","1":"product","2":"type-product","3":"status-publish","5":"product_brand-nenuphar","6":"product_cat-trampolines-bache","8":"first","9":"onbackorder","10":"taxable","11":"shipping-taxable","12":"product-type-variable"},"acf":[],"aioseo_notices":[],"uagb_featured_image_src":{"full":false,"thumbnail":false,"medium":false,"medium_large":false,"large":false,"1536x1536":false,"2048x2048":false,"trp-custom-language-flag":false,"woocommerce_thumbnail":false,"woocommerce_single":false,"woocommerce_gallery_thumbnail":false},"uagb_author_info":{"display_name":"Karine","author_link":"https:\/\/www.nenuphar.com\/en\/author\/"},"uagb_comment_info":0,"uagb_excerpt":"Kit fili\u00e8re avec ridoir r\u00e9glable serti d&rsquo;un c\u00f4t\u00e9, et embout montage manuel de l&rsquo;autre.","_links":{"self":[{"href":"https:\/\/www.nenuphar.com\/en\/wp-json\/wp\/v2\/product\/1497","targetHints":{"allow":["GET"]}}],"collection":[{"href":"https:\/\/www.nenuphar.com\/en\/wp-json\/wp\/v2\/product"}],"about":[{"href":"https:\/\/www.nenuphar.com\/en\/wp-json\/wp\/v2\/types\/product"}],"wp:attachment":[{"href":"https:\/\/www.nenuphar.com\/en\/wp-json\/wp\/v2\/media?parent=1497"}],"wp:term":[{"taxonomy":"product_brand","embeddable":true,"href":"https:\/\/www.nenuphar.com\/en\/wp-json\/wp\/v2\/product_brand?post=1497"},{"taxonomy":"product_cat","embeddable":true,"href":"https:\/\/www.nenuphar.com\/en\/wp-json\/wp\/v2\/product_cat?post=1497"},{"taxonomy":"product_tag","embeddable":true,"href":"https:\/\/www.nenuphar.com\/en\/wp-json\/wp\/v2\/product_tag?post=1497"}],"curies":[{"name":"wp","href":"https:\/\/api.w.org\/{rel}","templated":true}]}}