{"id":1500,"date":"2026-01-05T16:14:37","date_gmt":"2026-01-05T16:14:37","guid":{"rendered":"https:\/\/nen.kmkoncept.fr\/?post_type=product&#038;p=1500"},"modified":"2026-04-28T07:28:21","modified_gmt":"2026-04-28T07:28:21","slug":"trampoline-compat-kl-15-avec-bao-laterales","status":"publish","type":"product","link":"https:\/\/www.nenuphar.com\/en\/shop\/series\/catamarans-series\/kl\/kl-15\/trampoline-compat-kl-15-avec-bao-laterales\/","title":{"rendered":"TRAMPOLINE COMPAT KL 15 &#8211; AVEC BAO LATERALES"},"content":{"rendered":"<p>Compatible trampoline for KL 15 or FKAT 15<\/p>","protected":false},"excerpt":{"rendered":"<p>Fabriqu\u00e9 en France. Ce trampoline compatible pour KL 15 est con\u00e7u pour une r\u00e9sistance \u00e9lev\u00e9e et une utilisation intensive. Fabriqu\u00e9 en forte b\u00e2che polyester en finition Antigliss . Les \u0153illets sont \u00e0 dents et toujours pos\u00e9s avec un renfort en sangle. Poche en filet de rangement. attention, ce mod\u00e8le est tr_s rare, bien v\u00e9rifier le [&hellip;]<\/p>\n","protected":false},"featured_media":0,"template":"","meta":{"_acf_changed":false,"_uag_custom_page_level_css":""},"product_brand":[430],"product_cat":[273,96],"product_tag":[540],"class_list":{"0":"post-1500","1":"product","2":"type-product","3":"status-publish","5":"product_brand-nenuphar","6":"product_cat-kl-15","7":"product_cat-trampolines-bache","8":"product_tag-kl-15","10":"first","11":"onbackorder","12":"taxable","13":"shipping-taxable","14":"purchasable","15":"product-type-simple"},"acf":[],"aioseo_notices":[],"uagb_featured_image_src":{"full":false,"thumbnail":false,"medium":false,"medium_large":false,"large":false,"1536x1536":false,"2048x2048":false,"trp-custom-language-flag":false,"woocommerce_thumbnail":false,"woocommerce_single":false,"woocommerce_gallery_thumbnail":false},"uagb_author_info":{"display_name":"Karine","author_link":"https:\/\/www.nenuphar.com\/en\/author\/"},"uagb_comment_info":0,"uagb_excerpt":"Fabriqu\u00e9 en France. Ce trampoline compatible pour KL 15 est con\u00e7u pour une r\u00e9sistance \u00e9lev\u00e9e et une utilisation intensive. Fabriqu\u00e9 en forte b\u00e2che polyester en finition Antigliss . Les \u0153illets sont \u00e0 dents et toujours pos\u00e9s avec un renfort en sangle. Poche en filet de rangement. attention, ce mod\u00e8le est tr_s rare, bien v\u00e9rifier le&hellip;","_links":{"self":[{"href":"https:\/\/www.nenuphar.com\/en\/wp-json\/wp\/v2\/product\/1500","targetHints":{"allow":["GET"]}}],"collection":[{"href":"https:\/\/www.nenuphar.com\/en\/wp-json\/wp\/v2\/product"}],"about":[{"href":"https:\/\/www.nenuphar.com\/en\/wp-json\/wp\/v2\/types\/product"}],"wp:attachment":[{"href":"https:\/\/www.nenuphar.com\/en\/wp-json\/wp\/v2\/media?parent=1500"}],"wp:term":[{"taxonomy":"product_brand","embeddable":true,"href":"https:\/\/www.nenuphar.com\/en\/wp-json\/wp\/v2\/product_brand?post=1500"},{"taxonomy":"product_cat","embeddable":true,"href":"https:\/\/www.nenuphar.com\/en\/wp-json\/wp\/v2\/product_cat?post=1500"},{"taxonomy":"product_tag","embeddable":true,"href":"https:\/\/www.nenuphar.com\/en\/wp-json\/wp\/v2\/product_tag?post=1500"}],"curies":[{"name":"wp","href":"https:\/\/api.w.org\/{rel}","templated":true}]}}