{"id":1515,"date":"2026-01-05T16:15:26","date_gmt":"2026-01-05T16:15:26","guid":{"rendered":"https:\/\/nen.kmkoncept.fr\/?post_type=product&#038;p=1515"},"modified":"2026-04-28T07:28:22","modified_gmt":"2026-04-28T07:28:22","slug":"trampoline-compat-kl-15-5","status":"publish","type":"product","link":"https:\/\/www.nenuphar.com\/en\/shop\/series\/catamarans-series\/kl\/kl-155\/trampoline-compat-kl-15-5\/","title":{"rendered":"KL 15.5 COMPATIBLE TRAMPOLINE"},"content":{"rendered":"<p>Compatible trampoline for KL 15.5 . Be carefull: 2 kinds of model are existing for KL 15.5, please see the drawing to confirm this model is yours<\/p>","protected":false},"excerpt":{"rendered":"<p>Fabriqu\u00e9 en France. Ce trampoline de KL 15.5 est con\u00e7u pour une r\u00e9sistance \u00e9lev\u00e9e et une utilisation intensive. Attention: il existe 2 mod\u00e8les de trampoline pour les KL15.5. V\u00e9rifiez bien \u00e0 l&rsquo;aide du plan que ce mod\u00e8le correspond \u00e0 votre bateau. Fabriqu\u00e9 en forte b\u00e2che polyester en finition Antigliss ou grain cuir. Les oeillets\u00e9ventuels sont [&hellip;]<\/p>\n","protected":false},"featured_media":1565,"template":"","meta":{"_acf_changed":false,"_uag_custom_page_level_css":""},"product_brand":[430],"product_cat":[274,96],"product_tag":[541],"class_list":{"0":"post-1515","1":"product","2":"type-product","3":"status-publish","4":"has-post-thumbnail","6":"product_brand-nenuphar","7":"product_cat-kl-155","8":"product_cat-trampolines-bache","9":"product_tag-kl-15-5","11":"first","12":"onbackorder","13":"taxable","14":"shipping-taxable","15":"purchasable","16":"product-type-simple"},"acf":[],"aioseo_notices":[],"uagb_featured_image_src":{"full":["https:\/\/www.nenuphar.com\/wp-content\/uploads\/2026\/01\/1975-scaled.jpg",2560,1920,false],"thumbnail":["https:\/\/www.nenuphar.com\/wp-content\/uploads\/2026\/01\/1975-150x150.jpg",150,150,true],"medium":["https:\/\/www.nenuphar.com\/wp-content\/uploads\/2026\/01\/1975-300x225.jpg",300,225,true],"medium_large":["https:\/\/www.nenuphar.com\/wp-content\/uploads\/2026\/01\/1975-768x576.jpg",768,576,true],"large":["https:\/\/www.nenuphar.com\/wp-content\/uploads\/2026\/01\/1975-1024x768.jpg",1024,768,true],"1536x1536":["https:\/\/www.nenuphar.com\/wp-content\/uploads\/2026\/01\/1975-1536x1152.jpg",1536,1152,true],"2048x2048":["https:\/\/www.nenuphar.com\/wp-content\/uploads\/2026\/01\/1975-2048x1536.jpg",2048,1536,true],"trp-custom-language-flag":["https:\/\/www.nenuphar.com\/wp-content\/uploads\/2026\/01\/1975-scaled.jpg",16,12,false],"woocommerce_thumbnail":["https:\/\/www.nenuphar.com\/wp-content\/uploads\/2026\/01\/1975-300x300.jpg",300,300,true],"woocommerce_single":["https:\/\/www.nenuphar.com\/wp-content\/uploads\/2026\/01\/1975-600x450.jpg",600,450,true],"woocommerce_gallery_thumbnail":["https:\/\/www.nenuphar.com\/wp-content\/uploads\/2026\/01\/1975-100x100.jpg",100,100,true]},"uagb_author_info":{"display_name":"Karine","author_link":"https:\/\/www.nenuphar.com\/en\/author\/"},"uagb_comment_info":0,"uagb_excerpt":"Fabriqu\u00e9 en France. Ce trampoline de KL 15.5 est con\u00e7u pour une r\u00e9sistance \u00e9lev\u00e9e et une utilisation intensive. Attention: il existe 2 mod\u00e8les de trampoline pour les KL15.5. V\u00e9rifiez bien \u00e0 l&rsquo;aide du plan que ce mod\u00e8le correspond \u00e0 votre bateau. Fabriqu\u00e9 en forte b\u00e2che polyester en finition Antigliss ou grain cuir. Les oeillets\u00e9ventuels sont&hellip;","_links":{"self":[{"href":"https:\/\/www.nenuphar.com\/en\/wp-json\/wp\/v2\/product\/1515","targetHints":{"allow":["GET"]}}],"collection":[{"href":"https:\/\/www.nenuphar.com\/en\/wp-json\/wp\/v2\/product"}],"about":[{"href":"https:\/\/www.nenuphar.com\/en\/wp-json\/wp\/v2\/types\/product"}],"wp:featuredmedia":[{"embeddable":true,"href":"https:\/\/www.nenuphar.com\/en\/wp-json\/wp\/v2\/media\/1565"}],"wp:attachment":[{"href":"https:\/\/www.nenuphar.com\/en\/wp-json\/wp\/v2\/media?parent=1515"}],"wp:term":[{"taxonomy":"product_brand","embeddable":true,"href":"https:\/\/www.nenuphar.com\/en\/wp-json\/wp\/v2\/product_brand?post=1515"},{"taxonomy":"product_cat","embeddable":true,"href":"https:\/\/www.nenuphar.com\/en\/wp-json\/wp\/v2\/product_cat?post=1515"},{"taxonomy":"product_tag","embeddable":true,"href":"https:\/\/www.nenuphar.com\/en\/wp-json\/wp\/v2\/product_tag?post=1515"}],"curies":[{"name":"wp","href":"https:\/\/api.w.org\/{rel}","templated":true}]}}