{"id":1517,"date":"2026-01-05T16:15:26","date_gmt":"2026-01-05T16:15:26","guid":{"rendered":"https:\/\/nen.kmkoncept.fr\/?post_type=product&#038;p=1517"},"modified":"2026-04-28T07:28:22","modified_gmt":"2026-04-28T07:28:22","slug":"trampoline-compat-kl-16-a-ralingue","status":"publish","type":"product","link":"https:\/\/www.nenuphar.com\/en\/shop\/series\/catamarans-series\/kl\/kl-16\/trampoline-compat-kl-16-a-ralingue\/","title":{"rendered":"TRAMPOLINE COMPAT KL 16 &#8211; A RALINGUE"},"content":{"rendered":"<p>Trampoline en b\u00e2che \u00e9paisse finition antigliss pour catamaran KL 16<\/p>\n<p>assemblage par soudure haute fr\u00e9quence<\/p>\n<p>fixation \u00e0 la poutre avant par une ralingue<\/p>\n<p>fixation \u00e0 l&rsquo;arri\u00e8re par une latte jonc non fournie et transfilage sur la poutre arri\u00e8re<\/p>\n<p>1 poche \u00e0 drisse<\/p>\n<p>2 retension straps<\/p>\n<p>Made to order only in our workshop in Nemours, France.<\/p>\n<p>bien v\u00e9rifier la compatibilit\u00e9 avec votre bateau grace au plan<\/p>","protected":false},"excerpt":{"rendered":"<p>Trampoline en b\u00e2che \u00e9paisse finition antigliss pour catamaran KL 16 assemblage par soudure haute fr\u00e9quence fixation \u00e0 la poutre avant par une ralingue fixation \u00e0 l&rsquo;arri\u00e8re par une latte jonc non fournie et transfilage sur la poutre arri\u00e8re 1 poche \u00e0 drisse 2 sangles de rappel fabriqu\u00e9 \u00e0 la commande uniquement dans notre atelier \u00e0 [&hellip;]<\/p>\n","protected":false},"featured_media":1567,"template":"","meta":{"_acf_changed":false,"_uag_custom_page_level_css":""},"product_brand":[430],"product_cat":[275,96],"product_tag":[542],"class_list":{"0":"post-1517","1":"product","2":"type-product","3":"status-publish","4":"has-post-thumbnail","6":"product_brand-nenuphar","7":"product_cat-kl-16","8":"product_cat-trampolines-bache","9":"product_tag-kl-16","11":"first","12":"onbackorder","13":"taxable","14":"shipping-taxable","15":"purchasable","16":"product-type-simple"},"acf":[],"aioseo_notices":[],"uagb_featured_image_src":{"full":["https:\/\/www.nenuphar.com\/wp-content\/uploads\/2026\/01\/5324-scaled.jpg",2560,1920,false],"thumbnail":["https:\/\/www.nenuphar.com\/wp-content\/uploads\/2026\/01\/5324-150x150.jpg",150,150,true],"medium":["https:\/\/www.nenuphar.com\/wp-content\/uploads\/2026\/01\/5324-300x225.jpg",300,225,true],"medium_large":["https:\/\/www.nenuphar.com\/wp-content\/uploads\/2026\/01\/5324-768x576.jpg",768,576,true],"large":["https:\/\/www.nenuphar.com\/wp-content\/uploads\/2026\/01\/5324-1024x768.jpg",1024,768,true],"1536x1536":["https:\/\/www.nenuphar.com\/wp-content\/uploads\/2026\/01\/5324-1536x1152.jpg",1536,1152,true],"2048x2048":["https:\/\/www.nenuphar.com\/wp-content\/uploads\/2026\/01\/5324-2048x1536.jpg",2048,1536,true],"trp-custom-language-flag":["https:\/\/www.nenuphar.com\/wp-content\/uploads\/2026\/01\/5324-scaled.jpg",16,12,false],"woocommerce_thumbnail":["https:\/\/www.nenuphar.com\/wp-content\/uploads\/2026\/01\/5324-300x300.jpg",300,300,true],"woocommerce_single":["https:\/\/www.nenuphar.com\/wp-content\/uploads\/2026\/01\/5324-600x450.jpg",600,450,true],"woocommerce_gallery_thumbnail":["https:\/\/www.nenuphar.com\/wp-content\/uploads\/2026\/01\/5324-100x100.jpg",100,100,true]},"uagb_author_info":{"display_name":"Karine","author_link":"https:\/\/www.nenuphar.com\/en\/author\/"},"uagb_comment_info":0,"uagb_excerpt":"Trampoline en b\u00e2che \u00e9paisse finition antigliss pour catamaran KL 16 assemblage par soudure haute fr\u00e9quence fixation \u00e0 la poutre avant par une ralingue fixation \u00e0 l&rsquo;arri\u00e8re par une latte jonc non fournie et transfilage sur la poutre arri\u00e8re 1 poche \u00e0 drisse 2 sangles de rappel fabriqu\u00e9 \u00e0 la commande uniquement dans notre atelier \u00e0&hellip;","_links":{"self":[{"href":"https:\/\/www.nenuphar.com\/en\/wp-json\/wp\/v2\/product\/1517","targetHints":{"allow":["GET"]}}],"collection":[{"href":"https:\/\/www.nenuphar.com\/en\/wp-json\/wp\/v2\/product"}],"about":[{"href":"https:\/\/www.nenuphar.com\/en\/wp-json\/wp\/v2\/types\/product"}],"wp:featuredmedia":[{"embeddable":true,"href":"https:\/\/www.nenuphar.com\/en\/wp-json\/wp\/v2\/media\/1567"}],"wp:attachment":[{"href":"https:\/\/www.nenuphar.com\/en\/wp-json\/wp\/v2\/media?parent=1517"}],"wp:term":[{"taxonomy":"product_brand","embeddable":true,"href":"https:\/\/www.nenuphar.com\/en\/wp-json\/wp\/v2\/product_brand?post=1517"},{"taxonomy":"product_cat","embeddable":true,"href":"https:\/\/www.nenuphar.com\/en\/wp-json\/wp\/v2\/product_cat?post=1517"},{"taxonomy":"product_tag","embeddable":true,"href":"https:\/\/www.nenuphar.com\/en\/wp-json\/wp\/v2\/product_tag?post=1517"}],"curies":[{"name":"wp","href":"https:\/\/api.w.org\/{rel}","templated":true}]}}