{"id":1557,"date":"2026-01-05T16:17:13","date_gmt":"2026-01-05T16:17:13","guid":{"rendered":"https:\/\/nen.kmkoncept.fr\/?post_type=product&#038;p=1557"},"modified":"2026-04-28T07:28:25","modified_gmt":"2026-04-28T07:28:25","slug":"trampoline-compat-stamped","status":"publish","type":"product","link":"https:\/\/www.nenuphar.com\/en\/shop\/navigation\/trampolines\/trampolines-bache\/trampoline-compat-stamped\/","title":{"rendered":"STAMPED COMPATIBLE TRAMPOLINE"},"content":{"rendered":"<p>Fabriqu\u00e9 en France. Ce trampoline est con\u00e7u pour une r\u00e9sistance \u00e9lev\u00e9e et une utilisation intensive. Fabriqu\u00e9 en forte b\u00e2che polyester en finition Antigliss. Assembl\u00e9 par soudure haute fr\u00e9quence. Les oeillets sont \u00e0 dents et pos\u00e9s avec un renfort. 1 poche en filet de rangement de drisses. 4 poign\u00e9es de relevage au dos. Pas de sangle de rappel. \u00a0<\/p>","protected":false},"excerpt":{"rendered":"<p>Fabriqu\u00e9 en France. Ce trampoline est con\u00e7u pour une r\u00e9sistance \u00e9lev\u00e9e et une utilisation intensive. Fabriqu\u00e9 en forte b\u00e2che polyester en finition Antigliss. Assembl\u00e9 par soudure haute fr\u00e9quence. Les oeillets sont \u00e0 dents et pos\u00e9s avec un renfort. 1 poche en filet de rangement de drisses. 4 poign\u00e9es de relevage au dos. Pas de sangle [&hellip;]<\/p>\n","protected":false},"featured_media":1604,"template":"","meta":{"_acf_changed":false,"_uag_custom_page_level_css":""},"product_brand":[430],"product_cat":[96],"product_tag":[],"class_list":{"0":"post-1557","1":"product","2":"type-product","3":"status-publish","4":"has-post-thumbnail","6":"product_brand-nenuphar","7":"product_cat-trampolines-bache","9":"first","10":"onbackorder","11":"taxable","12":"shipping-taxable","13":"purchasable","14":"product-type-simple"},"acf":[],"aioseo_notices":[],"uagb_featured_image_src":{"full":["https:\/\/www.nenuphar.com\/wp-content\/uploads\/2026\/01\/2680-scaled.jpg",2560,1920,false],"thumbnail":["https:\/\/www.nenuphar.com\/wp-content\/uploads\/2026\/01\/2680-150x150.jpg",150,150,true],"medium":["https:\/\/www.nenuphar.com\/wp-content\/uploads\/2026\/01\/2680-300x225.jpg",300,225,true],"medium_large":["https:\/\/www.nenuphar.com\/wp-content\/uploads\/2026\/01\/2680-768x576.jpg",768,576,true],"large":["https:\/\/www.nenuphar.com\/wp-content\/uploads\/2026\/01\/2680-1024x768.jpg",1024,768,true],"1536x1536":["https:\/\/www.nenuphar.com\/wp-content\/uploads\/2026\/01\/2680-1536x1152.jpg",1536,1152,true],"2048x2048":["https:\/\/www.nenuphar.com\/wp-content\/uploads\/2026\/01\/2680-2048x1536.jpg",2048,1536,true],"trp-custom-language-flag":["https:\/\/www.nenuphar.com\/wp-content\/uploads\/2026\/01\/2680-scaled.jpg",16,12,false],"woocommerce_thumbnail":["https:\/\/www.nenuphar.com\/wp-content\/uploads\/2026\/01\/2680-300x300.jpg",300,300,true],"woocommerce_single":["https:\/\/www.nenuphar.com\/wp-content\/uploads\/2026\/01\/2680-600x450.jpg",600,450,true],"woocommerce_gallery_thumbnail":["https:\/\/www.nenuphar.com\/wp-content\/uploads\/2026\/01\/2680-100x100.jpg",100,100,true]},"uagb_author_info":{"display_name":"Karine","author_link":"https:\/\/www.nenuphar.com\/en\/author\/"},"uagb_comment_info":0,"uagb_excerpt":"Fabriqu\u00e9 en France. Ce trampoline est con\u00e7u pour une r\u00e9sistance \u00e9lev\u00e9e et une utilisation intensive. Fabriqu\u00e9 en forte b\u00e2che polyester en finition Antigliss. Assembl\u00e9 par soudure haute fr\u00e9quence. Les oeillets sont \u00e0 dents et pos\u00e9s avec un renfort. 1 poche en filet de rangement de drisses. 4 poign\u00e9es de relevage au dos. Pas de sangle&hellip;","_links":{"self":[{"href":"https:\/\/www.nenuphar.com\/en\/wp-json\/wp\/v2\/product\/1557","targetHints":{"allow":["GET"]}}],"collection":[{"href":"https:\/\/www.nenuphar.com\/en\/wp-json\/wp\/v2\/product"}],"about":[{"href":"https:\/\/www.nenuphar.com\/en\/wp-json\/wp\/v2\/types\/product"}],"wp:featuredmedia":[{"embeddable":true,"href":"https:\/\/www.nenuphar.com\/en\/wp-json\/wp\/v2\/media\/1604"}],"wp:attachment":[{"href":"https:\/\/www.nenuphar.com\/en\/wp-json\/wp\/v2\/media?parent=1557"}],"wp:term":[{"taxonomy":"product_brand","embeddable":true,"href":"https:\/\/www.nenuphar.com\/en\/wp-json\/wp\/v2\/product_brand?post=1557"},{"taxonomy":"product_cat","embeddable":true,"href":"https:\/\/www.nenuphar.com\/en\/wp-json\/wp\/v2\/product_cat?post=1557"},{"taxonomy":"product_tag","embeddable":true,"href":"https:\/\/www.nenuphar.com\/en\/wp-json\/wp\/v2\/product_tag?post=1557"}],"curies":[{"name":"wp","href":"https:\/\/api.w.org\/{rel}","templated":true}]}}