{"id":1598,"date":"2026-01-05T16:18:41","date_gmt":"2026-01-05T16:18:41","guid":{"rendered":"https:\/\/nen.kmkoncept.fr\/?post_type=product&#038;p=1598"},"modified":"2026-04-28T07:28:29","modified_gmt":"2026-04-28T07:28:29","slug":"trampoline-compat-nc-10-5","status":"publish","type":"product","link":"https:\/\/www.nenuphar.com\/en\/shop\/navigation\/trampolines\/trampolines-bache\/trampoline-compat-nc-10-5\/","title":{"rendered":"TRAMPOLINE for NEW CAT 10.5"},"content":{"rendered":"<p>Trampoline compatible pour New Cat 10.5\u00ae<\/p>\n<p>R\u00e9alis\u00e9 dans nos ateliers en solide b\u00e2che polyester enduit 2 faces<\/p>\n<p>Finition grain cuir.<\/p>\n<p>Made in France<\/p>","protected":false},"excerpt":{"rendered":"<p>This trampoline is made in France. Suitable for New Cat 10.5 Also exists in mesh: see reference 30195MESH<\/p>","protected":false},"featured_media":1623,"template":"","meta":{"_acf_changed":false,"_uag_custom_page_level_css":""},"product_brand":[430],"product_cat":[96],"product_tag":[],"class_list":{"0":"post-1598","1":"product","2":"type-product","3":"status-publish","4":"has-post-thumbnail","6":"product_brand-nenuphar","7":"product_cat-trampolines-bache","9":"first","10":"onbackorder","11":"taxable","12":"shipping-taxable","13":"purchasable","14":"product-type-simple"},"acf":[],"aioseo_notices":[],"uagb_featured_image_src":{"full":["https:\/\/www.nenuphar.com\/wp-content\/uploads\/2026\/01\/3169.jpg",1960,1484,false],"thumbnail":["https:\/\/www.nenuphar.com\/wp-content\/uploads\/2026\/01\/3169-150x150.jpg",150,150,true],"medium":["https:\/\/www.nenuphar.com\/wp-content\/uploads\/2026\/01\/3169-300x227.jpg",300,227,true],"medium_large":["https:\/\/www.nenuphar.com\/wp-content\/uploads\/2026\/01\/3169-768x581.jpg",768,581,true],"large":["https:\/\/www.nenuphar.com\/wp-content\/uploads\/2026\/01\/3169-1024x775.jpg",1024,775,true],"1536x1536":["https:\/\/www.nenuphar.com\/wp-content\/uploads\/2026\/01\/3169-1536x1163.jpg",1536,1163,true],"2048x2048":["https:\/\/www.nenuphar.com\/wp-content\/uploads\/2026\/01\/3169.jpg",1960,1484,false],"trp-custom-language-flag":["https:\/\/www.nenuphar.com\/wp-content\/uploads\/2026\/01\/3169.jpg",16,12,false],"woocommerce_thumbnail":["https:\/\/www.nenuphar.com\/wp-content\/uploads\/2026\/01\/3169-300x300.jpg",300,300,true],"woocommerce_single":["https:\/\/www.nenuphar.com\/wp-content\/uploads\/2026\/01\/3169-600x454.jpg",600,454,true],"woocommerce_gallery_thumbnail":["https:\/\/www.nenuphar.com\/wp-content\/uploads\/2026\/01\/3169-100x100.jpg",100,100,true]},"uagb_author_info":{"display_name":"Karine","author_link":"https:\/\/www.nenuphar.com\/en\/author\/"},"uagb_comment_info":0,"uagb_excerpt":"Trampoline compatible pour New Cat 10.5\u00ae R\u00e9alis\u00e9 dans nos ateliers en solide b\u00e2che polyester enduit 2 faces Finition grain cuir. Fabriqu\u00e9 en France","_links":{"self":[{"href":"https:\/\/www.nenuphar.com\/en\/wp-json\/wp\/v2\/product\/1598","targetHints":{"allow":["GET"]}}],"collection":[{"href":"https:\/\/www.nenuphar.com\/en\/wp-json\/wp\/v2\/product"}],"about":[{"href":"https:\/\/www.nenuphar.com\/en\/wp-json\/wp\/v2\/types\/product"}],"wp:featuredmedia":[{"embeddable":true,"href":"https:\/\/www.nenuphar.com\/en\/wp-json\/wp\/v2\/media\/1623"}],"wp:attachment":[{"href":"https:\/\/www.nenuphar.com\/en\/wp-json\/wp\/v2\/media?parent=1598"}],"wp:term":[{"taxonomy":"product_brand","embeddable":true,"href":"https:\/\/www.nenuphar.com\/en\/wp-json\/wp\/v2\/product_brand?post=1598"},{"taxonomy":"product_cat","embeddable":true,"href":"https:\/\/www.nenuphar.com\/en\/wp-json\/wp\/v2\/product_cat?post=1598"},{"taxonomy":"product_tag","embeddable":true,"href":"https:\/\/www.nenuphar.com\/en\/wp-json\/wp\/v2\/product_tag?post=1598"}],"curies":[{"name":"wp","href":"https:\/\/api.w.org\/{rel}","templated":true}]}}