{"id":1629,"date":"2026-01-05T16:28:52","date_gmt":"2026-01-05T16:28:52","guid":{"rendered":"https:\/\/nen.kmkoncept.fr\/?post_type=product&#038;p=1629"},"modified":"2026-04-28T07:28:17","modified_gmt":"2026-04-28T07:28:17","slug":"trampoline-compat-nc-f1-f2-demontable-soude-mesh-pvc","status":"publish","type":"product","link":"https:\/\/www.nenuphar.com\/en\/shop\/series\/catamarans-series\/new-cat\/nc-f1\/trampoline-compat-nc-f1-f2-demontable-soude-mesh-pvc\/","title":{"rendered":"Compatible trampoline for NC F1\/F2 \u2013 removable welded PVC mesh."},"content":{"rendered":"<p>Compatible mesh trampoline for New Cat F1\/F2.<\/p>\n<p>Made in France in our workshops, from mesh fabric: a grid of 1100 Dtex high-tenacity multifilament polyester fibers, PVC-coated on both sides.<\/p>\n<p>Fabric weight: 430 g\/m\u00b2.<\/p>\n<p>Strength:<\/p>\n<p>\u2013 Warp: 250 daN<\/p>\n<p>\u2013 Weft: 270 daN<\/p>\n<p>Fabric made in Europe.\u00a0<\/p>","protected":false},"excerpt":{"rendered":"<p>Trampoline mesh compatible pour New Cat F1\/F2 Fabriqu\u00e9 en France dans nos ateliers, dans un tissu mesh : grille de fils polyester 1100 dtex haute t\u00e9nacit\u00e9 multifilaments enduit PVC 2 faces. Poids tissu: 430 g\/m\u00b2 R\u00e9sistance: &#8211; Chaine 250 daN &#8211; Trame 270 daN Tissu fabriqu\u00e9 en Europe\u00a0<\/p>","protected":false},"featured_media":0,"template":"","meta":{"_acf_changed":false,"_uag_custom_page_level_css":""},"product_brand":[430],"product_cat":[289,290,97],"product_tag":[563,564,555],"class_list":{"0":"post-1629","1":"product","2":"type-product","3":"status-publish","5":"product_brand-nenuphar","6":"product_cat-nc-f1","7":"product_cat-nc-f2","8":"product_cat-trampolines-filet-mesh","9":"product_tag-nc-f1","10":"product_tag-nc-f2","11":"product_tag-new-cat","13":"first","14":"onbackorder","15":"taxable","16":"shipping-taxable","17":"purchasable","18":"product-type-simple"},"acf":[],"aioseo_notices":[],"uagb_featured_image_src":{"full":false,"thumbnail":false,"medium":false,"medium_large":false,"large":false,"1536x1536":false,"2048x2048":false,"trp-custom-language-flag":false,"woocommerce_thumbnail":false,"woocommerce_single":false,"woocommerce_gallery_thumbnail":false},"uagb_author_info":{"display_name":"Karine","author_link":"https:\/\/www.nenuphar.com\/en\/author\/"},"uagb_comment_info":0,"uagb_excerpt":"Trampoline mesh compatible pour New Cat F1\/F2 Fabriqu\u00e9 en France dans nos ateliers, dans un tissu mesh : grille de fils polyester 1100 dtex haute t\u00e9nacit\u00e9 multifilaments enduit PVC 2 faces. Poids tissu: 430 g\/m\u00b2 R\u00e9sistance: &#8211; Chaine 250 daN &#8211; Trame 270 daN Tissu fabriqu\u00e9 en Europe\u00a0","_links":{"self":[{"href":"https:\/\/www.nenuphar.com\/en\/wp-json\/wp\/v2\/product\/1629","targetHints":{"allow":["GET"]}}],"collection":[{"href":"https:\/\/www.nenuphar.com\/en\/wp-json\/wp\/v2\/product"}],"about":[{"href":"https:\/\/www.nenuphar.com\/en\/wp-json\/wp\/v2\/types\/product"}],"wp:attachment":[{"href":"https:\/\/www.nenuphar.com\/en\/wp-json\/wp\/v2\/media?parent=1629"}],"wp:term":[{"taxonomy":"product_brand","embeddable":true,"href":"https:\/\/www.nenuphar.com\/en\/wp-json\/wp\/v2\/product_brand?post=1629"},{"taxonomy":"product_cat","embeddable":true,"href":"https:\/\/www.nenuphar.com\/en\/wp-json\/wp\/v2\/product_cat?post=1629"},{"taxonomy":"product_tag","embeddable":true,"href":"https:\/\/www.nenuphar.com\/en\/wp-json\/wp\/v2\/product_tag?post=1629"}],"curies":[{"name":"wp","href":"https:\/\/api.w.org\/{rel}","templated":true}]}}