{"id":1631,"date":"2026-01-05T16:28:52","date_gmt":"2026-01-05T16:28:52","guid":{"rendered":"https:\/\/nen.kmkoncept.fr\/?post_type=product&#038;p=1631"},"modified":"2026-04-28T07:28:17","modified_gmt":"2026-04-28T07:28:17","slug":"trampoline-compat-nc-12-demontable-soude-mesh-pvc","status":"publish","type":"product","link":"https:\/\/www.nenuphar.com\/en\/shop\/series\/catamarans-series\/new-cat\/nc-12\/trampoline-compat-nc-12-demontable-soude-mesh-pvc\/","title":{"rendered":"Compatible trampoline for NC 12 \u2013 removable welded PVC mesh."},"content":{"rendered":"<p>This compatible trampoline is designed for New Cat 12.<\/p>\n<p>To check if this fits your boat, open the plan below in the \u201cDownload\u201d tab.<\/p>","protected":false},"excerpt":{"rendered":"<p>This material is made in France, in our workshops in Nemours, from a strong black openwork \u201cmesh\u201d fabric.<\/p>\n<p>It is a grid of 1100 Dtex high-tenacity multifilament polyester fibers, PVC-coated on both sides.<\/p>\n<p>Weight: 430 g\/m\u00b2.<\/p>\n<p>Strength:<\/p>\n<p>\u2013 Warp: 250 daN \/ 5 cm<\/p>\n<p>\u2013 Weft: 270 daN \/ 5 cm<\/p>\n<p>Fabric made in Europe.\u00a0<\/p>","protected":false},"featured_media":1658,"template":"","meta":{"_acf_changed":false,"_uag_custom_page_level_css":""},"product_brand":[430],"product_cat":[283,97],"product_tag":[554,555],"class_list":{"0":"post-1631","1":"product","2":"type-product","3":"status-publish","4":"has-post-thumbnail","6":"product_brand-nenuphar","7":"product_cat-nc-12","8":"product_cat-trampolines-filet-mesh","9":"product_tag-nc-12","10":"product_tag-new-cat","12":"first","13":"onbackorder","14":"taxable","15":"shipping-taxable","16":"purchasable","17":"product-type-simple"},"acf":[],"aioseo_notices":[],"uagb_featured_image_src":{"full":["https:\/\/www.nenuphar.com\/wp-content\/uploads\/2026\/01\/2758-scaled.jpg",2560,1920,false],"thumbnail":["https:\/\/www.nenuphar.com\/wp-content\/uploads\/2026\/01\/2758-150x150.jpg",150,150,true],"medium":["https:\/\/www.nenuphar.com\/wp-content\/uploads\/2026\/01\/2758-300x225.jpg",300,225,true],"medium_large":["https:\/\/www.nenuphar.com\/wp-content\/uploads\/2026\/01\/2758-768x576.jpg",768,576,true],"large":["https:\/\/www.nenuphar.com\/wp-content\/uploads\/2026\/01\/2758-1024x768.jpg",1024,768,true],"1536x1536":["https:\/\/www.nenuphar.com\/wp-content\/uploads\/2026\/01\/2758-1536x1152.jpg",1536,1152,true],"2048x2048":["https:\/\/www.nenuphar.com\/wp-content\/uploads\/2026\/01\/2758-2048x1536.jpg",2048,1536,true],"trp-custom-language-flag":["https:\/\/www.nenuphar.com\/wp-content\/uploads\/2026\/01\/2758-scaled.jpg",16,12,false],"woocommerce_thumbnail":["https:\/\/www.nenuphar.com\/wp-content\/uploads\/2026\/01\/2758-300x300.jpg",300,300,true],"woocommerce_single":["https:\/\/www.nenuphar.com\/wp-content\/uploads\/2026\/01\/2758-600x450.jpg",600,450,true],"woocommerce_gallery_thumbnail":["https:\/\/www.nenuphar.com\/wp-content\/uploads\/2026\/01\/2758-100x100.jpg",100,100,true]},"uagb_author_info":{"display_name":"Karine","author_link":"https:\/\/www.nenuphar.com\/en\/author\/"},"uagb_comment_info":0,"uagb_excerpt":"Ce mat\u00e9riel est fabriqu\u00e9 en France, dans nos ateliers de Nemours, dans un solide tissu ajour\u00e9 \"mesh\" noir. Il s'agit d'une grille de fils polyester 1100dtex haute t\u00e9nacit\u00e9 multifilaments, enduit PVC sur les 2 faces. Poids: 430 g\/m\u00b2 R\u00e9sistance: - Chaine : 250 daN \/ 5 cm - Trame: 270 daN \/ 5 cm Tissu&hellip;","_links":{"self":[{"href":"https:\/\/www.nenuphar.com\/en\/wp-json\/wp\/v2\/product\/1631","targetHints":{"allow":["GET"]}}],"collection":[{"href":"https:\/\/www.nenuphar.com\/en\/wp-json\/wp\/v2\/product"}],"about":[{"href":"https:\/\/www.nenuphar.com\/en\/wp-json\/wp\/v2\/types\/product"}],"wp:featuredmedia":[{"embeddable":true,"href":"https:\/\/www.nenuphar.com\/en\/wp-json\/wp\/v2\/media\/1658"}],"wp:attachment":[{"href":"https:\/\/www.nenuphar.com\/en\/wp-json\/wp\/v2\/media?parent=1631"}],"wp:term":[{"taxonomy":"product_brand","embeddable":true,"href":"https:\/\/www.nenuphar.com\/en\/wp-json\/wp\/v2\/product_brand?post=1631"},{"taxonomy":"product_cat","embeddable":true,"href":"https:\/\/www.nenuphar.com\/en\/wp-json\/wp\/v2\/product_cat?post=1631"},{"taxonomy":"product_tag","embeddable":true,"href":"https:\/\/www.nenuphar.com\/en\/wp-json\/wp\/v2\/product_tag?post=1631"}],"curies":[{"name":"wp","href":"https:\/\/api.w.org\/{rel}","templated":true}]}}