{"id":1632,"date":"2026-01-05T16:28:53","date_gmt":"2026-01-05T16:28:53","guid":{"rendered":"https:\/\/nen.kmkoncept.fr\/?post_type=product&#038;p=1632"},"modified":"2026-04-28T07:28:17","modified_gmt":"2026-04-28T07:28:17","slug":"trampoline-compat-nc-f1-ou-f2-soude-mesh-pvc","status":"publish","type":"product","link":"https:\/\/www.nenuphar.com\/en\/shop\/series\/catamarans-series\/new-cat\/nc-f1\/trampoline-compat-nc-f1-ou-f2-soude-mesh-pvc\/","title":{"rendered":"Compatible trampoline for NC F1 or F2 \u2013 welded PVC mesh."},"content":{"rendered":"<p>Trampoline adaptable to New Cat F1 or F2 catamaran, pre-1999 models.<\/p>\n<p>Made in our workshops from PVC-coated polyester mesh fabric.<\/p>\n<p>The assemblies and reinforcement attachments are made using high-frequency welding.<\/p>\n<p>The eyelets are crimped using a hydraulic press.<\/p>","protected":false},"excerpt":{"rendered":"<p>Trampoline adaptable sur catamaran New Cat F1 ou F2 d&rsquo;avant 1999 r\u00e9alis\u00e9 dans nos ateliers en tissu polyester maille enduit PVC Les assemblages et pose de renforts sont fait par soudure haute fr\u00e9quence les \u0153illets sont sertis \u00e0 la presse hydraulique<\/p>","protected":false},"featured_media":1664,"template":"","meta":{"_acf_changed":false,"_uag_custom_page_level_css":""},"product_brand":[430],"product_cat":[289,290,97],"product_tag":[563,564,555],"class_list":{"0":"post-1632","1":"product","2":"type-product","3":"status-publish","4":"has-post-thumbnail","6":"product_brand-nenuphar","7":"product_cat-nc-f1","8":"product_cat-nc-f2","9":"product_cat-trampolines-filet-mesh","10":"product_tag-nc-f1","11":"product_tag-nc-f2","12":"product_tag-new-cat","14":"first","15":"onbackorder","16":"taxable","17":"shipping-taxable","18":"purchasable","19":"product-type-simple"},"acf":[],"aioseo_notices":[],"uagb_featured_image_src":{"full":["https:\/\/www.nenuphar.com\/wp-content\/uploads\/2026\/01\/6243-scaled.jpg",1994,2560,false],"thumbnail":["https:\/\/www.nenuphar.com\/wp-content\/uploads\/2026\/01\/6243-150x150.jpg",150,150,true],"medium":["https:\/\/www.nenuphar.com\/wp-content\/uploads\/2026\/01\/6243-234x300.jpg",234,300,true],"medium_large":["https:\/\/www.nenuphar.com\/wp-content\/uploads\/2026\/01\/6243-768x986.jpg",768,986,true],"large":["https:\/\/www.nenuphar.com\/wp-content\/uploads\/2026\/01\/6243-798x1024.jpg",798,1024,true],"1536x1536":["https:\/\/www.nenuphar.com\/wp-content\/uploads\/2026\/01\/6243-1197x1536.jpg",1197,1536,true],"2048x2048":["https:\/\/www.nenuphar.com\/wp-content\/uploads\/2026\/01\/6243-1595x2048.jpg",1595,2048,true],"trp-custom-language-flag":["https:\/\/www.nenuphar.com\/wp-content\/uploads\/2026\/01\/6243-scaled.jpg",9,12,false],"woocommerce_thumbnail":["https:\/\/www.nenuphar.com\/wp-content\/uploads\/2026\/01\/6243-300x300.jpg",300,300,true],"woocommerce_single":["https:\/\/www.nenuphar.com\/wp-content\/uploads\/2026\/01\/6243-600x770.jpg",600,770,true],"woocommerce_gallery_thumbnail":["https:\/\/www.nenuphar.com\/wp-content\/uploads\/2026\/01\/6243-100x100.jpg",100,100,true]},"uagb_author_info":{"display_name":"Karine","author_link":"https:\/\/www.nenuphar.com\/en\/author\/"},"uagb_comment_info":0,"uagb_excerpt":"Trampoline adaptable sur catamaran New Cat F1 ou F2 d&rsquo;avant 1999 r\u00e9alis\u00e9 dans nos ateliers en tissu polyester maille enduit PVC Les assemblages et pose de renforts sont fait par soudure haute fr\u00e9quence les \u0153illets sont sertis \u00e0 la presse hydraulique","_links":{"self":[{"href":"https:\/\/www.nenuphar.com\/en\/wp-json\/wp\/v2\/product\/1632","targetHints":{"allow":["GET"]}}],"collection":[{"href":"https:\/\/www.nenuphar.com\/en\/wp-json\/wp\/v2\/product"}],"about":[{"href":"https:\/\/www.nenuphar.com\/en\/wp-json\/wp\/v2\/types\/product"}],"wp:featuredmedia":[{"embeddable":true,"href":"https:\/\/www.nenuphar.com\/en\/wp-json\/wp\/v2\/media\/1664"}],"wp:attachment":[{"href":"https:\/\/www.nenuphar.com\/en\/wp-json\/wp\/v2\/media?parent=1632"}],"wp:term":[{"taxonomy":"product_brand","embeddable":true,"href":"https:\/\/www.nenuphar.com\/en\/wp-json\/wp\/v2\/product_brand?post=1632"},{"taxonomy":"product_cat","embeddable":true,"href":"https:\/\/www.nenuphar.com\/en\/wp-json\/wp\/v2\/product_cat?post=1632"},{"taxonomy":"product_tag","embeddable":true,"href":"https:\/\/www.nenuphar.com\/en\/wp-json\/wp\/v2\/product_tag?post=1632"}],"curies":[{"name":"wp","href":"https:\/\/api.w.org\/{rel}","templated":true}]}}