{"id":1634,"date":"2026-01-05T16:28:53","date_gmt":"2026-01-05T16:28:53","guid":{"rendered":"https:\/\/nen.kmkoncept.fr\/?post_type=product&#038;p=1634"},"modified":"2026-04-28T07:28:18","modified_gmt":"2026-04-28T07:28:18","slug":"trampoline-compat-nc-15-2-parties-soude-mesh","status":"publish","type":"product","link":"https:\/\/www.nenuphar.com\/en\/shop\/series\/catamarans-series\/new-cat\/nc-15-club\/trampoline-compat-nc-15-2-parties-soude-mesh\/","title":{"rendered":"Compatible trampoline for NC 15 \/2 \u2013 welded mesh sections."},"content":{"rendered":"<p>Compatible trampoline for New Cat 15 in 2 parts.<\/p>\n<p>Made from black mesh fabric.<\/p>\n<p>Assembled using high-frequency welding for high durability.<\/p>","protected":false},"excerpt":{"rendered":"<p>Trampoline compatible pour New Cat 15 en 2 parties Fabriqu\u00e9 en tissu mesh noir. Assembl\u00e9 par soudure haute fr\u00e9quence pour une grande durabilit\u00e9.<\/p>","protected":false},"featured_media":0,"template":"","meta":{"_acf_changed":false,"_uag_custom_page_level_css":""},"product_brand":[430],"product_cat":[285,97],"product_tag":[557,558,555],"class_list":{"0":"post-1634","1":"product","2":"type-product","3":"status-publish","5":"product_brand-nenuphar","6":"product_cat-nc-15-club","7":"product_cat-trampolines-filet-mesh","8":"product_tag-nc-15","9":"product_tag-nc-15-club","10":"product_tag-new-cat","12":"first","13":"onbackorder","14":"taxable","15":"shipping-taxable","16":"purchasable","17":"product-type-simple"},"acf":[],"aioseo_notices":[],"uagb_featured_image_src":{"full":false,"thumbnail":false,"medium":false,"medium_large":false,"large":false,"1536x1536":false,"2048x2048":false,"trp-custom-language-flag":false,"woocommerce_thumbnail":false,"woocommerce_single":false,"woocommerce_gallery_thumbnail":false},"uagb_author_info":{"display_name":"Karine","author_link":"https:\/\/www.nenuphar.com\/en\/author\/"},"uagb_comment_info":0,"uagb_excerpt":"Trampoline compatible pour New Cat 15 en 2 parties Fabriqu\u00e9 en tissu mesh noir. Assembl\u00e9 par soudure haute fr\u00e9quence pour une grande durabilit\u00e9.","_links":{"self":[{"href":"https:\/\/www.nenuphar.com\/en\/wp-json\/wp\/v2\/product\/1634","targetHints":{"allow":["GET"]}}],"collection":[{"href":"https:\/\/www.nenuphar.com\/en\/wp-json\/wp\/v2\/product"}],"about":[{"href":"https:\/\/www.nenuphar.com\/en\/wp-json\/wp\/v2\/types\/product"}],"wp:attachment":[{"href":"https:\/\/www.nenuphar.com\/en\/wp-json\/wp\/v2\/media?parent=1634"}],"wp:term":[{"taxonomy":"product_brand","embeddable":true,"href":"https:\/\/www.nenuphar.com\/en\/wp-json\/wp\/v2\/product_brand?post=1634"},{"taxonomy":"product_cat","embeddable":true,"href":"https:\/\/www.nenuphar.com\/en\/wp-json\/wp\/v2\/product_cat?post=1634"},{"taxonomy":"product_tag","embeddable":true,"href":"https:\/\/www.nenuphar.com\/en\/wp-json\/wp\/v2\/product_tag?post=1634"}],"curies":[{"name":"wp","href":"https:\/\/api.w.org\/{rel}","templated":true}]}}