{"id":1635,"date":"2026-01-05T16:28:53","date_gmt":"2026-01-05T16:28:53","guid":{"rendered":"https:\/\/nen.kmkoncept.fr\/?post_type=product&#038;p=1635"},"modified":"2026-04-28T07:28:18","modified_gmt":"2026-04-28T07:28:18","slug":"trampoline-hobie-cat-14-turbo-soude-mesh-pvc-compatible","status":"publish","type":"product","link":"https:\/\/www.nenuphar.com\/en\/shop\/series\/catamarans-series\/edel-cat\/hobie-cat-14\/trampoline-hobie-cat-14-turbo-soude-mesh-pvc-compatible\/","title":{"rendered":"Compatible trampoline for Hobie Cat \u2013 14 Turbo welded PVC mesh."},"content":{"rendered":"<p>Compatible trampoline for Hobie 14 Turbo, made from black polyester mesh.<\/p>\n<p>Made in France in our workshops.<\/p>\n<p>Trampoline equipped with a line pocket.<\/p>","protected":false},"excerpt":{"rendered":"<p>Trampoline compatible pour Hobie 14 Turbo, fabriqu\u00e9 en mesh noir polyester. Fabriqu\u00e9 en France dans nos ateliers. Trampoline muni d&rsquo;une poche \u00e0 drisses<\/p>","protected":false},"featured_media":1666,"template":"","meta":{"_acf_changed":false,"_uag_custom_page_level_css":""},"product_brand":[430],"product_cat":[257,97],"product_tag":[527],"class_list":{"0":"post-1635","1":"product","2":"type-product","3":"status-publish","4":"has-post-thumbnail","6":"product_brand-nenuphar","7":"product_cat-hobie-cat-14","8":"product_cat-trampolines-filet-mesh","9":"product_tag-hobie-cat-14","11":"first","12":"onbackorder","13":"taxable","14":"shipping-taxable","15":"purchasable","16":"product-type-simple"},"acf":[],"aioseo_notices":[],"uagb_featured_image_src":{"full":["https:\/\/www.nenuphar.com\/wp-content\/uploads\/2026\/01\/2812-scaled.jpg",2560,1360,false],"thumbnail":["https:\/\/www.nenuphar.com\/wp-content\/uploads\/2026\/01\/2812-150x150.jpg",150,150,true],"medium":["https:\/\/www.nenuphar.com\/wp-content\/uploads\/2026\/01\/2812-300x159.jpg",300,159,true],"medium_large":["https:\/\/www.nenuphar.com\/wp-content\/uploads\/2026\/01\/2812-768x408.jpg",768,408,true],"large":["https:\/\/www.nenuphar.com\/wp-content\/uploads\/2026\/01\/2812-1024x544.jpg",1024,544,true],"1536x1536":["https:\/\/www.nenuphar.com\/wp-content\/uploads\/2026\/01\/2812-1536x816.jpg",1536,816,true],"2048x2048":["https:\/\/www.nenuphar.com\/wp-content\/uploads\/2026\/01\/2812-2048x1088.jpg",2048,1088,true],"trp-custom-language-flag":["https:\/\/www.nenuphar.com\/wp-content\/uploads\/2026\/01\/2812-scaled.jpg",18,10,false],"woocommerce_thumbnail":["https:\/\/www.nenuphar.com\/wp-content\/uploads\/2026\/01\/2812-300x300.jpg",300,300,true],"woocommerce_single":["https:\/\/www.nenuphar.com\/wp-content\/uploads\/2026\/01\/2812-600x319.jpg",600,319,true],"woocommerce_gallery_thumbnail":["https:\/\/www.nenuphar.com\/wp-content\/uploads\/2026\/01\/2812-100x100.jpg",100,100,true]},"uagb_author_info":{"display_name":"Karine","author_link":"https:\/\/www.nenuphar.com\/en\/author\/"},"uagb_comment_info":0,"uagb_excerpt":"Trampoline compatible pour Hobie 14 Turbo, fabriqu\u00e9 en mesh noir polyester. Fabriqu\u00e9 en France dans nos ateliers. Trampoline muni d&rsquo;une poche \u00e0 drisses","_links":{"self":[{"href":"https:\/\/www.nenuphar.com\/en\/wp-json\/wp\/v2\/product\/1635","targetHints":{"allow":["GET"]}}],"collection":[{"href":"https:\/\/www.nenuphar.com\/en\/wp-json\/wp\/v2\/product"}],"about":[{"href":"https:\/\/www.nenuphar.com\/en\/wp-json\/wp\/v2\/types\/product"}],"wp:featuredmedia":[{"embeddable":true,"href":"https:\/\/www.nenuphar.com\/en\/wp-json\/wp\/v2\/media\/1666"}],"wp:attachment":[{"href":"https:\/\/www.nenuphar.com\/en\/wp-json\/wp\/v2\/media?parent=1635"}],"wp:term":[{"taxonomy":"product_brand","embeddable":true,"href":"https:\/\/www.nenuphar.com\/en\/wp-json\/wp\/v2\/product_brand?post=1635"},{"taxonomy":"product_cat","embeddable":true,"href":"https:\/\/www.nenuphar.com\/en\/wp-json\/wp\/v2\/product_cat?post=1635"},{"taxonomy":"product_tag","embeddable":true,"href":"https:\/\/www.nenuphar.com\/en\/wp-json\/wp\/v2\/product_tag?post=1635"}],"curies":[{"name":"wp","href":"https:\/\/api.w.org\/{rel}","templated":true}]}}