{"id":1637,"date":"2026-01-05T16:28:53","date_gmt":"2026-01-05T16:28:53","guid":{"rendered":"https:\/\/nen.kmkoncept.fr\/?post_type=product&#038;p=1637"},"modified":"2026-04-28T07:28:19","modified_gmt":"2026-04-28T07:28:19","slug":"trampoline-hobie-cat-18-soude-mesh-compatible","status":"publish","type":"product","link":"https:\/\/www.nenuphar.com\/en\/shop\/series\/catamarans-series\/edel-cat\/hobie-cat-18\/trampoline-hobie-cat-18-soude-mesh-compatible\/","title":{"rendered":"Compatible trampoline for Hobie Cat \u2013 18 welded PVC mesh."},"content":{"rendered":"<p>Made in France.<\/p>\n<p>This compatible trampoline is designed for high durability under intensive use. It is made from a mesh of thick PVC-coated polyester threads. Reinforcements and assemblies are completed with high-frequency welding. Any grommets are toothed and always placed on a reinforcement. Includes halyard storage pocket(s).<\/p>","protected":false},"excerpt":{"rendered":"<p>Made in France. This compatible trampoline is designed for high durability under intensive use. It is made from a mesh of thick PVC-coated polyester threads. Reinforcements and assemblies are completed with high-frequency welding. Any grommets are toothed and always placed on a reinforcement. Includes halyard storage pocket(s).<\/p>","protected":false},"featured_media":1673,"template":"","meta":{"_acf_changed":false,"_uag_custom_page_level_css":""},"product_brand":[430],"product_cat":[260,97],"product_tag":[530],"class_list":{"0":"post-1637","1":"product","2":"type-product","3":"status-publish","4":"has-post-thumbnail","6":"product_brand-nenuphar","7":"product_cat-hobie-cat-18","8":"product_cat-trampolines-filet-mesh","9":"product_tag-hobie-cat-18","11":"first","12":"onbackorder","13":"taxable","14":"shipping-taxable","15":"purchasable","16":"product-type-simple"},"acf":[],"aioseo_notices":[],"uagb_featured_image_src":{"full":["https:\/\/www.nenuphar.com\/wp-content\/uploads\/2026\/01\/5876.jpg",2048,1536,false],"thumbnail":["https:\/\/www.nenuphar.com\/wp-content\/uploads\/2026\/01\/5876-150x150.jpg",150,150,true],"medium":["https:\/\/www.nenuphar.com\/wp-content\/uploads\/2026\/01\/5876-300x225.jpg",300,225,true],"medium_large":["https:\/\/www.nenuphar.com\/wp-content\/uploads\/2026\/01\/5876-768x576.jpg",768,576,true],"large":["https:\/\/www.nenuphar.com\/wp-content\/uploads\/2026\/01\/5876-1024x768.jpg",1024,768,true],"1536x1536":["https:\/\/www.nenuphar.com\/wp-content\/uploads\/2026\/01\/5876-1536x1152.jpg",1536,1152,true],"2048x2048":["https:\/\/www.nenuphar.com\/wp-content\/uploads\/2026\/01\/5876.jpg",2048,1536,false],"trp-custom-language-flag":["https:\/\/www.nenuphar.com\/wp-content\/uploads\/2026\/01\/5876.jpg",16,12,false],"woocommerce_thumbnail":["https:\/\/www.nenuphar.com\/wp-content\/uploads\/2026\/01\/5876-300x300.jpg",300,300,true],"woocommerce_single":["https:\/\/www.nenuphar.com\/wp-content\/uploads\/2026\/01\/5876-600x450.jpg",600,450,true],"woocommerce_gallery_thumbnail":["https:\/\/www.nenuphar.com\/wp-content\/uploads\/2026\/01\/5876-100x100.jpg",100,100,true]},"uagb_author_info":{"display_name":"Karine","author_link":"https:\/\/www.nenuphar.com\/en\/author\/"},"uagb_comment_info":0,"uagb_excerpt":"Fabriqu\u00e9 en France. Ce trampoline compatible est con\u00e7u pour une r\u00e9sistance \u00e9lev\u00e9e \u00e0 une utilisation intensive. Fabriqu\u00e9 en grille de forts fils polyester enduite PVC. Les assemblages et poses de renforts sont r\u00e9alis\u00e9s par soudure haute fr\u00e9quence Les illets \u00e9ventuels sont \u00e0 dents et toujours pos\u00e9s sur un renfort. Poche(s) de rangement de drisse.","_links":{"self":[{"href":"https:\/\/www.nenuphar.com\/en\/wp-json\/wp\/v2\/product\/1637","targetHints":{"allow":["GET"]}}],"collection":[{"href":"https:\/\/www.nenuphar.com\/en\/wp-json\/wp\/v2\/product"}],"about":[{"href":"https:\/\/www.nenuphar.com\/en\/wp-json\/wp\/v2\/types\/product"}],"wp:featuredmedia":[{"embeddable":true,"href":"https:\/\/www.nenuphar.com\/en\/wp-json\/wp\/v2\/media\/1673"}],"wp:attachment":[{"href":"https:\/\/www.nenuphar.com\/en\/wp-json\/wp\/v2\/media?parent=1637"}],"wp:term":[{"taxonomy":"product_brand","embeddable":true,"href":"https:\/\/www.nenuphar.com\/en\/wp-json\/wp\/v2\/product_brand?post=1637"},{"taxonomy":"product_cat","embeddable":true,"href":"https:\/\/www.nenuphar.com\/en\/wp-json\/wp\/v2\/product_cat?post=1637"},{"taxonomy":"product_tag","embeddable":true,"href":"https:\/\/www.nenuphar.com\/en\/wp-json\/wp\/v2\/product_tag?post=1637"}],"curies":[{"name":"wp","href":"https:\/\/api.w.org\/{rel}","templated":true}]}}