{"id":1648,"date":"2026-01-05T16:28:53","date_gmt":"2026-01-05T16:28:53","guid":{"rendered":"https:\/\/nen.kmkoncept.fr\/?post_type=product&#038;p=1648"},"modified":"2026-04-28T07:28:22","modified_gmt":"2026-04-28T07:28:22","slug":"trampoline-compat-kl-15-5-soude-mesh-pvc","status":"publish","type":"product","link":"https:\/\/www.nenuphar.com\/en\/shop\/series\/catamarans-series\/kl\/kl-155\/trampoline-compat-kl-15-5-soude-mesh-pvc\/","title":{"rendered":"Trampoline compatible KL 15.5 \u2013 welded PVC mesh"},"content":{"rendered":"<p>Compatible trampoline for KL 15.5\u00ae<\/p>\n<p>Made in France from 1100 Dtex polyester mesh fabric coated with PVC on both sides.<\/p>\n<p>Black color.<\/p>\n<p>Also available in tarpaulin fabric: see reference 30129.<\/p>","protected":false},"excerpt":{"rendered":"<p>This is a strong trampoline for KL 15.5 Made in Mesh PVC Color: black Also available in plain fabric: see reference 30129<\/p>","protected":false},"featured_media":1696,"template":"","meta":{"_acf_changed":false,"_uag_custom_page_level_css":""},"product_brand":[430],"product_cat":[274,97],"product_tag":[541],"class_list":{"0":"post-1648","1":"product","2":"type-product","3":"status-publish","4":"has-post-thumbnail","6":"product_brand-nenuphar","7":"product_cat-kl-155","8":"product_cat-trampolines-filet-mesh","9":"product_tag-kl-15-5","11":"first","12":"onbackorder","13":"taxable","14":"shipping-taxable","15":"purchasable","16":"product-type-simple"},"acf":[],"aioseo_notices":[],"uagb_featured_image_src":{"full":["https:\/\/www.nenuphar.com\/wp-content\/uploads\/2026\/01\/3171-scaled.jpg",2560,1352,false],"thumbnail":["https:\/\/www.nenuphar.com\/wp-content\/uploads\/2026\/01\/3171-150x150.jpg",150,150,true],"medium":["https:\/\/www.nenuphar.com\/wp-content\/uploads\/2026\/01\/3171-300x158.jpg",300,158,true],"medium_large":["https:\/\/www.nenuphar.com\/wp-content\/uploads\/2026\/01\/3171-768x406.jpg",768,406,true],"large":["https:\/\/www.nenuphar.com\/wp-content\/uploads\/2026\/01\/3171-1024x541.jpg",1024,541,true],"1536x1536":["https:\/\/www.nenuphar.com\/wp-content\/uploads\/2026\/01\/3171-1536x811.jpg",1536,811,true],"2048x2048":["https:\/\/www.nenuphar.com\/wp-content\/uploads\/2026\/01\/3171-2048x1081.jpg",2048,1081,true],"trp-custom-language-flag":["https:\/\/www.nenuphar.com\/wp-content\/uploads\/2026\/01\/3171-scaled.jpg",18,10,false],"woocommerce_thumbnail":["https:\/\/www.nenuphar.com\/wp-content\/uploads\/2026\/01\/3171-300x300.jpg",300,300,true],"woocommerce_single":["https:\/\/www.nenuphar.com\/wp-content\/uploads\/2026\/01\/3171-600x317.jpg",600,317,true],"woocommerce_gallery_thumbnail":["https:\/\/www.nenuphar.com\/wp-content\/uploads\/2026\/01\/3171-100x100.jpg",100,100,true]},"uagb_author_info":{"display_name":"Karine","author_link":"https:\/\/www.nenuphar.com\/en\/author\/"},"uagb_comment_info":0,"uagb_excerpt":"Trampoline compatible pour KL 15.5\u00ae Fabriqu\u00e9 en France dans un tissu mesh polyester 1100 Dtex enduit PVC sur les 2 faces. Coloris noir Existe aussi en tissu b\u00e2che: voir r\u00e9f\u00e9rence 30129","_links":{"self":[{"href":"https:\/\/www.nenuphar.com\/en\/wp-json\/wp\/v2\/product\/1648","targetHints":{"allow":["GET"]}}],"collection":[{"href":"https:\/\/www.nenuphar.com\/en\/wp-json\/wp\/v2\/product"}],"about":[{"href":"https:\/\/www.nenuphar.com\/en\/wp-json\/wp\/v2\/types\/product"}],"wp:featuredmedia":[{"embeddable":true,"href":"https:\/\/www.nenuphar.com\/en\/wp-json\/wp\/v2\/media\/1696"}],"wp:attachment":[{"href":"https:\/\/www.nenuphar.com\/en\/wp-json\/wp\/v2\/media?parent=1648"}],"wp:term":[{"taxonomy":"product_brand","embeddable":true,"href":"https:\/\/www.nenuphar.com\/en\/wp-json\/wp\/v2\/product_brand?post=1648"},{"taxonomy":"product_cat","embeddable":true,"href":"https:\/\/www.nenuphar.com\/en\/wp-json\/wp\/v2\/product_cat?post=1648"},{"taxonomy":"product_tag","embeddable":true,"href":"https:\/\/www.nenuphar.com\/en\/wp-json\/wp\/v2\/product_tag?post=1648"}],"curies":[{"name":"wp","href":"https:\/\/api.w.org\/{rel}","templated":true}]}}