{"id":1652,"date":"2026-01-05T16:28:53","date_gmt":"2026-01-05T16:28:53","guid":{"rendered":"https:\/\/nen.kmkoncept.fr\/?post_type=product&#038;p=1652"},"modified":"2026-04-28T07:28:23","modified_gmt":"2026-04-28T07:28:23","slug":"trampoline-compat-kl-13-5-soude-mesh-pvc","status":"publish","type":"product","link":"https:\/\/www.nenuphar.com\/en\/shop\/series\/catamarans-series\/kl\/kl-135\/trampoline-compat-kl-13-5-soude-mesh-pvc\/","title":{"rendered":"TRAMPOLINE COMPAT KL 13.5 &#8211; SOUDE MESH PVC"},"content":{"rendered":"<p>This trampoline is made in a strong mesh polyester with PVC enduction, Please, have a look to the drawing attached below to be sure this is suitable for your boat\u00a0<\/p>","protected":false},"excerpt":{"rendered":"<p>Ce trampoline compatible pour KL 13.5 est r\u00e9alis\u00e9 en mesh noir.<\/p>\n<p>Il s&rsquo;agit d&rsquo;une grille de fils polyester 1100 dtex haute t\u00e9nacit\u00e9 multifilaments, enduit PVC sur les 2 faces.<\/p>\n<p>Poids: 430 g\/m\u00b2.<\/p>\n<p>Strength:<\/p>\n<p>Dans la chaine: 250 daN\/5cm<\/p>\n<p>Dans la trame: 270 daN\/5cm<\/p>\n<p>Fabric made in Europe.<\/p>","protected":false},"featured_media":1706,"template":"","meta":{"_acf_changed":false,"_uag_custom_page_level_css":""},"product_brand":[430],"product_cat":[271,97],"product_tag":[538],"class_list":{"0":"post-1652","1":"product","2":"type-product","3":"status-publish","4":"has-post-thumbnail","6":"product_brand-nenuphar","7":"product_cat-kl-135","8":"product_cat-trampolines-filet-mesh","9":"product_tag-kl-13-5","11":"first","12":"onbackorder","13":"taxable","14":"shipping-taxable","15":"purchasable","16":"product-type-simple"},"acf":[],"aioseo_notices":[],"uagb_featured_image_src":{"full":["https:\/\/www.nenuphar.com\/wp-content\/uploads\/2026\/01\/2893-scaled.jpg",2560,1920,false],"thumbnail":["https:\/\/www.nenuphar.com\/wp-content\/uploads\/2026\/01\/2893-150x150.jpg",150,150,true],"medium":["https:\/\/www.nenuphar.com\/wp-content\/uploads\/2026\/01\/2893-300x225.jpg",300,225,true],"medium_large":["https:\/\/www.nenuphar.com\/wp-content\/uploads\/2026\/01\/2893-768x576.jpg",768,576,true],"large":["https:\/\/www.nenuphar.com\/wp-content\/uploads\/2026\/01\/2893-1024x768.jpg",1024,768,true],"1536x1536":["https:\/\/www.nenuphar.com\/wp-content\/uploads\/2026\/01\/2893-1536x1152.jpg",1536,1152,true],"2048x2048":["https:\/\/www.nenuphar.com\/wp-content\/uploads\/2026\/01\/2893-2048x1536.jpg",2048,1536,true],"trp-custom-language-flag":["https:\/\/www.nenuphar.com\/wp-content\/uploads\/2026\/01\/2893-scaled.jpg",16,12,false],"woocommerce_thumbnail":["https:\/\/www.nenuphar.com\/wp-content\/uploads\/2026\/01\/2893-300x300.jpg",300,300,true],"woocommerce_single":["https:\/\/www.nenuphar.com\/wp-content\/uploads\/2026\/01\/2893-600x450.jpg",600,450,true],"woocommerce_gallery_thumbnail":["https:\/\/www.nenuphar.com\/wp-content\/uploads\/2026\/01\/2893-100x100.jpg",100,100,true]},"uagb_author_info":{"display_name":"Karine","author_link":"https:\/\/www.nenuphar.com\/en\/author\/"},"uagb_comment_info":0,"uagb_excerpt":"Ce trampoline compatible pour KL 13.5 est r\u00e9alis\u00e9 en mesh noir. Il s'agit d'une grille de fils polyester 1100 dtex haute t\u00e9nacit\u00e9 multifilaments, enduit PVC sur les 2 faces. Poids: 430 g\/m\u00b2. R\u00e9sistance: Dans la chaine: 250 daN\/5cm Dans la trame: 270 daN\/5cm Tissu fabriqu\u00e9 en Europe","_links":{"self":[{"href":"https:\/\/www.nenuphar.com\/en\/wp-json\/wp\/v2\/product\/1652","targetHints":{"allow":["GET"]}}],"collection":[{"href":"https:\/\/www.nenuphar.com\/en\/wp-json\/wp\/v2\/product"}],"about":[{"href":"https:\/\/www.nenuphar.com\/en\/wp-json\/wp\/v2\/types\/product"}],"wp:featuredmedia":[{"embeddable":true,"href":"https:\/\/www.nenuphar.com\/en\/wp-json\/wp\/v2\/media\/1706"}],"wp:attachment":[{"href":"https:\/\/www.nenuphar.com\/en\/wp-json\/wp\/v2\/media?parent=1652"}],"wp:term":[{"taxonomy":"product_brand","embeddable":true,"href":"https:\/\/www.nenuphar.com\/en\/wp-json\/wp\/v2\/product_brand?post=1652"},{"taxonomy":"product_cat","embeddable":true,"href":"https:\/\/www.nenuphar.com\/en\/wp-json\/wp\/v2\/product_cat?post=1652"},{"taxonomy":"product_tag","embeddable":true,"href":"https:\/\/www.nenuphar.com\/en\/wp-json\/wp\/v2\/product_tag?post=1652"}],"curies":[{"name":"wp","href":"https:\/\/api.w.org\/{rel}","templated":true}]}}