{"id":1662,"date":"2026-01-05T16:29:15","date_gmt":"2026-01-05T16:29:15","guid":{"rendered":"https:\/\/nen.kmkoncept.fr\/?post_type=product&#038;p=1662"},"modified":"2026-04-28T07:28:25","modified_gmt":"2026-04-28T07:28:25","slug":"trampoline-compat-mystere-5-0-xl-2","status":"publish","type":"product","link":"https:\/\/www.nenuphar.com\/en\/shop\/navigation\/trampolines\/trampolines-filet-mesh\/trampoline-compat-mystere-5-0-xl-2\/","title":{"rendered":"TRAMPOLINE COMPAT MYSTERE 5.0 &#8211; XL SOUDE MESH PVC"},"content":{"rendered":"<p>Trampoline pour Myst\u00e8re 5.0 XL compatible<\/p>\n<p>Fabriqu\u00e9 en France dans nos ateliers, en mesh noir 1100dtex haute t\u00e9nacit\u00e9 multifilaments, enduit PVC 2 faces, 430g\/m\u00b2<\/p>\n<p>Ce trampoline \u00e9tant rare, il est uniquement fabriqu\u00e9 \u00e0 la demande, et n&rsquo;est ni repris, ni \u00e9chang\u00e9. V\u00e9rifiez bien le plan pour vous assurer qu&rsquo;il correspond bien \u00e0 votre bateau avant de commander.<\/p>","protected":false},"excerpt":{"rendered":"<p>Trampoline pour Myst\u00e8re 5.0 XL compatible Fabriqu\u00e9 en France dans nos ateliers, en mesh noir 1100dtex haute t\u00e9nacit\u00e9 multifilaments, enduit PVC 2 faces, 430g\/m\u00b2 Ce trampoline \u00e9tant rare, il est uniquement fabriqu\u00e9 \u00e0 la demande, et n&rsquo;est ni repris, ni \u00e9chang\u00e9. V\u00e9rifiez bien le plan pour vous assurer qu&rsquo;il correspond bien \u00e0 votre bateau avant [&hellip;]<\/p>\n","protected":false},"featured_media":1716,"template":"","meta":{"_acf_changed":false,"_uag_custom_page_level_css":""},"product_brand":[],"product_cat":[97],"product_tag":[],"class_list":{"0":"post-1662","1":"product","2":"type-product","3":"status-publish","4":"has-post-thumbnail","6":"product_cat-trampolines-filet-mesh","8":"first","9":"onbackorder","10":"taxable","11":"shipping-taxable","12":"purchasable","13":"product-type-simple"},"acf":[],"aioseo_notices":[],"uagb_featured_image_src":{"full":["https:\/\/www.nenuphar.com\/wp-content\/uploads\/2026\/01\/2646-scaled.jpg",2560,1920,false],"thumbnail":["https:\/\/www.nenuphar.com\/wp-content\/uploads\/2026\/01\/2646-150x150.jpg",150,150,true],"medium":["https:\/\/www.nenuphar.com\/wp-content\/uploads\/2026\/01\/2646-300x225.jpg",300,225,true],"medium_large":["https:\/\/www.nenuphar.com\/wp-content\/uploads\/2026\/01\/2646-768x576.jpg",768,576,true],"large":["https:\/\/www.nenuphar.com\/wp-content\/uploads\/2026\/01\/2646-1024x768.jpg",1024,768,true],"1536x1536":["https:\/\/www.nenuphar.com\/wp-content\/uploads\/2026\/01\/2646-1536x1152.jpg",1536,1152,true],"2048x2048":["https:\/\/www.nenuphar.com\/wp-content\/uploads\/2026\/01\/2646-2048x1536.jpg",2048,1536,true],"trp-custom-language-flag":["https:\/\/www.nenuphar.com\/wp-content\/uploads\/2026\/01\/2646-scaled.jpg",16,12,false],"woocommerce_thumbnail":["https:\/\/www.nenuphar.com\/wp-content\/uploads\/2026\/01\/2646-300x300.jpg",300,300,true],"woocommerce_single":["https:\/\/www.nenuphar.com\/wp-content\/uploads\/2026\/01\/2646-600x450.jpg",600,450,true],"woocommerce_gallery_thumbnail":["https:\/\/www.nenuphar.com\/wp-content\/uploads\/2026\/01\/2646-100x100.jpg",100,100,true]},"uagb_author_info":{"display_name":"Karine","author_link":"https:\/\/www.nenuphar.com\/en\/author\/"},"uagb_comment_info":0,"uagb_excerpt":"Trampoline pour Myst\u00e8re 5.0 XL compatible Fabriqu\u00e9 en France dans nos ateliers, en mesh noir 1100dtex haute t\u00e9nacit\u00e9 multifilaments, enduit PVC 2 faces, 430g\/m\u00b2 Ce trampoline \u00e9tant rare, il est uniquement fabriqu\u00e9 \u00e0 la demande, et n&rsquo;est ni repris, ni \u00e9chang\u00e9. V\u00e9rifiez bien le plan pour vous assurer qu&rsquo;il correspond bien \u00e0 votre bateau avant&hellip;","_links":{"self":[{"href":"https:\/\/www.nenuphar.com\/en\/wp-json\/wp\/v2\/product\/1662","targetHints":{"allow":["GET"]}}],"collection":[{"href":"https:\/\/www.nenuphar.com\/en\/wp-json\/wp\/v2\/product"}],"about":[{"href":"https:\/\/www.nenuphar.com\/en\/wp-json\/wp\/v2\/types\/product"}],"wp:featuredmedia":[{"embeddable":true,"href":"https:\/\/www.nenuphar.com\/en\/wp-json\/wp\/v2\/media\/1716"}],"wp:attachment":[{"href":"https:\/\/www.nenuphar.com\/en\/wp-json\/wp\/v2\/media?parent=1662"}],"wp:term":[{"taxonomy":"product_brand","embeddable":true,"href":"https:\/\/www.nenuphar.com\/en\/wp-json\/wp\/v2\/product_brand?post=1662"},{"taxonomy":"product_cat","embeddable":true,"href":"https:\/\/www.nenuphar.com\/en\/wp-json\/wp\/v2\/product_cat?post=1662"},{"taxonomy":"product_tag","embeddable":true,"href":"https:\/\/www.nenuphar.com\/en\/wp-json\/wp\/v2\/product_tag?post=1662"}],"curies":[{"name":"wp","href":"https:\/\/api.w.org\/{rel}","templated":true}]}}