{"id":1691,"date":"2026-01-05T16:30:53","date_gmt":"2026-01-05T16:30:53","guid":{"rendered":"https:\/\/nen.kmkoncept.fr\/?post_type=product&#038;p=1691"},"modified":"2026-04-28T07:28:26","modified_gmt":"2026-04-28T07:28:26","slug":"trampoline-compat-nc-f1-f2-apres-1999-soude-mesh-pvc","status":"publish","type":"product","link":"https:\/\/www.nenuphar.com\/en\/shop\/series\/catamarans-series\/new-cat\/nc-f1\/trampoline-compat-nc-f1-f2-apres-1999-soude-mesh-pvc\/","title":{"rendered":"TRAMPOLINE COMPAT NC F1\/F2 &#8211; APRES 1999 SOUDE MESH PVC"},"content":{"rendered":"<p>Trampoline en filet mesh adaptable pour trampoline de new cat F1 ou New Cat F2 apr\u00e8s 1999:<\/p>\n<p>mod\u00e8le \u00e0 ralingues.<\/p>","protected":false},"excerpt":{"rendered":"<p>This trampoline is available for Newcat\u00ae F1 or Newcat\u00ae F2, It is made in a strong mesh polyester 1100 Dtex Fabric weight: 700g\/m\u00b2 240 daN \/ 5cm x 250 daN \/ 5cm For F1 &amp; F2 since year 2000. Please, read the drawing to see if it fits to your own boat<\/p>","protected":false},"featured_media":1741,"template":"","meta":{"_acf_changed":false,"_uag_custom_page_level_css":""},"product_brand":[430],"product_cat":[289,290,97],"product_tag":[563,564,555],"class_list":{"0":"post-1691","1":"product","2":"type-product","3":"status-publish","4":"has-post-thumbnail","6":"product_brand-nenuphar","7":"product_cat-nc-f1","8":"product_cat-nc-f2","9":"product_cat-trampolines-filet-mesh","10":"product_tag-nc-f1","11":"product_tag-nc-f2","12":"product_tag-new-cat","14":"first","15":"instock","16":"taxable","17":"shipping-taxable","18":"purchasable","19":"product-type-simple"},"acf":[],"aioseo_notices":[],"uagb_featured_image_src":{"full":["https:\/\/www.nenuphar.com\/wp-content\/uploads\/2026\/01\/2992-scaled.jpg",2560,1920,false],"thumbnail":["https:\/\/www.nenuphar.com\/wp-content\/uploads\/2026\/01\/2992-150x150.jpg",150,150,true],"medium":["https:\/\/www.nenuphar.com\/wp-content\/uploads\/2026\/01\/2992-300x225.jpg",300,225,true],"medium_large":["https:\/\/www.nenuphar.com\/wp-content\/uploads\/2026\/01\/2992-768x576.jpg",768,576,true],"large":["https:\/\/www.nenuphar.com\/wp-content\/uploads\/2026\/01\/2992-1024x768.jpg",1024,768,true],"1536x1536":["https:\/\/www.nenuphar.com\/wp-content\/uploads\/2026\/01\/2992-1536x1152.jpg",1536,1152,true],"2048x2048":["https:\/\/www.nenuphar.com\/wp-content\/uploads\/2026\/01\/2992-2048x1536.jpg",2048,1536,true],"trp-custom-language-flag":["https:\/\/www.nenuphar.com\/wp-content\/uploads\/2026\/01\/2992-scaled.jpg",16,12,false],"woocommerce_thumbnail":["https:\/\/www.nenuphar.com\/wp-content\/uploads\/2026\/01\/2992-300x300.jpg",300,300,true],"woocommerce_single":["https:\/\/www.nenuphar.com\/wp-content\/uploads\/2026\/01\/2992-600x450.jpg",600,450,true],"woocommerce_gallery_thumbnail":["https:\/\/www.nenuphar.com\/wp-content\/uploads\/2026\/01\/2992-100x100.jpg",100,100,true]},"uagb_author_info":{"display_name":"Karine","author_link":"https:\/\/www.nenuphar.com\/en\/author\/"},"uagb_comment_info":0,"uagb_excerpt":"Trampoline en filet mesh adaptable pour trampoline de new cat F1 ou New Cat F2 apr\u00e8s 1999: mod\u00e8le \u00e0 ralingues.","_links":{"self":[{"href":"https:\/\/www.nenuphar.com\/en\/wp-json\/wp\/v2\/product\/1691","targetHints":{"allow":["GET"]}}],"collection":[{"href":"https:\/\/www.nenuphar.com\/en\/wp-json\/wp\/v2\/product"}],"about":[{"href":"https:\/\/www.nenuphar.com\/en\/wp-json\/wp\/v2\/types\/product"}],"wp:featuredmedia":[{"embeddable":true,"href":"https:\/\/www.nenuphar.com\/en\/wp-json\/wp\/v2\/media\/1741"}],"wp:attachment":[{"href":"https:\/\/www.nenuphar.com\/en\/wp-json\/wp\/v2\/media?parent=1691"}],"wp:term":[{"taxonomy":"product_brand","embeddable":true,"href":"https:\/\/www.nenuphar.com\/en\/wp-json\/wp\/v2\/product_brand?post=1691"},{"taxonomy":"product_cat","embeddable":true,"href":"https:\/\/www.nenuphar.com\/en\/wp-json\/wp\/v2\/product_cat?post=1691"},{"taxonomy":"product_tag","embeddable":true,"href":"https:\/\/www.nenuphar.com\/en\/wp-json\/wp\/v2\/product_tag?post=1691"}],"curies":[{"name":"wp","href":"https:\/\/api.w.org\/{rel}","templated":true}]}}